{"id":1197,"date":"2022-03-31T20:24:30","date_gmt":"2022-03-31T20:24:30","guid":{"rendered":"http:\/\/novo.aeabadebacal.pt:8083\/?page_id=1197"},"modified":"2024-11-21T22:09:00","modified_gmt":"2024-11-21T22:09:00","slug":"centro-qualifica","status":"publish","type":"page","link":"https:\/\/www.aeabadebacal.pt\/index.php\/centro-qualifica\/","title":{"rendered":"Centro Qualifica"},"content":{"rendered":"\t\t<div data-elementor-type=\"wp-page\" data-elementor-id=\"1197\" class=\"elementor elementor-1197\" data-elementor-settings=\"{&quot;ha_cmc_init_switcher&quot;:&quot;no&quot;}\">\n\t\t\t\t\t\t<section class=\"elementor-section elementor-top-section elementor-element elementor-element-0eedfd0 elementor-section-full_width elementor-section-height-default elementor-section-height-default\" data-id=\"0eedfd0\" data-element_type=\"section\" data-settings=\"{&quot;background_background&quot;:&quot;classic&quot;,&quot;_ha_eqh_enable&quot;:false}\">\n\t\t\t\t\t\t<div class=\"elementor-container elementor-column-gap-default\">\n\t\t\t\t\t<div class=\"elementor-column elementor-col-100 elementor-top-column elementor-element elementor-element-02e03c9\" data-id=\"02e03c9\" data-element_type=\"column\">\n\t\t\t<div class=\"elementor-widget-wrap elementor-element-populated\">\n\t\t\t\t\t\t<div class=\"elementor-element elementor-element-b28a1a4 elementor-widget elementor-widget-text-editor\" data-id=\"b28a1a4\" data-element_type=\"widget\" data-widget_type=\"text-editor.default\">\n\t\t\t\t<div class=\"elementor-widget-container\">\n\t\t\t\t\t\t\t\t\t<h1 style=\"text-align: center;\"><span style=\"color: #0000ff;\"><strong>Centro Qualifica<\/strong><\/span><\/h1>\t\t\t\t\t\t\t\t<\/div>\n\t\t\t\t<\/div>\n\t\t\t\t\t<\/div>\n\t\t<\/div>\n\t\t\t\t\t<\/div>\n\t\t<\/section>\n\t\t<div class=\"elementor-element elementor-element-00df6c1 e-flex e-con-boxed e-con e-parent\" data-id=\"00df6c1\" data-element_type=\"container\" data-settings=\"{&quot;_ha_eqh_enable&quot;:false}\">\n\t\t\t\t\t<div class=\"e-con-inner\">\n\t\t<div class=\"elementor-element elementor-element-cd9bad2 e-con-full e-flex e-con e-child\" data-id=\"cd9bad2\" data-element_type=\"container\" data-settings=\"{&quot;_ha_eqh_enable&quot;:false}\">\n\t\t\t\t<div class=\"elementor-element elementor-element-ba26cdf elementor-widget elementor-widget-text-editor\" data-id=\"ba26cdf\" data-element_type=\"widget\" data-widget_type=\"text-editor.default\">\n\t\t\t\t<div class=\"elementor-widget-container\">\n\t\t\t\t\t\t\t\t\t<p>A cria\u00e7\u00e3o e regime de organiza\u00e7\u00e3o e funcionamento dos Centros Qualifica (CQ) surge com a Portaria n.\u00ba 232\/2016 de 29 de agosto que revoga a Portaria n.\u00ba 135 -A\/2013, de 28 de mar\u00e7o, que por sua vez tinha dado origem \u00e0 cria\u00e7\u00e3o e regime de organiza\u00e7\u00e3o e funcionamento dos Centros para a Qualifica\u00e7\u00e3o e o Ensino Profissional (CQEP). Na sequ\u00eancia da publica\u00e7\u00e3o desta \u00faltima portaria \u00e9 publicado o\u00a0<strong>despacho n.\u00ba 1452\/ 2014, de 29 de Janeiro<\/strong>, que determina, no seu ponto 1, o seguinte:<\/p><p>\u201c<em>\u00c9 autorizado o funcionamento do CQEP promovido pelo Agrupamento de Escolas Abade de Ba\u00e7al, na NUT III do Alto Tr\u00e1s-os-Montes, com \u00e2mbito de atividade estabelecido nas al\u00edneas a), b), e d) do artigo 2.\u00ba da Portaria n.\u00ba 135 -A\/2013, de 28 de mar\u00e7o, e com as atribui\u00e7\u00f5es estabelecidas nas al\u00edneas a), b), c), d), e) e f) do artigo 3.\u00ba da mesma portaria e nos termos definidos no Anexo I ao presente despacho\u201d<\/em>.<\/p><p>Se oficialmente o Centro Qualifica (antes Centro para a Qualifica\u00e7\u00e3o e o Ensino Profissional), foi criado em 29 de janeiro de 2014, na realidade Nom Agrupamento Abade de Ba\u00e7al inicia a sua atividade em\u00a0<strong>28 de Mar\u00e7o de 2014.<\/strong><\/p><p>A altera\u00e7\u00e3o de nomenclatura e log\u00f3tipo n\u00e3o produziram nenhuma altera\u00e7\u00e3o significativa de conte\u00fado nesta mudan\u00e7a de CQEP para CQ mas ganhou se em imagem e visibilidade pela intensa campanha de marketing que esteve associada ao seu lan\u00e7amento.<\/p><p><a href=\"https:\/\/www.qualifica.gov.pt\/#\/programaQualifica\" target=\"_blank\" rel=\"noopener\"><strong>Programa Qualifica &#8211; O que \u00e9 o Programa Qualifica?<\/strong>\u00a0Ler mais&#8230;<\/a><\/p><p>De resto, continuamos como at\u00e9 aqui. Recetivos e determinados para o(a) ajudar a encontrar o seu caminho.<\/p><p>Se necessita de melhorar a sua qualifica\u00e7\u00e3o ou se n\u00e3o sabe qual a oferta formativa mais adequada para si, procure-nos. N\u00f3s estamos sempre dispon\u00edveis para o aconselhar.\u00a0<strong>Aqui na sede do Agrupamento de Escolas Abade de Ba\u00e7al, em Bragan\u00e7a<\/strong>.<\/p><p>N\u00f3s acolhemos, orientamos, encaminhamos, validamos e certificamos as suas compet\u00eancias. Temos \u00e0 sua disposi\u00e7\u00e3o o processo de Reconhecimento, Valida\u00e7\u00e3o e Certifica\u00e7\u00e3o de Compet\u00eancias (RVCC) e o curso EFA para todos aqueles que necessitem de concluir o n\u00edvel secund\u00e1rio.<\/p><p>N\u00e3o hesite, venha da\u00ed. Pode come\u00e7ar por ligar\u00a0<strong>273 322 163<\/strong><\/p><p>O coordenador\u00a0<\/p><p>Centro Qualifica da ESAB<\/p><p>(Manuel Norberto Trindade)<\/p>\t\t\t\t\t\t\t\t<\/div>\n\t\t\t\t<\/div>\n\t\t\t\t<\/div>\n\t\t<div class=\"elementor-element elementor-element-b330c8f e-con-full e-flex e-con e-child\" data-id=\"b330c8f\" data-element_type=\"container\" data-settings=\"{&quot;_ha_eqh_enable&quot;:false}\">\n\t\t\t\t<div class=\"elementor-element elementor-element-5a707c4 elementor-widget elementor-widget-image\" data-id=\"5a707c4\" data-element_type=\"widget\" data-widget_type=\"image.default\">\n\t\t\t\t<div class=\"elementor-widget-container\">\n\t\t\t\t\t\t\t\t\t\t\t\t\t\t\t<img fetchpriority=\"high\" decoding=\"async\" width=\"645\" height=\"912\" src=\"https:\/\/www.aeabadebacal.pt\/wp-content\/uploads\/2024\/11\/cartaz-qualifica.jpeg\" class=\"attachment-large size-large wp-image-8978\" alt=\"\" srcset=\"https:\/\/www.aeabadebacal.pt\/wp-content\/uploads\/2024\/11\/cartaz-qualifica.jpeg 645w, https:\/\/www.aeabadebacal.pt\/wp-content\/uploads\/2024\/11\/cartaz-qualifica-212x300.jpeg 212w, https:\/\/www.aeabadebacal.pt\/wp-content\/uploads\/2024\/11\/cartaz-qualifica-200x283.jpeg 200w\" sizes=\"(max-width: 645px) 100vw, 645px\" \/>\t\t\t\t\t\t\t\t\t\t\t\t\t\t\t<\/div>\n\t\t\t\t<\/div>\n\t\t\t\t<\/div>\n\t\t\t\t\t<\/div>\n\t\t\t\t<\/div>\n\t\t\t\t<section class=\"elementor-section elementor-top-section elementor-element elementor-element-b1b82bc elementor-section-boxed elementor-section-height-default elementor-section-height-default\" data-id=\"b1b82bc\" data-element_type=\"section\" data-settings=\"{&quot;_ha_eqh_enable&quot;:false}\">\n\t\t\t\t\t\t<div class=\"elementor-container elementor-column-gap-default\">\n\t\t\t\t\t<div class=\"elementor-column elementor-col-50 elementor-top-column elementor-element elementor-element-0e4ff67\" data-id=\"0e4ff67\" data-element_type=\"column\" data-settings=\"{&quot;background_background&quot;:&quot;classic&quot;}\">\n\t\t\t<div class=\"elementor-widget-wrap elementor-element-populated\">\n\t\t\t\t\t\t<div class=\"elementor-element elementor-element-cb623da elementor-widget elementor-widget-text-editor\" data-id=\"cb623da\" data-element_type=\"widget\" data-widget_type=\"text-editor.default\">\n\t\t\t\t<div class=\"elementor-widget-container\">\n\t\t\t\t\t\t\t\t\t<h4><strong>O QUE S\u00c3O?<\/strong><\/h4><p style=\"text-align: left;\"><span style=\"color: #000000;\">Os CQ s\u00e3o estruturas do Sistema Nacional de Qualifica\u00e7\u00f5es e assumem um papel determinante na constru\u00e7\u00e3o de pontes entre os mundos da educa\u00e7\u00e3o, da forma\u00e7\u00e3o e do emprego, numa perspetiva de aprendizagem ao longo da vida.<\/span><\/p>\t\t\t\t\t\t\t\t<\/div>\n\t\t\t\t<\/div>\n\t\t\t\t\t<\/div>\n\t\t<\/div>\n\t\t\t\t<div class=\"elementor-column elementor-col-50 elementor-top-column elementor-element elementor-element-1d5b434\" data-id=\"1d5b434\" data-element_type=\"column\" data-settings=\"{&quot;background_background&quot;:&quot;classic&quot;}\">\n\t\t\t<div class=\"elementor-widget-wrap elementor-element-populated\">\n\t\t\t\t\t\t<div class=\"elementor-element elementor-element-6d9cca0 elementor-widget elementor-widget-text-editor\" data-id=\"6d9cca0\" data-element_type=\"widget\" data-widget_type=\"text-editor.default\">\n\t\t\t\t<div class=\"elementor-widget-container\">\n\t\t\t\t\t\t\t\t\t<h4><strong>PARA QUEM?<\/strong><\/h4><p><span style=\"color: #000000;\">\u00a0A atividade do CQ dirige-se \u00e0 orienta\u00e7\u00e3o e encaminhamento de adultos para ofertas de ensino e forma\u00e7\u00e3o profissionais e o desenvolvimento de processos de reconhecimento, valida\u00e7\u00e3o e certifica\u00e7\u00e3o de compet\u00eancias (RVCC) de forma \u00e0 sua integra\u00e7\u00e3o qualificada no mercado de emprego.<\/span><\/p><p><span style=\"color: #000000;\">Estes Centros encontram-se igualmente vocacionados para dar resposta aos ativos com necessidades de atualiza\u00e7\u00e3o e reconvers\u00e3o profissional com o objetivo da melhoria das suas compet\u00eancias e dos seus n\u00edveis de qualifica\u00e7\u00e3o, de modo a contribuir para o aumento da sua empregabilidade<\/span><\/p>\t\t\t\t\t\t\t\t<\/div>\n\t\t\t\t<\/div>\n\t\t\t\t\t<\/div>\n\t\t<\/div>\n\t\t\t\t\t<\/div>\n\t\t<\/section>\n\t\t\t\t<section class=\"elementor-section elementor-top-section elementor-element elementor-element-913d061 elementor-section-boxed elementor-section-height-default elementor-section-height-default\" data-id=\"913d061\" data-element_type=\"section\" data-settings=\"{&quot;_ha_eqh_enable&quot;:false}\">\n\t\t\t\t\t\t<div class=\"elementor-container elementor-column-gap-default\">\n\t\t\t\t\t<div class=\"elementor-column elementor-col-100 elementor-top-column elementor-element elementor-element-1ccd2b7\" data-id=\"1ccd2b7\" data-element_type=\"column\">\n\t\t\t<div class=\"elementor-widget-wrap elementor-element-populated\">\n\t\t\t\t\t\t<div class=\"elementor-element elementor-element-ba8fb43 elementor-widget elementor-widget-text-editor\" data-id=\"ba8fb43\" data-element_type=\"widget\" data-widget_type=\"text-editor.default\">\n\t\t\t\t<div class=\"elementor-widget-container\">\n\t\t\t\t\t\t\t\t\t<h6><strong>QUE LIGA\u00c7\u00d5ES ESTABELECEM NO TERRENO?<\/strong><\/h6>\t\t\t\t\t\t\t\t<\/div>\n\t\t\t\t<\/div>\n\t\t\t\t\t<\/div>\n\t\t<\/div>\n\t\t\t\t\t<\/div>\n\t\t<\/section>\n\t\t\t\t<section class=\"elementor-section elementor-top-section elementor-element elementor-element-cbc0e57 elementor-section-boxed elementor-section-height-default elementor-section-height-default\" data-id=\"cbc0e57\" data-element_type=\"section\" data-settings=\"{&quot;_ha_eqh_enable&quot;:false}\">\n\t\t\t\t\t\t<div class=\"elementor-container elementor-column-gap-default\">\n\t\t\t\t\t<div class=\"elementor-column elementor-col-100 elementor-top-column elementor-element elementor-element-a5de4b9\" data-id=\"a5de4b9\" data-element_type=\"column\" data-settings=\"{&quot;background_background&quot;:&quot;classic&quot;}\">\n\t\t\t<div class=\"elementor-widget-wrap elementor-element-populated\">\n\t\t\t\t\t\t<div class=\"elementor-element elementor-element-4d93103 elementor-widget elementor-widget-text-editor\" data-id=\"4d93103\" data-element_type=\"widget\" data-widget_type=\"text-editor.default\">\n\t\t\t\t<div class=\"elementor-widget-container\">\n\t\t\t\t\t\t\t\t\t<p><span style=\"color: #000000;\">Os <strong>CQ<\/strong> operam em rede e em parceria, de modo flex\u00edvel, com diversas entidades<\/span><\/p><p><span style=\"color: #000000;\">&#8211; Entidades formadoras (escolas, centros de forma\u00e7\u00e3o, entidades certificadas);<\/span><\/p><p><span style=\"color: #000000;\">&#8211; Rede social e solid\u00e1ria;<\/span><\/p><p><span style=\"color: #000000;\">&#8211; Munic\u00edpios;<\/span><\/p><p><span style=\"color: #000000;\">&#8211; Associa\u00e7\u00f5es;<\/span><\/p><p><span style=\"color: #000000;\">&#8211; Empregadores;<\/span><\/p><p><span style=\"color: #000000;\">Servi\u00e7os e organismos da Administra\u00e7\u00e3o P\u00fablica.<\/span><\/p><p><span style=\"color: #000000;\">A sua atua\u00e7\u00e3o desenvolve-se de modo a potenciar as sinergias existentes no terreno, com mecanismos e respostas de qualidade, numa l\u00f3gica de gest\u00e3o eficaz de meios.<\/span><\/p>\t\t\t\t\t\t\t\t<\/div>\n\t\t\t\t<\/div>\n\t\t\t\t\t<\/div>\n\t\t<\/div>\n\t\t\t\t\t<\/div>\n\t\t<\/section>\n\t\t\t\t<section class=\"elementor-section elementor-top-section elementor-element elementor-element-d01351f elementor-section-boxed elementor-section-height-default elementor-section-height-default\" data-id=\"d01351f\" data-element_type=\"section\" data-settings=\"{&quot;_ha_eqh_enable&quot;:false}\">\n\t\t\t\t\t\t<div class=\"elementor-container elementor-column-gap-default\">\n\t\t\t\t\t<div class=\"elementor-column elementor-col-33 elementor-top-column elementor-element elementor-element-9321e09\" data-id=\"9321e09\" data-element_type=\"column\">\n\t\t\t<div class=\"elementor-widget-wrap elementor-element-populated\">\n\t\t\t\t\t\t<div class=\"elementor-element elementor-element-7d2d552 elementor-widget elementor-widget-heading\" data-id=\"7d2d552\" data-element_type=\"widget\" data-widget_type=\"heading.default\">\n\t\t\t\t<div class=\"elementor-widget-container\">\n\t\t\t\t\t<h4 class=\"elementor-heading-title elementor-size-default\"><img decoding=\"async\" role=\"img\" class=\"emoji\" alt=\"\u23f0\" src=\"https:\/\/s.w.org\/images\/core\/emoji\/13.1.0\/svg\/23f0.svg\">\nHor\u00e1rio de Funcionamento<\/h4>\t\t\t\t<\/div>\n\t\t\t\t<\/div>\n\t\t\t\t\t<\/div>\n\t\t<\/div>\n\t\t\t\t<div class=\"elementor-column elementor-col-33 elementor-top-column elementor-element elementor-element-c9f6271\" data-id=\"c9f6271\" data-element_type=\"column\">\n\t\t\t<div class=\"elementor-widget-wrap elementor-element-populated\">\n\t\t\t\t\t\t<div class=\"elementor-element elementor-element-32fe0ce elementor-widget elementor-widget-text-editor\" data-id=\"32fe0ce\" data-element_type=\"widget\" data-widget_type=\"text-editor.default\">\n\t\t\t\t<div class=\"elementor-widget-container\">\n\t\t\t\t\t\t\t\t\t<h6><strong><span style=\"color: #000000;\">Per\u00edodo laboral:<\/span><\/strong><\/h6><p><span style=\"color: #000000;\">De segunda a sexta das 9.00 \u00e0s 17.00 Horas<\/span><\/p><h6><strong><span style=\"color: #000000;\">Per\u00edodo P\u00f3s-laboral:<\/span><\/strong><\/h6><p><span style=\"color: #000000;\">Das 20.30 \u00e0s 22.30 Horas \u00e0s segundas e quartas-feiras<\/span><\/p><h6><span style=\"color: #000000;\"> \u260e<\/span><span style=\"background-color: var(--ast-global-color-4);\"><span style=\"color: #000000;\">\u00a0<\/span><\/span><strong>273\u00a0322 163<\/strong><\/h6>\t\t\t\t\t\t\t\t<\/div>\n\t\t\t\t<\/div>\n\t\t\t\t\t<\/div>\n\t\t<\/div>\n\t\t\t\t<div class=\"elementor-column elementor-col-33 elementor-top-column elementor-element elementor-element-5af40a0\" data-id=\"5af40a0\" data-element_type=\"column\">\n\t\t\t<div class=\"elementor-widget-wrap elementor-element-populated\">\n\t\t\t\t\t\t<div class=\"elementor-element elementor-element-6b3c33e elementor-widget elementor-widget-button\" data-id=\"6b3c33e\" data-element_type=\"widget\" data-widget_type=\"button.default\">\n\t\t\t\t<div class=\"elementor-widget-container\">\n\t\t\t\t\t\t\t\t\t<div class=\"elementor-button-wrapper\">\n\t\t\t\t\t<a class=\"elementor-button elementor-button-link elementor-size-sm\" href=\"http:\/\/www.aeabadebacal.pt\/images\/Ano_2013-2014\/CQEP\/Ficha_pr%C3%A9-inscri%C3%A7%C3%A3o_CQEP_1.pdf\" target=\"_blank\">\n\t\t\t\t\t\t<span class=\"elementor-button-content-wrapper\">\n\t\t\t\t\t\t\t\t\t<span class=\"elementor-button-text\">Ficha de Pr\u00e9-Inscri\u00e7\u00e3o no CQ<\/span>\n\t\t\t\t\t<\/span>\n\t\t\t\t\t<\/a>\n\t\t\t\t<\/div>\n\t\t\t\t\t\t\t\t<\/div>\n\t\t\t\t<\/div>\n\t\t\t\t<div class=\"elementor-element elementor-element-b86c42b elementor-widget elementor-widget-button\" data-id=\"b86c42b\" data-element_type=\"widget\" data-widget_type=\"button.default\">\n\t\t\t\t<div class=\"elementor-widget-container\">\n\t\t\t\t\t\t\t\t\t<div class=\"elementor-button-wrapper\">\n\t\t\t\t\t<a class=\"elementor-button elementor-button-link elementor-size-sm\" href=\"https:\/\/drive.google.com\/file\/d\/0B8FWveYcTgVsSk45REw2QzY3Q00\/view?usp=sharing\" target=\"_blank\">\n\t\t\t\t\t\t<span class=\"elementor-button-content-wrapper\">\n\t\t\t\t\t\t\t\t\t<span class=\"elementor-button-text\">Carta de Compromisso<\/span>\n\t\t\t\t\t<\/span>\n\t\t\t\t\t<\/a>\n\t\t\t\t<\/div>\n\t\t\t\t\t\t\t\t<\/div>\n\t\t\t\t<\/div>\n\t\t\t\t<div class=\"elementor-element elementor-element-b3e51e3 elementor-widget elementor-widget-button\" data-id=\"b3e51e3\" data-element_type=\"widget\" data-widget_type=\"button.default\">\n\t\t\t\t<div class=\"elementor-widget-container\">\n\t\t\t\t\t\t\t\t\t<div class=\"elementor-button-wrapper\">\n\t\t\t\t\t<a class=\"elementor-button elementor-button-link elementor-size-sm\" href=\"https:\/\/drive.google.com\/file\/d\/0B8FWveYcTgVsa2xCNFhwN3RmWjA\/view?usp=sharing\" target=\"_blank\">\n\t\t\t\t\t\t<span class=\"elementor-button-content-wrapper\">\n\t\t\t\t\t\t\t\t\t<span class=\"elementor-button-text\">Protocolos Efetuados pelo CQ<\/span>\n\t\t\t\t\t<\/span>\n\t\t\t\t\t<\/a>\n\t\t\t\t<\/div>\n\t\t\t\t\t\t\t\t<\/div>\n\t\t\t\t<\/div>\n\t\t\t\t\t<\/div>\n\t\t<\/div>\n\t\t\t\t\t<\/div>\n\t\t<\/section>\n\t\t\t\t<\/div>\n\t\t","protected":false},"excerpt":{"rendered":"<p>Centro Qualifica A cria\u00e7\u00e3o e regime de organiza\u00e7\u00e3o e funcionamento dos Centros Qualifica (CQ) surge com a Portaria n.\u00ba 232\/2016 de 29 de agosto que revoga a Portaria n.\u00ba 135 -A\/2013, de 28 de mar\u00e7o, que por sua vez tinha dado origem \u00e0 cria\u00e7\u00e3o e regime de organiza\u00e7\u00e3o e funcionamento dos Centros para a Qualifica\u00e7\u00e3o [&hellip;]<\/p>\n","protected":false},"author":3,"featured_media":0,"parent":0,"menu_order":0,"comment_status":"closed","ping_status":"closed","template":"elementor_header_footer","meta":{"_eb_attr":"","site-sidebar-layout":"no-sidebar","site-content-layout":"page-builder","ast-site-content-layout":"default","site-content-style":"default","site-sidebar-style":"default","ast-global-header-display":"","ast-banner-title-visibility":"","ast-main-header-display":"","ast-hfb-above-header-display":"","ast-hfb-below-header-display":"","ast-hfb-mobile-header-display":"","site-post-title":"disabled","ast-breadcrumbs-content":"","ast-featured-img":"disabled","footer-sml-layout":"","theme-transparent-header-meta":"","adv-header-id-meta":"","stick-header-meta":"","header-above-stick-meta":"","header-main-stick-meta":"","header-below-stick-meta":"","astra-migrate-meta-layouts":"default","ast-page-background-enabled":"default","ast-page-background-meta":{"desktop":{"background-color":"","background-image":"","background-repeat":"repeat","background-position":"center center","background-size":"auto","background-attachment":"scroll","background-type":"","background-media":"","overlay-type":"","overlay-color":"","overlay-opacity":"","overlay-gradient":""},"tablet":{"background-color":"","background-image":"","background-repeat":"repeat","background-position":"center center","background-size":"auto","background-attachment":"scroll","background-type":"","background-media":"","overlay-type":"","overlay-color":"","overlay-opacity":"","overlay-gradient":""},"mobile":{"background-color":"","background-image":"","background-repeat":"repeat","background-position":"center center","background-size":"auto","background-attachment":"scroll","background-type":"","background-media":"","overlay-type":"","overlay-color":"","overlay-opacity":"","overlay-gradient":""}},"ast-content-background-meta":{"desktop":{"background-color":"var(--ast-global-color-5)","background-image":"","background-repeat":"repeat","background-position":"center center","background-size":"auto","background-attachment":"scroll","background-type":"","background-media":"","overlay-type":"","overlay-color":"","overlay-opacity":"","overlay-gradient":""},"tablet":{"background-color":"var(--ast-global-color-5)","background-image":"","background-repeat":"repeat","background-position":"center center","background-size":"auto","background-attachment":"scroll","background-type":"","background-media":"","overlay-type":"","overlay-color":"","overlay-opacity":"","overlay-gradient":""},"mobile":{"background-color":"var(--ast-global-color-5)","background-image":"","background-repeat":"repeat","background-position":"center center","background-size":"auto","background-attachment":"scroll","background-type":"","background-media":"","overlay-type":"","overlay-color":"","overlay-opacity":"","overlay-gradient":""}},"footnotes":""},"class_list":["post-1197","page","type-page","status-publish","hentry"],"_links":{"self":[{"href":"https:\/\/www.aeabadebacal.pt\/index.php\/wp-json\/wp\/v2\/pages\/1197","targetHints":{"allow":["GET"]}}],"collection":[{"href":"https:\/\/www.aeabadebacal.pt\/index.php\/wp-json\/wp\/v2\/pages"}],"about":[{"href":"https:\/\/www.aeabadebacal.pt\/index.php\/wp-json\/wp\/v2\/types\/page"}],"author":[{"embeddable":true,"href":"https:\/\/www.aeabadebacal.pt\/index.php\/wp-json\/wp\/v2\/users\/3"}],"replies":[{"embeddable":true,"href":"https:\/\/www.aeabadebacal.pt\/index.php\/wp-json\/wp\/v2\/comments?post=1197"}],"version-history":[{"count":0,"href":"https:\/\/www.aeabadebacal.pt\/index.php\/wp-json\/wp\/v2\/pages\/1197\/revisions"}],"wp:attachment":[{"href":"https:\/\/www.aeabadebacal.pt\/index.php\/wp-json\/wp\/v2\/media?parent=1197"}],"curies":[{"name":"wp","href":"https:\/\/api.w.org\/{rel}","templated":true}]}}