{"id":11995,"date":"2026-02-12T16:11:30","date_gmt":"2026-02-12T16:11:30","guid":{"rendered":"https:\/\/www.aeabadebacal.pt\/?page_id=11995"},"modified":"2026-03-11T19:05:56","modified_gmt":"2026-03-11T19:05:56","slug":"documentos-orientadores","status":"publish","type":"page","link":"https:\/\/www.aeabadebacal.pt\/index.php\/documentos-orientadores\/","title":{"rendered":"Documentos orientadores"},"content":{"rendered":"\t\t<div data-elementor-type=\"wp-page\" data-elementor-id=\"11995\" class=\"elementor elementor-11995\" data-elementor-settings=\"{&quot;ha_cmc_init_switcher&quot;:&quot;no&quot;}\">\n\t\t\t\t<div class=\"elementor-element elementor-element-58a55fd e-flex e-con-boxed e-con e-parent\" data-id=\"58a55fd\" data-element_type=\"container\" data-settings=\"{&quot;background_background&quot;:&quot;slideshow&quot;,&quot;background_slideshow_gallery&quot;:[{&quot;id&quot;:12150,&quot;url&quot;:&quot;http:\\\/\\\/www.aeabadebacal.pt\\\/wp-content\\\/uploads\\\/2026\\\/02\\\/chat5.png&quot;}],&quot;background_slideshow_loop&quot;:&quot;yes&quot;,&quot;background_slideshow_slide_duration&quot;:5000,&quot;background_slideshow_slide_transition&quot;:&quot;fade&quot;,&quot;background_slideshow_transition_duration&quot;:500,&quot;_ha_eqh_enable&quot;:false}\">\n\t\t\t\t\t<div class=\"e-con-inner\">\n\t\t\t\t<div class=\"elementor-element elementor-element-27d6753 elementor-widget elementor-widget-heading\" data-id=\"27d6753\" data-element_type=\"widget\" data-widget_type=\"heading.default\">\n\t\t\t\t<div class=\"elementor-widget-container\">\n\t\t\t\t\t<h2 class=\"elementor-heading-title elementor-size-default\"><b style=\"color: black\">Documentos Orientadores<\/b>\n<\/h2>\t\t\t\t<\/div>\n\t\t\t\t<\/div>\n\t\t\t\t\t<\/div>\n\t\t\t\t<\/div>\n\t\t<div class=\"elementor-element elementor-element-fa64b05 e-grid e-con-boxed e-con e-parent\" data-id=\"fa64b05\" data-element_type=\"container\" data-settings=\"{&quot;_ha_eqh_enable&quot;:false}\">\n\t\t\t\t\t<div class=\"e-con-inner\">\n\t\t\t\t<div class=\"elementor-element elementor-element-393c107 elementor-widget elementor-widget-image\" data-id=\"393c107\" data-element_type=\"widget\" data-widget_type=\"image.default\">\n\t\t\t\t<div class=\"elementor-widget-container\">\n\t\t\t\t\t\t\t\t\t\t\t\t\t\t\t<img fetchpriority=\"high\" decoding=\"async\" width=\"725\" height=\"1024\" src=\"https:\/\/www.aeabadebacal.pt\/wp-content\/uploads\/2026\/02\/capa-projeto_page-0001-725x1024.jpg\" class=\"attachment-large size-large wp-image-11996\" alt=\"\" srcset=\"https:\/\/www.aeabadebacal.pt\/wp-content\/uploads\/2026\/02\/capa-projeto_page-0001-725x1024.jpg 725w, https:\/\/www.aeabadebacal.pt\/wp-content\/uploads\/2026\/02\/capa-projeto_page-0001-212x300.jpg 212w, https:\/\/www.aeabadebacal.pt\/wp-content\/uploads\/2026\/02\/capa-projeto_page-0001-768x1085.jpg 768w, https:\/\/www.aeabadebacal.pt\/wp-content\/uploads\/2026\/02\/capa-projeto_page-0001-1087x1536.jpg 1087w, https:\/\/www.aeabadebacal.pt\/wp-content\/uploads\/2026\/02\/capa-projeto_page-0001-200x283.jpg 200w, https:\/\/www.aeabadebacal.pt\/wp-content\/uploads\/2026\/02\/capa-projeto_page-0001.jpg 1241w\" sizes=\"(max-width: 725px) 100vw, 725px\" \/>\t\t\t\t\t\t\t\t\t\t\t\t\t\t\t<\/div>\n\t\t\t\t<\/div>\n\t\t\t\t<div class=\"elementor-element elementor-element-09a662a elementor-widget elementor-widget-image\" data-id=\"09a662a\" data-element_type=\"widget\" data-widget_type=\"image.default\">\n\t\t\t\t<div class=\"elementor-widget-container\">\n\t\t\t\t\t\t\t\t\t\t\t\t\t\t\t<img decoding=\"async\" width=\"725\" height=\"1024\" src=\"https:\/\/www.aeabadebacal.pt\/wp-content\/uploads\/2026\/02\/capa-ri_page-0001-725x1024.jpg\" class=\"attachment-large size-large wp-image-12125\" alt=\"\" srcset=\"https:\/\/www.aeabadebacal.pt\/wp-content\/uploads\/2026\/02\/capa-ri_page-0001-725x1024.jpg 725w, https:\/\/www.aeabadebacal.pt\/wp-content\/uploads\/2026\/02\/capa-ri_page-0001-212x300.jpg 212w, https:\/\/www.aeabadebacal.pt\/wp-content\/uploads\/2026\/02\/capa-ri_page-0001-768x1085.jpg 768w, https:\/\/www.aeabadebacal.pt\/wp-content\/uploads\/2026\/02\/capa-ri_page-0001-1087x1536.jpg 1087w, https:\/\/www.aeabadebacal.pt\/wp-content\/uploads\/2026\/02\/capa-ri_page-0001-200x283.jpg 200w, https:\/\/www.aeabadebacal.pt\/wp-content\/uploads\/2026\/02\/capa-ri_page-0001.jpg 1241w\" sizes=\"(max-width: 725px) 100vw, 725px\" \/>\t\t\t\t\t\t\t\t\t\t\t\t\t\t\t<\/div>\n\t\t\t\t<\/div>\n\t\t\t\t<div class=\"elementor-element elementor-element-7f1d0a2 elementor-widget elementor-widget-image\" data-id=\"7f1d0a2\" data-element_type=\"widget\" data-widget_type=\"image.default\">\n\t\t\t\t<div class=\"elementor-widget-container\">\n\t\t\t\t\t\t\t\t\t\t\t\t\t\t\t<img decoding=\"async\" width=\"280\" height=\"280\" src=\"https:\/\/www.aeabadebacal.pt\/wp-content\/uploads\/2024\/09\/InovarPAA.jpg\" class=\"attachment-large size-large wp-image-7921\" alt=\"\" srcset=\"https:\/\/www.aeabadebacal.pt\/wp-content\/uploads\/2024\/09\/InovarPAA.jpg 280w, https:\/\/www.aeabadebacal.pt\/wp-content\/uploads\/2024\/09\/InovarPAA-150x150.jpg 150w, https:\/\/www.aeabadebacal.pt\/wp-content\/uploads\/2024\/09\/elementor\/thumbs\/InovarPAA-quapd2llcbiv7g4upm7zby6invl0l9p0g0wwt19fj2.jpg 131w\" sizes=\"(max-width: 280px) 100vw, 280px\" \/>\t\t\t\t\t\t\t\t\t\t\t\t\t\t\t<\/div>\n\t\t\t\t<\/div>\n\t\t\t\t\t<\/div>\n\t\t\t\t<\/div>\n\t\t<div class=\"elementor-element elementor-element-4593629 e-grid e-con-boxed e-con e-parent\" data-id=\"4593629\" data-element_type=\"container\" data-settings=\"{&quot;_ha_eqh_enable&quot;:false}\">\n\t\t\t\t\t<div class=\"e-con-inner\">\n\t\t\t\t<div class=\"elementor-element elementor-element-d6a249b elementor-widget elementor-widget-text-editor\" data-id=\"d6a249b\" data-element_type=\"widget\" data-widget_type=\"text-editor.default\">\n\t\t\t\t<div class=\"elementor-widget-container\">\n\t\t\t\t\t\t\t\t\t<p style=\"text-align: center;\"><span style=\"color: #000000;\"><strong>Projeto Educativo<\/strong><\/span><\/p><p style=\"text-align: center;\"><span style=\"text-decoration: underline;\"><span style=\"color: #0000ff;\"><strong><a style=\"color: #0000ff; text-decoration: underline;\" href=\"https:\/\/heyzine.com\/flip-book\/e14dad61f3.html\" target=\"_blank\" rel=\"noopener\">Vers\u00e3o Flipbook<\/a><\/strong><\/span><\/span><\/p><p style=\"text-align: center;\"><span style=\"text-decoration: underline;\"><span style=\"color: #0000ff;\"><strong><a style=\"color: #0000ff; text-decoration: underline;\" href=\"https:\/\/drive.google.com\/file\/d\/1oQxnK9SUmnBXN2pd1NIVVkkNPwdeK2WH\/view?usp=sharing\" target=\"_blank\" rel=\"noopener\">Vers\u00e3o PDF<\/a><\/strong><\/span><\/span><\/p>\t\t\t\t\t\t\t\t<\/div>\n\t\t\t\t<\/div>\n\t\t\t\t<div class=\"elementor-element elementor-element-7ad5dfb elementor-widget elementor-widget-text-editor\" data-id=\"7ad5dfb\" data-element_type=\"widget\" data-widget_type=\"text-editor.default\">\n\t\t\t\t<div class=\"elementor-widget-container\">\n\t\t\t\t\t\t\t\t\t<p style=\"text-align: center;\"><span style=\"color: #000000;\"><strong>Regulamento Interno<\/strong><\/span><\/p><p style=\"text-align: center;\"><span style=\"text-decoration: underline;\"><span style=\"color: #0000ff;\"><strong><a style=\"color: #0000ff; text-decoration: underline;\" href=\"https:\/\/heyzine.com\/flip-book\/81951d5027.html\" target=\"_blank\" rel=\"noopener\">Vers\u00e3o Flipbook<\/a><\/strong><\/span><\/span><\/p><p style=\"text-align: center;\"><span style=\"text-decoration: underline;\"><span style=\"color: #0000ff;\"><strong><a style=\"color: #0000ff; text-decoration: underline;\" href=\"https:\/\/drive.google.com\/file\/d\/1BzS8BSWznljNH491d1MrWANUf4mPVz-x\/view?usp=sharing\" target=\"_blank\" rel=\"noopener\">Vers\u00e3o PDF<\/a><\/strong><\/span><\/span><\/p><p style=\"text-align: center;\"><a href=\"https:\/\/www.aeabadebacal.pt\/index.php\/anexos-ri\/\"><span style=\"text-decoration: underline;\"><span style=\"color: #0000ff;\"><b>Anexos do Regulamento Interno<\/b><\/span><\/span><\/a><\/p>\t\t\t\t\t\t\t\t<\/div>\n\t\t\t\t<\/div>\n\t\t\t\t<div class=\"elementor-element elementor-element-9beaaa3 elementor-widget elementor-widget-text-editor\" data-id=\"9beaaa3\" data-element_type=\"widget\" data-widget_type=\"text-editor.default\">\n\t\t\t\t<div class=\"elementor-widget-container\">\n\t\t\t\t\t\t\t\t\t<p style=\"text-align: center;\"><span style=\"color: #000000;\"><strong>Plano Anual de Atividades<\/strong><\/span><\/p><p style=\"text-align: center;\"><a href=\"https:\/\/extranet.aeabadebacal.pt\/InovarPAA\/inicial.wgx\" target=\"_blank\" rel=\"noopener\"><span style=\"color: #0000ff;\"><b><u>Inovar PAA<\/u><\/b><\/span><\/a><\/p>\t\t\t\t\t\t\t\t<\/div>\n\t\t\t\t<\/div>\n\t\t\t\t\t<\/div>\n\t\t\t\t<\/div>\n\t\t<div class=\"elementor-element elementor-element-0c0346e e-grid e-con-boxed e-con e-parent\" data-id=\"0c0346e\" data-element_type=\"container\" data-settings=\"{&quot;_ha_eqh_enable&quot;:false}\">\n\t\t\t\t\t<div class=\"e-con-inner\">\n\t\t\t\t<div class=\"elementor-element elementor-element-047beb4 elementor-widget elementor-widget-image\" data-id=\"047beb4\" data-element_type=\"widget\" data-widget_type=\"image.default\">\n\t\t\t\t<div class=\"elementor-widget-container\">\n\t\t\t\t\t\t\t\t\t\t\t\t\t\t\t<img loading=\"lazy\" decoding=\"async\" width=\"725\" height=\"1024\" src=\"https:\/\/www.aeabadebacal.pt\/wp-content\/uploads\/2026\/02\/AEAB-ENEC-2025-2029-capa_page-0001-725x1024.jpg\" class=\"attachment-large size-large wp-image-12190\" alt=\"\" srcset=\"https:\/\/www.aeabadebacal.pt\/wp-content\/uploads\/2026\/02\/AEAB-ENEC-2025-2029-capa_page-0001-725x1024.jpg 725w, https:\/\/www.aeabadebacal.pt\/wp-content\/uploads\/2026\/02\/AEAB-ENEC-2025-2029-capa_page-0001-212x300.jpg 212w, https:\/\/www.aeabadebacal.pt\/wp-content\/uploads\/2026\/02\/AEAB-ENEC-2025-2029-capa_page-0001-768x1085.jpg 768w, https:\/\/www.aeabadebacal.pt\/wp-content\/uploads\/2026\/02\/AEAB-ENEC-2025-2029-capa_page-0001-1087x1536.jpg 1087w, https:\/\/www.aeabadebacal.pt\/wp-content\/uploads\/2026\/02\/AEAB-ENEC-2025-2029-capa_page-0001-200x283.jpg 200w, https:\/\/www.aeabadebacal.pt\/wp-content\/uploads\/2026\/02\/AEAB-ENEC-2025-2029-capa_page-0001.jpg 1241w\" sizes=\"(max-width: 725px) 100vw, 725px\" \/>\t\t\t\t\t\t\t\t\t\t\t\t\t\t\t<\/div>\n\t\t\t\t<\/div>\n\t\t\t\t<div class=\"elementor-element elementor-element-dddd5f7 elementor-widget elementor-widget-image\" data-id=\"dddd5f7\" data-element_type=\"widget\" data-widget_type=\"image.default\">\n\t\t\t\t<div class=\"elementor-widget-container\">\n\t\t\t\t\t\t\t\t\t\t\t\t\t\t\t<img loading=\"lazy\" decoding=\"async\" width=\"725\" height=\"1024\" src=\"https:\/\/www.aeabadebacal.pt\/wp-content\/uploads\/2026\/02\/capa-codigo_page-0001-725x1024.jpg\" class=\"attachment-large size-large wp-image-12195\" alt=\"\" srcset=\"https:\/\/www.aeabadebacal.pt\/wp-content\/uploads\/2026\/02\/capa-codigo_page-0001-725x1024.jpg 725w, https:\/\/www.aeabadebacal.pt\/wp-content\/uploads\/2026\/02\/capa-codigo_page-0001-212x300.jpg 212w, https:\/\/www.aeabadebacal.pt\/wp-content\/uploads\/2026\/02\/capa-codigo_page-0001-768x1085.jpg 768w, https:\/\/www.aeabadebacal.pt\/wp-content\/uploads\/2026\/02\/capa-codigo_page-0001-1087x1536.jpg 1087w, https:\/\/www.aeabadebacal.pt\/wp-content\/uploads\/2026\/02\/capa-codigo_page-0001-200x283.jpg 200w, https:\/\/www.aeabadebacal.pt\/wp-content\/uploads\/2026\/02\/capa-codigo_page-0001.jpg 1241w\" sizes=\"(max-width: 725px) 100vw, 725px\" \/>\t\t\t\t\t\t\t\t\t\t\t\t\t\t\t<\/div>\n\t\t\t\t<\/div>\n\t\t\t\t<div class=\"elementor-element elementor-element-16ccb27 elementor-widget elementor-widget-image\" data-id=\"16ccb27\" data-element_type=\"widget\" data-widget_type=\"image.default\">\n\t\t\t\t<div class=\"elementor-widget-container\">\n\t\t\t\t\t\t\t\t\t\t\t\t\t\t\t<img loading=\"lazy\" decoding=\"async\" width=\"724\" height=\"1024\" src=\"https:\/\/www.aeabadebacal.pt\/wp-content\/uploads\/2026\/03\/CAPA1_page-0001-724x1024.jpg\" class=\"attachment-large size-large wp-image-12473\" alt=\"\" srcset=\"https:\/\/www.aeabadebacal.pt\/wp-content\/uploads\/2026\/03\/CAPA1_page-0001-724x1024.jpg 724w, https:\/\/www.aeabadebacal.pt\/wp-content\/uploads\/2026\/03\/CAPA1_page-0001-212x300.jpg 212w, https:\/\/www.aeabadebacal.pt\/wp-content\/uploads\/2026\/03\/CAPA1_page-0001-768x1087.jpg 768w, https:\/\/www.aeabadebacal.pt\/wp-content\/uploads\/2026\/03\/CAPA1_page-0001-1085x1536.jpg 1085w, https:\/\/www.aeabadebacal.pt\/wp-content\/uploads\/2026\/03\/CAPA1_page-0001-200x283.jpg 200w, https:\/\/www.aeabadebacal.pt\/wp-content\/uploads\/2026\/03\/CAPA1_page-0001.jpg 1240w\" sizes=\"(max-width: 724px) 100vw, 724px\" \/>\t\t\t\t\t\t\t\t\t\t\t\t\t\t\t<\/div>\n\t\t\t\t<\/div>\n\t\t\t\t\t<\/div>\n\t\t\t\t<\/div>\n\t\t<div class=\"elementor-element elementor-element-d524d76 e-grid e-con-boxed e-con e-parent\" data-id=\"d524d76\" data-element_type=\"container\" data-settings=\"{&quot;_ha_eqh_enable&quot;:false}\">\n\t\t\t\t\t<div class=\"e-con-inner\">\n\t\t\t\t<div class=\"elementor-element elementor-element-6f0afeb elementor-widget elementor-widget-text-editor\" data-id=\"6f0afeb\" data-element_type=\"widget\" data-widget_type=\"text-editor.default\">\n\t\t\t\t<div class=\"elementor-widget-container\">\n\t\t\t\t\t\t\t\t\t<p style=\"text-align: center;\"><span style=\"color: #000000;\"><strong>Estrat\u00e9gia da Educa\u00e7\u00e3o para a Cidadania<\/strong><\/span><\/p><p style=\"text-align: center;\"><span style=\"text-decoration: underline;\"><span style=\"color: #0000ff;\"><strong><a style=\"color: #0000ff; text-decoration: underline;\" href=\"https:\/\/heyzine.com\/flip-book\/1f7266ed5c.html\" target=\"_blank\" rel=\"noopener\">Vers\u00e3o Flipbook<\/a><\/strong><\/span><\/span><\/p><p style=\"text-align: center;\"><span style=\"text-decoration: underline;\"><span style=\"color: #0000ff;\"><strong><a style=\"color: #0000ff; text-decoration: underline;\" href=\"https:\/\/drive.google.com\/file\/d\/1oSv24Z8JzEJZR--9g6d0X45MYlHVL4Y6\/view?usp=sharing\" target=\"_blank\" rel=\"noopener\">Vers\u00e3o PDF<\/a><\/strong><\/span><\/span><\/p>\t\t\t\t\t\t\t\t<\/div>\n\t\t\t\t<\/div>\n\t\t\t\t<div class=\"elementor-element elementor-element-6d921c6 elementor-widget elementor-widget-text-editor\" data-id=\"6d921c6\" data-element_type=\"widget\" data-widget_type=\"text-editor.default\">\n\t\t\t\t<div class=\"elementor-widget-container\">\n\t\t\t\t\t\t\t\t\t<p style=\"text-align: center;\"><span style=\"color: #000000;\"><strong>C\u00f3digo de Conduta do Aluno<\/strong><\/span><\/p><p style=\"text-align: center;\"><span style=\"text-decoration: underline;\"><span style=\"color: #0000ff;\"><strong><a style=\"color: #0000ff; text-decoration: underline;\" href=\"https:\/\/drive.google.com\/file\/d\/1Ob-JhIFZ256mK87MDa5wxWsW9bMp_OhR\/view?usp=sharing\" target=\"_blank\" rel=\"noopener\">Vers\u00e3o PDF<\/a><\/strong><\/span><\/span><\/p>\t\t\t\t\t\t\t\t<\/div>\n\t\t\t\t<\/div>\n\t\t\t\t<div class=\"elementor-element elementor-element-9da975a elementor-widget elementor-widget-text-editor\" data-id=\"9da975a\" data-element_type=\"widget\" data-widget_type=\"text-editor.default\">\n\t\t\t\t<div class=\"elementor-widget-container\">\n\t\t\t\t\t\t\t\t\t<p style=\"text-align: center;\"><span style=\"color: #000000;\"><strong>Plano de Evacua\u00e7\u00e3o da Escola Secund\u00e1ria Abade de Ba\u00e7al<\/strong><\/span><\/p><p style=\"text-align: center;\"><span style=\"text-decoration: underline;\"><span style=\"color: #0000ff;\"><strong><a style=\"color: #0000ff; text-decoration: underline;\" href=\"https:\/\/drive.google.com\/file\/d\/1BfndWo7dNoGO14F1f02BaUjtbUisQxz7\/view?usp=sharing\" target=\"_blank\" rel=\"noopener\">Vers\u00e3o PDF<\/a><\/strong><\/span><\/span><\/p>\t\t\t\t\t\t\t\t<\/div>\n\t\t\t\t<\/div>\n\t\t\t\t\t<\/div>\n\t\t\t\t<\/div>\n\t\t\t\t<section class=\"elementor-section elementor-top-section elementor-element elementor-element-44a6e9d elementor-section-boxed elementor-section-height-default elementor-section-height-default\" data-id=\"44a6e9d\" data-element_type=\"section\" data-settings=\"{&quot;_ha_eqh_enable&quot;:false}\">\n\t\t\t\t\t\t<div class=\"elementor-container elementor-column-gap-default\">\n\t\t\t\t\t<div class=\"elementor-column elementor-col-100 elementor-top-column elementor-element elementor-element-dad3601\" data-id=\"dad3601\" data-element_type=\"column\">\n\t\t\t<div class=\"elementor-widget-wrap elementor-element-populated\">\n\t\t\t\t\t\t<div class=\"elementor-element elementor-element-a2fbf8d elementor-widget elementor-widget-heading\" data-id=\"a2fbf8d\" data-element_type=\"widget\" data-widget_type=\"heading.default\">\n\t\t\t\t<div class=\"elementor-widget-container\">\n\t\t\t\t\t<h5 class=\"elementor-heading-title elementor-size-default\">Em Atualiza\u00e7\u00e3o..<\/h5>\t\t\t\t<\/div>\n\t\t\t\t<\/div>\n\t\t\t\t\t<\/div>\n\t\t<\/div>\n\t\t\t\t\t<\/div>\n\t\t<\/section>\n\t\t\t\t<section class=\"elementor-section elementor-top-section elementor-element elementor-element-84b76c7 elementor-section-boxed elementor-section-height-default elementor-section-height-default\" data-id=\"84b76c7\" data-element_type=\"section\" data-settings=\"{&quot;_ha_eqh_enable&quot;:false}\">\n\t\t\t\t\t\t<div class=\"elementor-container elementor-column-gap-default\">\n\t\t\t\t\t<div class=\"elementor-column elementor-col-33 elementor-top-column elementor-element elementor-element-eb34a28\" data-id=\"eb34a28\" data-element_type=\"column\">\n\t\t\t<div class=\"elementor-widget-wrap elementor-element-populated\">\n\t\t\t\t\t\t<div class=\"elementor-element elementor-element-223dcab elementor-widget elementor-widget-image\" data-id=\"223dcab\" data-element_type=\"widget\" data-widget_type=\"image.default\">\n\t\t\t\t<div class=\"elementor-widget-container\">\n\t\t\t\t\t\t\t\t\t\t\t\t\t\t\t\t<a href=\"https:\/\/drive.google.com\/file\/d\/1POtG3AZb02Ah_R7Z97XzgBpeHw-C0a70\/view?usp=sharing\" target=\"_blank\">\n\t\t\t\t\t\t\t<img loading=\"lazy\" decoding=\"async\" width=\"460\" height=\"151\" src=\"https:\/\/www.aeabadebacal.pt\/wp-content\/uploads\/2022\/04\/plano-desenvolvimento-do-curriculo.png\" class=\"attachment-large size-large wp-image-2278\" alt=\"\" srcset=\"https:\/\/www.aeabadebacal.pt\/wp-content\/uploads\/2022\/04\/plano-desenvolvimento-do-curriculo.png 460w, https:\/\/www.aeabadebacal.pt\/wp-content\/uploads\/2022\/04\/plano-desenvolvimento-do-curriculo-300x98.png 300w\" sizes=\"(max-width: 460px) 100vw, 460px\" \/>\t\t\t\t\t\t\t\t<\/a>\n\t\t\t\t\t\t\t\t\t\t\t\t\t\t\t<\/div>\n\t\t\t\t<\/div>\n\t\t\t\t\t<\/div>\n\t\t<\/div>\n\t\t\t\t<div class=\"elementor-column elementor-col-33 elementor-top-column elementor-element elementor-element-2f53748\" data-id=\"2f53748\" data-element_type=\"column\">\n\t\t\t<div class=\"elementor-widget-wrap elementor-element-populated\">\n\t\t\t\t\t\t<div class=\"elementor-element elementor-element-eec7814 elementor-widget elementor-widget-image\" data-id=\"eec7814\" data-element_type=\"widget\" data-widget_type=\"image.default\">\n\t\t\t\t<div class=\"elementor-widget-container\">\n\t\t\t\t\t\t\t\t\t\t\t\t\t\t\t\t<a href=\"https:\/\/drive.google.com\/file\/d\/1k-paah7Fw1iWN6igqJl_g5PXVeWIoUpf\/view?usp=sharing\" target=\"_blank\">\n\t\t\t\t\t\t\t<img loading=\"lazy\" decoding=\"async\" width=\"450\" height=\"151\" src=\"https:\/\/www.aeabadebacal.pt\/wp-content\/uploads\/2025\/03\/3.png\" class=\"attachment-large size-large wp-image-10010\" alt=\"\" srcset=\"https:\/\/www.aeabadebacal.pt\/wp-content\/uploads\/2025\/03\/3.png 450w, https:\/\/www.aeabadebacal.pt\/wp-content\/uploads\/2025\/03\/3-300x101.png 300w, https:\/\/www.aeabadebacal.pt\/wp-content\/uploads\/2025\/03\/3-200x67.png 200w\" sizes=\"(max-width: 450px) 100vw, 450px\" \/>\t\t\t\t\t\t\t\t<\/a>\n\t\t\t\t\t\t\t\t\t\t\t\t\t\t\t<\/div>\n\t\t\t\t<\/div>\n\t\t\t\t\t<\/div>\n\t\t<\/div>\n\t\t\t\t<div class=\"elementor-column elementor-col-33 elementor-top-column elementor-element elementor-element-b094cae\" data-id=\"b094cae\" data-element_type=\"column\">\n\t\t\t<div class=\"elementor-widget-wrap\">\n\t\t\t\t\t\t\t<\/div>\n\t\t<\/div>\n\t\t\t\t\t<\/div>\n\t\t<\/section>\n\t\t\t\t<section class=\"elementor-section elementor-top-section elementor-element elementor-element-7e9134b elementor-section-boxed elementor-section-height-default elementor-section-height-default\" data-id=\"7e9134b\" data-element_type=\"section\" data-settings=\"{&quot;_ha_eqh_enable&quot;:false}\">\n\t\t\t\t\t\t<div class=\"elementor-container elementor-column-gap-default\">\n\t\t\t\t\t<div class=\"elementor-column elementor-col-33 elementor-top-column elementor-element elementor-element-066b052\" data-id=\"066b052\" data-element_type=\"column\">\n\t\t\t<div class=\"elementor-widget-wrap\">\n\t\t\t\t\t\t\t<\/div>\n\t\t<\/div>\n\t\t\t\t<div class=\"elementor-column elementor-col-33 elementor-top-column elementor-element elementor-element-68355e2\" data-id=\"68355e2\" data-element_type=\"column\">\n\t\t\t<div class=\"elementor-widget-wrap\">\n\t\t\t\t\t\t\t<\/div>\n\t\t<\/div>\n\t\t\t\t<div class=\"elementor-column elementor-col-33 elementor-top-column elementor-element elementor-element-c2c00b5\" data-id=\"c2c00b5\" data-element_type=\"column\">\n\t\t\t<div class=\"elementor-widget-wrap\">\n\t\t\t\t\t\t\t<\/div>\n\t\t<\/div>\n\t\t\t\t\t<\/div>\n\t\t<\/section>\n\t\t\t\t<\/div>\n\t\t","protected":false},"excerpt":{"rendered":"<p>Documentos Orientadores Projeto Educativo Vers\u00e3o Flipbook Vers\u00e3o PDF Regulamento Interno Vers\u00e3o Flipbook Vers\u00e3o PDF Anexos do Regulamento Interno Plano Anual de Atividades Inovar PAA Estrat\u00e9gia da Educa\u00e7\u00e3o para a Cidadania Vers\u00e3o Flipbook Vers\u00e3o PDF C\u00f3digo de Conduta do Aluno Vers\u00e3o PDF Plano de Evacua\u00e7\u00e3o da Escola Secund\u00e1ria Abade de Ba\u00e7al Vers\u00e3o PDF Em Atualiza\u00e7\u00e3o..<\/p>\n","protected":false},"author":7,"featured_media":0,"parent":0,"menu_order":0,"comment_status":"closed","ping_status":"closed","template":"elementor_header_footer","meta":{"_eb_attr":"","site-sidebar-layout":"no-sidebar","site-content-layout":"page-builder","ast-site-content-layout":"full-width-container","site-content-style":"unboxed","site-sidebar-style":"unboxed","ast-global-header-display":"","ast-banner-title-visibility":"","ast-main-header-display":"","ast-hfb-above-header-display":"","ast-hfb-below-header-display":"","ast-hfb-mobile-header-display":"","site-post-title":"disabled","ast-breadcrumbs-content":"","ast-featured-img":"disabled","footer-sml-layout":"","theme-transparent-header-meta":"","adv-header-id-meta":"","stick-header-meta":"","header-above-stick-meta":"","header-main-stick-meta":"","header-below-stick-meta":"","astra-migrate-meta-layouts":"set","ast-page-background-enabled":"default","ast-page-background-meta":{"desktop":{"background-color":"","background-image":"","background-repeat":"repeat","background-position":"center center","background-size":"auto","background-attachment":"scroll","background-type":"","background-media":"","overlay-type":"","overlay-color":"","overlay-opacity":"","overlay-gradient":""},"tablet":{"background-color":"","background-image":"","background-repeat":"repeat","background-position":"center center","background-size":"auto","background-attachment":"scroll","background-type":"","background-media":"","overlay-type":"","overlay-color":"","overlay-opacity":"","overlay-gradient":""},"mobile":{"background-color":"","background-image":"","background-repeat":"repeat","background-position":"center center","background-size":"auto","background-attachment":"scroll","background-type":"","background-media":"","overlay-type":"","overlay-color":"","overlay-opacity":"","overlay-gradient":""}},"ast-content-background-meta":{"desktop":{"background-color":"var(--ast-global-color-5)","background-image":"","background-repeat":"repeat","background-position":"center center","background-size":"auto","background-attachment":"scroll","background-type":"","background-media":"","overlay-type":"","overlay-color":"","overlay-opacity":"","overlay-gradient":""},"tablet":{"background-color":"var(--ast-global-color-5)","background-image":"","background-repeat":"repeat","background-position":"center center","background-size":"auto","background-attachment":"scroll","background-type":"","background-media":"","overlay-type":"","overlay-color":"","overlay-opacity":"","overlay-gradient":""},"mobile":{"background-color":"var(--ast-global-color-5)","background-image":"","background-repeat":"repeat","background-position":"center center","background-size":"auto","background-attachment":"scroll","background-type":"","background-media":"","overlay-type":"","overlay-color":"","overlay-opacity":"","overlay-gradient":""}},"footnotes":""},"class_list":["post-11995","page","type-page","status-publish","hentry"],"_links":{"self":[{"href":"https:\/\/www.aeabadebacal.pt\/index.php\/wp-json\/wp\/v2\/pages\/11995","targetHints":{"allow":["GET"]}}],"collection":[{"href":"https:\/\/www.aeabadebacal.pt\/index.php\/wp-json\/wp\/v2\/pages"}],"about":[{"href":"https:\/\/www.aeabadebacal.pt\/index.php\/wp-json\/wp\/v2\/types\/page"}],"author":[{"embeddable":true,"href":"https:\/\/www.aeabadebacal.pt\/index.php\/wp-json\/wp\/v2\/users\/7"}],"replies":[{"embeddable":true,"href":"https:\/\/www.aeabadebacal.pt\/index.php\/wp-json\/wp\/v2\/comments?post=11995"}],"version-history":[{"count":89,"href":"https:\/\/www.aeabadebacal.pt\/index.php\/wp-json\/wp\/v2\/pages\/11995\/revisions"}],"predecessor-version":[{"id":12479,"href":"https:\/\/www.aeabadebacal.pt\/index.php\/wp-json\/wp\/v2\/pages\/11995\/revisions\/12479"}],"wp:attachment":[{"href":"https:\/\/www.aeabadebacal.pt\/index.php\/wp-json\/wp\/v2\/media?parent=11995"}],"curies":[{"name":"wp","href":"https:\/\/api.w.org\/{rel}","templated":true}]}}