{"id":12788,"date":"2026-04-24T18:24:07","date_gmt":"2026-04-24T18:24:07","guid":{"rendered":"https:\/\/www.aeabadebacal.pt\/?page_id=12788"},"modified":"2026-04-24T18:48:41","modified_gmt":"2026-04-24T18:48:41","slug":"procedimentos-concursais-tecnicos-superiores","status":"publish","type":"page","link":"https:\/\/www.aeabadebacal.pt\/index.php\/procedimentos-concursais-tecnicos-superiores\/","title":{"rendered":"Procedimentos Concursais \u2013 T\u00e9cnicos Superiores"},"content":{"rendered":"\t\t<div data-elementor-type=\"wp-page\" data-elementor-id=\"12788\" class=\"elementor elementor-12788\" data-elementor-settings=\"{&quot;ha_cmc_init_switcher&quot;:&quot;no&quot;}\">\n\t\t\t\t\t\t<section class=\"elementor-section elementor-top-section elementor-element elementor-element-a53f015 elementor-section-boxed elementor-section-height-default elementor-section-height-default\" data-id=\"a53f015\" data-element_type=\"section\" data-settings=\"{&quot;_ha_eqh_enable&quot;:false}\">\n\t\t\t\t\t\t<div class=\"elementor-container elementor-column-gap-default\">\n\t\t\t\t\t<div class=\"elementor-column elementor-col-100 elementor-top-column elementor-element elementor-element-fa61879\" data-id=\"fa61879\" data-element_type=\"column\">\n\t\t\t<div class=\"elementor-widget-wrap elementor-element-populated\">\n\t\t\t\t<div class=\"elementor-element elementor-element-0efc3c9 e-flex e-con-boxed e-con e-parent\" data-id=\"0efc3c9\" data-element_type=\"container\" data-settings=\"{&quot;background_background&quot;:&quot;slideshow&quot;,&quot;background_slideshow_gallery&quot;:[{&quot;id&quot;:12818,&quot;url&quot;:&quot;http:\\\/\\\/www.aeabadebacal.pt\\\/wp-content\\\/uploads\\\/2026\\\/04\\\/e15bbb42-bfbf-4f49-8443-42043daaddad.png&quot;}],&quot;background_slideshow_loop&quot;:&quot;yes&quot;,&quot;background_slideshow_slide_duration&quot;:5000,&quot;background_slideshow_slide_transition&quot;:&quot;fade&quot;,&quot;background_slideshow_transition_duration&quot;:500,&quot;_ha_eqh_enable&quot;:false}\">\n\t\t\t\t\t<div class=\"e-con-inner\">\n\t\t\t\t<div class=\"elementor-element elementor-element-7e32bf4 elementor-widget elementor-widget-heading\" data-id=\"7e32bf4\" data-element_type=\"widget\" data-widget_type=\"heading.default\">\n\t\t\t\t<div class=\"elementor-widget-container\">\n\t\t\t\t\t<h2 class=\"elementor-heading-title elementor-size-default\"><b>Procedimentos Concursais: <b>\nT\u00e9cnicos Superiores<\/b><\/h2>\t\t\t\t<\/div>\n\t\t\t\t<\/div>\n\t\t\t\t\t<\/div>\n\t\t\t\t<\/div>\n\t\t\t\t\t<\/div>\n\t\t<\/div>\n\t\t\t\t\t<\/div>\n\t\t<\/section>\n\t\t<div class=\"elementor-element elementor-element-489888b e-flex e-con-boxed e-con e-parent\" data-id=\"489888b\" data-element_type=\"container\" data-settings=\"{&quot;_ha_eqh_enable&quot;:false}\">\n\t\t\t\t\t<div class=\"e-con-inner\">\n\t\t\t\t<div class=\"elementor-element elementor-element-cb9f2e0 elementor-widget elementor-widget-text-editor\" data-id=\"cb9f2e0\" data-element_type=\"widget\" data-widget_type=\"text-editor.default\">\n\t\t\t\t<div class=\"elementor-widget-container\">\n\t\t\t\t\t\t\t\t\t<h6><strong>Procedimentos Concursais para T\u00e9cnicos Superiores <span style=\"font-style: inherit;\">(<\/span><span style=\"font-style: inherit;\"><span style=\"color: #0000ff;\"><a style=\"color: #0000ff;\" href=\"https:\/\/drive.google.com\/file\/d\/1XMQg2tzOQicF4SKrjoBAAF2mPkeySDfZ\/view?usp=sharing\" target=\"_blank\" rel=\"noopener\">Abrir<\/a><\/span>)<\/span><\/strong><\/h6>\t\t\t\t\t\t\t\t<\/div>\n\t\t\t\t<\/div>\n\t\t\t\t\t<\/div>\n\t\t\t\t<\/div>\n\t\t<div class=\"elementor-element elementor-element-017dbc0 e-flex e-con-boxed e-con e-parent\" data-id=\"017dbc0\" data-element_type=\"container\" data-settings=\"{&quot;_ha_eqh_enable&quot;:false}\">\n\t\t\t\t\t<div class=\"e-con-inner\">\n\t\t\t\t<div class=\"elementor-element elementor-element-f8ae054 elementor-widget elementor-widget-text-editor\" data-id=\"f8ae054\" data-element_type=\"widget\" data-widget_type=\"text-editor.default\">\n\t\t\t\t<div class=\"elementor-widget-container\">\n\t\t\t\t\t\t\t\t\t<h6><strong>Procedimento Concursal &#8211; Psic\u00f3logo (1 posto)<\/strong><\/h6><p>Ata n.\u00ba 1 &#8211; Procedimento Concursal &#8211; Psic\u00f3logo <span style=\"font-style: inherit; font-weight: inherit;\">(<\/span><span style=\"font-style: inherit; font-weight: inherit;\"><span style=\"color: #0000ff;\"><a style=\"color: #0000ff;\" href=\"https:\/\/drive.google.com\/file\/d\/1ajSIo4MeJxZ3yfBiRBe3iLwZpX4PAnnx\/view?usp=sharing\" target=\"_blank\" rel=\"noopener\">Abrir<\/a><\/span>)<\/span><\/p><p>Aviso de Abertura n.\u00ba 1\/2026 <span style=\"font-style: inherit; font-weight: inherit;\">(<\/span><span style=\"font-style: inherit; font-weight: inherit;\"><span style=\"color: #0000ff;\"><a style=\"color: #0000ff;\" href=\"https:\/\/drive.google.com\/file\/d\/12oToBh-M8P_7qB4rB8pZdiCvnet8wLv4\/view?usp=sharing\" target=\"_blank\" rel=\"noopener\">Abrir<\/a><\/span>)<\/span><\/p>\t\t\t\t\t\t\t\t<\/div>\n\t\t\t\t<\/div>\n\t\t\t\t\t<\/div>\n\t\t\t\t<\/div>\n\t\t<div class=\"elementor-element elementor-element-9d0f7bb e-flex e-con-boxed e-con e-parent\" data-id=\"9d0f7bb\" data-element_type=\"container\" data-settings=\"{&quot;_ha_eqh_enable&quot;:false}\">\n\t\t\t\t\t<div class=\"e-con-inner\">\n\t\t\t\t<div class=\"elementor-element elementor-element-5bf3974 elementor-widget elementor-widget-text-editor\" data-id=\"5bf3974\" data-element_type=\"widget\" data-widget_type=\"text-editor.default\">\n\t\t\t\t<div class=\"elementor-widget-container\">\n\t\t\t\t\t\t\t\t\t<h6><strong><span data-olk-copy-source=\"MessageBody\">Procedimento Concursal &#8211; Educa\u00e7\u00e3o Social (1 posto)<\/span><\/strong><\/h6><p>Ata n.\u00ba 1 &#8211; Procedimento Concursal &#8211; T\u00e9cnico de Educa\u00e7\u00e3o Social <span style=\"font-style: inherit; font-weight: inherit;\">(<\/span><span style=\"font-style: inherit; font-weight: inherit;\"><span style=\"color: #0000ff;\"><a style=\"color: #0000ff;\" href=\"https:\/\/drive.google.com\/file\/d\/1oWvjlIgMUVf5ecXvwmwg8zuiQ5xpZcen\/view?usp=sharing\" target=\"_blank\" rel=\"noopener\">Abrir<\/a><\/span>)<\/span><\/p><p>Aviso de Abertura n.\u00ba 2\/2026 <span style=\"font-style: inherit; font-weight: inherit;\">(<\/span><span style=\"font-style: inherit; font-weight: inherit;\"><span style=\"color: #0000ff;\"><a style=\"color: #0000ff;\" href=\"https:\/\/drive.google.com\/file\/d\/1XWyF8baQTnYLF4n93JVWIVL0BYx4zlM0\/view?usp=sharing\" target=\"_blank\" rel=\"noopener\">Abrir<\/a><\/span>)<\/span><\/p>\t\t\t\t\t\t\t\t<\/div>\n\t\t\t\t<\/div>\n\t\t\t\t\t<\/div>\n\t\t\t\t<\/div>\n\t\t<div class=\"elementor-element elementor-element-7a9c15a e-flex e-con-boxed e-con e-parent\" data-id=\"7a9c15a\" data-element_type=\"container\" data-settings=\"{&quot;_ha_eqh_enable&quot;:false}\">\n\t\t\t\t\t<div class=\"e-con-inner\">\n\t\t\t\t<div class=\"elementor-element elementor-element-508fec5 elementor-widget elementor-widget-text-editor\" data-id=\"508fec5\" data-element_type=\"widget\" data-widget_type=\"text-editor.default\">\n\t\t\t\t<div class=\"elementor-widget-container\">\n\t\t\t\t\t\t\t\t\t<h6><strong><span data-olk-copy-source=\"MessageBody\">Procedimento Concursal &#8211; Terapeuta da Fala (1 posto)<\/span><\/strong><\/h6><p>Ata n.\u00ba 1 &#8211; Procedimento Concursal &#8211; Terapeuta da Fala <span style=\"font-style: inherit; font-weight: inherit;\">(<\/span><span style=\"font-style: inherit; font-weight: inherit;\"><span style=\"color: #0000ff;\"><a style=\"color: #0000ff;\" href=\"https:\/\/drive.google.com\/file\/d\/1B0ljVH12fLAT8_Q5AWzjY31e6Bo8ma4G\/view?usp=sharing\" target=\"_blank\" rel=\"noopener\">Abrir<\/a><\/span>)<\/span><\/p><p>Aviso de Abertura n.\u00ba 3\/2026 <span style=\"font-style: inherit; font-weight: inherit;\">(<\/span><span style=\"font-style: inherit; font-weight: inherit;\"><span style=\"color: #0000ff;\"><a style=\"color: #0000ff;\" href=\"https:\/\/drive.google.com\/file\/d\/1G9-SrT9WMhml9mKdkt6vOpvSmcigVK6L\/view?usp=sharing\" target=\"_blank\" rel=\"noopener\">Abrir<\/a><\/span>)<\/span><\/p>\t\t\t\t\t\t\t\t<\/div>\n\t\t\t\t<\/div>\n\t\t\t\t\t<\/div>\n\t\t\t\t<\/div>\n\t\t\t\t<\/div>\n\t\t","protected":false},"excerpt":{"rendered":"<p>Procedimentos Concursais: T\u00e9cnicos Superiores Procedimentos Concursais para T\u00e9cnicos Superiores (Abrir) Procedimento Concursal &#8211; Psic\u00f3logo (1 posto) Ata n.\u00ba 1 &#8211; Procedimento Concursal &#8211; Psic\u00f3logo (Abrir) Aviso de Abertura n.\u00ba 1\/2026 (Abrir) Procedimento Concursal &#8211; Educa\u00e7\u00e3o Social (1 posto) Ata n.\u00ba 1 &#8211; Procedimento Concursal &#8211; T\u00e9cnico de Educa\u00e7\u00e3o Social (Abrir) Aviso de Abertura n.\u00ba 2\/2026 [&hellip;]<\/p>\n","protected":false},"author":7,"featured_media":0,"parent":0,"menu_order":0,"comment_status":"closed","ping_status":"closed","template":"","meta":{"_eb_attr":"","site-sidebar-layout":"no-sidebar","site-content-layout":"page-builder","ast-site-content-layout":"full-width-container","site-content-style":"unboxed","site-sidebar-style":"unboxed","ast-global-header-display":"","ast-banner-title-visibility":"","ast-main-header-display":"","ast-hfb-above-header-display":"","ast-hfb-below-header-display":"","ast-hfb-mobile-header-display":"","site-post-title":"disabled","ast-breadcrumbs-content":"","ast-featured-img":"disabled","footer-sml-layout":"","theme-transparent-header-meta":"","adv-header-id-meta":"","stick-header-meta":"","header-above-stick-meta":"","header-main-stick-meta":"","header-below-stick-meta":"","astra-migrate-meta-layouts":"set","ast-page-background-enabled":"default","ast-page-background-meta":{"desktop":{"background-color":"","background-image":"","background-repeat":"repeat","background-position":"center center","background-size":"auto","background-attachment":"scroll","background-type":"","background-media":"","overlay-type":"","overlay-color":"","overlay-opacity":"","overlay-gradient":""},"tablet":{"background-color":"","background-image":"","background-repeat":"repeat","background-position":"center center","background-size":"auto","background-attachment":"scroll","background-type":"","background-media":"","overlay-type":"","overlay-color":"","overlay-opacity":"","overlay-gradient":""},"mobile":{"background-color":"","background-image":"","background-repeat":"repeat","background-position":"center center","background-size":"auto","background-attachment":"scroll","background-type":"","background-media":"","overlay-type":"","overlay-color":"","overlay-opacity":"","overlay-gradient":""}},"ast-content-background-meta":{"desktop":{"background-color":"var(--ast-global-color-5)","background-image":"","background-repeat":"repeat","background-position":"center center","background-size":"auto","background-attachment":"scroll","background-type":"","background-media":"","overlay-type":"","overlay-color":"","overlay-opacity":"","overlay-gradient":""},"tablet":{"background-color":"var(--ast-global-color-5)","background-image":"","background-repeat":"repeat","background-position":"center center","background-size":"auto","background-attachment":"scroll","background-type":"","background-media":"","overlay-type":"","overlay-color":"","overlay-opacity":"","overlay-gradient":""},"mobile":{"background-color":"var(--ast-global-color-5)","background-image":"","background-repeat":"repeat","background-position":"center center","background-size":"auto","background-attachment":"scroll","background-type":"","background-media":"","overlay-type":"","overlay-color":"","overlay-opacity":"","overlay-gradient":""}},"footnotes":""},"class_list":["post-12788","page","type-page","status-publish","hentry"],"_links":{"self":[{"href":"https:\/\/www.aeabadebacal.pt\/index.php\/wp-json\/wp\/v2\/pages\/12788","targetHints":{"allow":["GET"]}}],"collection":[{"href":"https:\/\/www.aeabadebacal.pt\/index.php\/wp-json\/wp\/v2\/pages"}],"about":[{"href":"https:\/\/www.aeabadebacal.pt\/index.php\/wp-json\/wp\/v2\/types\/page"}],"author":[{"embeddable":true,"href":"https:\/\/www.aeabadebacal.pt\/index.php\/wp-json\/wp\/v2\/users\/7"}],"replies":[{"embeddable":true,"href":"https:\/\/www.aeabadebacal.pt\/index.php\/wp-json\/wp\/v2\/comments?post=12788"}],"version-history":[{"count":28,"href":"https:\/\/www.aeabadebacal.pt\/index.php\/wp-json\/wp\/v2\/pages\/12788\/revisions"}],"predecessor-version":[{"id":12821,"href":"https:\/\/www.aeabadebacal.pt\/index.php\/wp-json\/wp\/v2\/pages\/12788\/revisions\/12821"}],"wp:attachment":[{"href":"https:\/\/www.aeabadebacal.pt\/index.php\/wp-json\/wp\/v2\/media?parent=12788"}],"curies":[{"name":"wp","href":"https:\/\/api.w.org\/{rel}","templated":true}]}}