{"id":1465,"date":"2022-04-03T15:30:27","date_gmt":"2022-04-03T15:30:27","guid":{"rendered":"http:\/\/novo.aeabadebacal.pt:8083\/?page_id=1465"},"modified":"2022-05-24T17:42:21","modified_gmt":"2022-05-24T17:42:21","slug":"atividades-extracurriculares","status":"publish","type":"page","link":"https:\/\/www.aeabadebacal.pt\/index.php\/atividades-extracurriculares\/","title":{"rendered":"Atividades Extracurriculares"},"content":{"rendered":"\t\t<div data-elementor-type=\"wp-page\" data-elementor-id=\"1465\" class=\"elementor elementor-1465\" data-elementor-settings=\"{&quot;ha_cmc_init_switcher&quot;:&quot;no&quot;}\">\n\t\t\t\t\t\t<section class=\"elementor-section elementor-top-section elementor-element elementor-element-a65b416 elementor-section-boxed elementor-section-height-default elementor-section-height-default\" data-id=\"a65b416\" data-element_type=\"section\" data-settings=\"{&quot;_ha_eqh_enable&quot;:false}\">\n\t\t\t\t\t\t<div class=\"elementor-container elementor-column-gap-default\">\n\t\t\t\t\t<div class=\"elementor-column elementor-col-100 elementor-top-column elementor-element elementor-element-f1592eb\" data-id=\"f1592eb\" data-element_type=\"column\">\n\t\t\t<div class=\"elementor-widget-wrap elementor-element-populated\">\n\t\t\t\t\t\t<div class=\"elementor-element elementor-element-66d2323 elementor-widget elementor-widget-image\" data-id=\"66d2323\" data-element_type=\"widget\" data-widget_type=\"image.default\">\n\t\t\t\t<div class=\"elementor-widget-container\">\n\t\t\t\t\t\t\t\t\t\t\t\t\t\t\t<img decoding=\"async\" src=\"https:\/\/www.aeabadebacal.pt\/wp-content\/uploads\/2022\/04\/Atividades-extra-Curriculares.png\" title=\"Atividades extra Curriculares\" alt=\"Atividades extra Curriculares\" loading=\"lazy\" \/>\t\t\t\t\t\t\t\t\t\t\t\t\t\t\t<\/div>\n\t\t\t\t<\/div>\n\t\t\t\t\t<\/div>\n\t\t<\/div>\n\t\t\t\t\t<\/div>\n\t\t<\/section>\n\t\t\t\t<section class=\"elementor-section elementor-top-section elementor-element elementor-element-47414e4 elementor-section-boxed elementor-section-height-default elementor-section-height-default\" data-id=\"47414e4\" data-element_type=\"section\" data-settings=\"{&quot;_ha_eqh_enable&quot;:false}\">\n\t\t\t\t\t\t<div class=\"elementor-container elementor-column-gap-default\">\n\t\t\t\t\t<div class=\"elementor-column elementor-col-100 elementor-top-column elementor-element elementor-element-956f696\" data-id=\"956f696\" data-element_type=\"column\">\n\t\t\t<div class=\"elementor-widget-wrap elementor-element-populated\">\n\t\t\t\t\t\t\t<\/div>\n\t\t<\/div>\n\t\t\t\t\t<\/div>\n\t\t<\/section>\n\t\t\t\t<section class=\"elementor-section elementor-top-section elementor-element elementor-element-7cf63f9 elementor-section-boxed elementor-section-height-default elementor-section-height-default\" data-id=\"7cf63f9\" data-element_type=\"section\" data-settings=\"{&quot;_ha_eqh_enable&quot;:false}\">\n\t\t\t\t\t\t<div class=\"elementor-container elementor-column-gap-default\">\n\t\t\t\t\t<div class=\"elementor-column elementor-col-100 elementor-top-column elementor-element elementor-element-d753aa7\" data-id=\"d753aa7\" data-element_type=\"column\">\n\t\t\t<div class=\"elementor-widget-wrap elementor-element-populated\">\n\t\t\t\t\t\t<div class=\"elementor-element elementor-element-b08e816 elementor-widget elementor-widget-text-editor\" data-id=\"b08e816\" data-element_type=\"widget\" data-widget_type=\"text-editor.default\">\n\t\t\t\t<div class=\"elementor-widget-container\">\n\t\t\t\t\t\t\t\t\t<h5>P\u00e1gina em atualiza\u00e7\u00e3o&#8230;<\/h5>\t\t\t\t\t\t\t\t<\/div>\n\t\t\t\t<\/div>\n\t\t\t\t\t<\/div>\n\t\t<\/div>\n\t\t\t\t\t<\/div>\n\t\t<\/section>\n\t\t\t\t<section class=\"elementor-section elementor-top-section elementor-element elementor-element-ebc6ec3 elementor-section-boxed elementor-section-height-default elementor-section-height-default\" data-id=\"ebc6ec3\" data-element_type=\"section\" data-settings=\"{&quot;_ha_eqh_enable&quot;:false}\">\n\t\t\t\t\t\t<div class=\"elementor-container elementor-column-gap-default\">\n\t\t\t\t\t<div class=\"elementor-column elementor-col-100 elementor-top-column elementor-element elementor-element-ec8db96\" data-id=\"ec8db96\" data-element_type=\"column\">\n\t\t\t<div class=\"elementor-widget-wrap elementor-element-populated\">\n\t\t\t\t\t\t<div class=\"elementor-element elementor-element-91ba485 elementor-widget elementor-widget-text-editor\" data-id=\"91ba485\" data-element_type=\"widget\" data-widget_type=\"text-editor.default\">\n\t\t\t\t<div class=\"elementor-widget-container\">\n\t\t\t\t\t\t\t\t\t<h5><strong>AEC\u00a0&#8211;\u00a0ATIVIDADES\u00a0DE\u00a0ENRIQUECIMENTO\u00a0CURRICULAR<\/strong><\/h5><h4>\u00a0<span style=\"color: #000080;\">\u2014 \u2013<\/span><\/h4><h6><strong>O QUE S\u00c3O ATIVIDADES DE ENRIQUECIMENTO CURRICULAR (AEC)?<\/strong><\/h6><h4>\u00a0<span style=\"color: #000080;\">\u2014 \u2013<\/span><\/h4><div data-lists-content=\"\"><p>De acordo com a\u00a0<a title=\"Portaria n.\u00ba 644-A\/2015, 24 de agosto\" href=\"https:\/\/educa.cm-amadora.pt\/images\/conteudos\/intervencao_educativa\/aec\/Portaria%20644%202015.pdf\" target=\"_blank\" rel=\"noopener\">Portaria n.\u00ba 644-A\/2015, 24 de agosto<\/a>, as Atividades de Enriquecimento Curricular (AEC) s\u00e3o atividades de car\u00e1ter facultativo e de natureza eminentemente l\u00fadica, formativa e cultural que incidam, nomeadamente, nos dom\u00ednios desportivo, art\u00edstico, cient\u00edfico e tecnol\u00f3gico, de liga\u00e7\u00e3o da escola com o meio, de solidariedade e voluntariado e da dimens\u00e3o europeia na educa\u00e7\u00e3o. As AEC s\u00e3o enriquecedoras do curr\u00edculo e das aprendizagens.<\/p><p>A generaliza\u00e7\u00e3o AEC no \u00e2mbito do 1.\u00ba ciclo do ensino b\u00e1sico \u00e9 encarada n\u00e3o s\u00f3 como estrat\u00e9gia de promo\u00e7\u00e3o do sucesso educativo, mas tamb\u00e9m como forma de qualificar os tempos de perman\u00eancia das crian\u00e7as nas escolas, podendo responder adequadamente \u00e0s necessidades das fam\u00edlias.<\/p><p>O Agrupamento de Escoals Abade de Ba\u00e7al, oferece como AEC\u00b4S:<\/p><p><strong>\u203a Ensino do Ingl\u00eas\u00a0<\/strong><\/p><p><strong>\u203a Ensino da M\u00fasica<\/strong><\/p><p><strong>\u203a Atividade F\u00edsica e Desportiva<\/strong><\/p><\/div>\t\t\t\t\t\t\t\t<\/div>\n\t\t\t\t<\/div>\n\t\t\t\t\t<\/div>\n\t\t<\/div>\n\t\t\t\t\t<\/div>\n\t\t<\/section>\n\t\t\t\t<section class=\"elementor-section elementor-top-section elementor-element elementor-element-2553374 elementor-section-boxed elementor-section-height-default elementor-section-height-default\" data-id=\"2553374\" data-element_type=\"section\" data-settings=\"{&quot;_ha_eqh_enable&quot;:false}\">\n\t\t\t\t\t\t<div class=\"elementor-container elementor-column-gap-default\">\n\t\t\t\t\t<div class=\"elementor-column elementor-col-100 elementor-top-column elementor-element elementor-element-6202edb\" data-id=\"6202edb\" data-element_type=\"column\">\n\t\t\t<div class=\"elementor-widget-wrap\">\n\t\t\t\t\t\t\t<\/div>\n\t\t<\/div>\n\t\t\t\t\t<\/div>\n\t\t<\/section>\n\t\t\t\t<section class=\"elementor-section elementor-top-section elementor-element elementor-element-d4cb828 elementor-section-boxed elementor-section-height-default elementor-section-height-default\" data-id=\"d4cb828\" data-element_type=\"section\" data-settings=\"{&quot;_ha_eqh_enable&quot;:false}\">\n\t\t\t\t\t\t<div class=\"elementor-container elementor-column-gap-default\">\n\t\t\t\t\t<div class=\"elementor-column elementor-col-50 elementor-top-column elementor-element elementor-element-00e33f7\" data-id=\"00e33f7\" data-element_type=\"column\">\n\t\t\t<div class=\"elementor-widget-wrap elementor-element-populated\">\n\t\t\t\t\t\t<div class=\"elementor-element elementor-element-8179013 elementor-widget elementor-widget-image\" data-id=\"8179013\" data-element_type=\"widget\" data-widget_type=\"image.default\">\n\t\t\t\t<div class=\"elementor-widget-container\">\n\t\t\t\t\t\t\t\t\t\t\t\t\t\t\t<img fetchpriority=\"high\" decoding=\"async\" width=\"640\" height=\"411\" src=\"https:\/\/www.aeabadebacal.pt\/wp-content\/uploads\/2022\/05\/ensino-ingles.jpg\" class=\"attachment-large size-large wp-image-3348\" alt=\"\" srcset=\"https:\/\/www.aeabadebacal.pt\/wp-content\/uploads\/2022\/05\/ensino-ingles.jpg 640w, https:\/\/www.aeabadebacal.pt\/wp-content\/uploads\/2022\/05\/ensino-ingles-300x193.jpg 300w\" sizes=\"(max-width: 640px) 100vw, 640px\" \/>\t\t\t\t\t\t\t\t\t\t\t\t\t\t\t<\/div>\n\t\t\t\t<\/div>\n\t\t\t\t\t<\/div>\n\t\t<\/div>\n\t\t\t\t<div class=\"elementor-column elementor-col-50 elementor-top-column elementor-element elementor-element-d42a880\" data-id=\"d42a880\" data-element_type=\"column\">\n\t\t\t<div class=\"elementor-widget-wrap elementor-element-populated\">\n\t\t\t\t\t\t<div class=\"elementor-element elementor-element-9a62a97 elementor-widget elementor-widget-text-editor\" data-id=\"9a62a97\" data-element_type=\"widget\" data-widget_type=\"text-editor.default\">\n\t\t\t\t<div class=\"elementor-widget-container\">\n\t\t\t\t\t\t\t\t\t<h6><strong>Ensino do Ingl\u00eas<\/strong><\/h6><h4><span style=\"color: #000080;\">\u2014 \u2013<\/span><\/h4><h6 style=\"background: white; margin: 0cm 0cm 15.0pt 0cm;\"><span style=\"font-size: 11.5pt; font-family: 'Lato',sans-serif; color: #666666;\">Esta atividade tem como objetivo despertar e desenvolver o gosto pela l\u00edngua inglesa e, com isso, contribuir para um desenvolvimento equilibrado das capacidades cognitivas, culturais e lingu\u00edsticas da crian\u00e7a, num mundo onde a l\u00edngua inglesa \u00e9 cada vez mais fundamental e imprescind\u00edvel, estando presente nas diversas vertentes da nossa vida pessoal e profissional.<\/span><\/h6>\t\t\t\t\t\t\t\t<\/div>\n\t\t\t\t<\/div>\n\t\t\t\t\t<\/div>\n\t\t<\/div>\n\t\t\t\t\t<\/div>\n\t\t<\/section>\n\t\t\t\t<section class=\"elementor-section elementor-top-section elementor-element elementor-element-46e4c40 elementor-section-boxed elementor-section-height-default elementor-section-height-default\" data-id=\"46e4c40\" data-element_type=\"section\" data-settings=\"{&quot;_ha_eqh_enable&quot;:false}\">\n\t\t\t\t\t\t<div class=\"elementor-container elementor-column-gap-default\">\n\t\t\t\t\t<div class=\"elementor-column elementor-col-100 elementor-top-column elementor-element elementor-element-5ffbe6f\" data-id=\"5ffbe6f\" data-element_type=\"column\">\n\t\t\t<div class=\"elementor-widget-wrap\">\n\t\t\t\t\t\t\t<\/div>\n\t\t<\/div>\n\t\t\t\t\t<\/div>\n\t\t<\/section>\n\t\t\t\t<section class=\"elementor-section elementor-top-section elementor-element elementor-element-d22164a elementor-section-boxed elementor-section-height-default elementor-section-height-default\" data-id=\"d22164a\" data-element_type=\"section\" data-settings=\"{&quot;_ha_eqh_enable&quot;:false}\">\n\t\t\t\t\t\t<div class=\"elementor-container elementor-column-gap-default\">\n\t\t\t\t\t<div class=\"elementor-column elementor-col-50 elementor-top-column elementor-element elementor-element-c22d4d3\" data-id=\"c22d4d3\" data-element_type=\"column\">\n\t\t\t<div class=\"elementor-widget-wrap elementor-element-populated\">\n\t\t\t\t\t\t<div class=\"elementor-element elementor-element-b52cd2d elementor-widget elementor-widget-text-editor\" data-id=\"b52cd2d\" data-element_type=\"widget\" data-widget_type=\"text-editor.default\">\n\t\t\t\t<div class=\"elementor-widget-container\">\n\t\t\t\t\t\t\t\t\t<h6><strong>Ensino da M\u00fasica<\/strong><\/h6><h4><span style=\"color: #000080;\">\u2014 \u2013<\/span><\/h4><h6 style=\"margin: 0cm; text-align: justify; background: white;\"><span style=\"font-size: 11.5pt; font-family: 'Lato',sans-serif; color: #666666;\">A m\u00fasica i<span class=\"jsgrdq\"><span style=\"box-sizing: border-box; outline: 0px !important;\">nfluencia positivamente o estado de esp\u00edrito de cada um. Num ambiente l\u00fadico, as crian\u00e7as experimentam ritmos e sons t\u00edpicos de v\u00e1rios pontos do mundo, experimentando instrumentos de sala de aula<\/span><\/span>\u00a0<span class=\"jsgrdq\"><span style=\"box-sizing: border-box;\">e<\/span><\/span>\u00a0<span class=\"jsgrdq\"><span style=\"box-sizing: border-box;\">at\u00e9 mesmo instrumentos primitivos.<\/span><\/span><\/span><\/h6><h6 style=\"margin: 0cm; text-align: justify; background: white; box-sizing: border-box; font-variant-ligatures: normal; font-variant-caps: normal; orphans: 2; widows: 2; -webkit-text-stroke-width: 0px; text-decoration-thickness: initial; text-decoration-style: initial; text-decoration-color: initial; word-spacing: 0px;\"><span style=\"box-sizing: border-box;\"><span class=\"jsgrdq\"><span style=\"font-size: 11.5pt; font-family: 'Lato',sans-serif; color: #666666;\">Este processo de descoberta, permite \u00e0s crian\u00e7as desenvolver o gosto por algumas culturas espec\u00edficas, desenvolvendo os pr\u00f3prios interesses musicais.<\/span><\/span><\/span><\/h6>\t\t\t\t\t\t\t\t<\/div>\n\t\t\t\t<\/div>\n\t\t\t\t\t<\/div>\n\t\t<\/div>\n\t\t\t\t<div class=\"elementor-column elementor-col-50 elementor-top-column elementor-element elementor-element-f0877fc\" data-id=\"f0877fc\" data-element_type=\"column\">\n\t\t\t<div class=\"elementor-widget-wrap elementor-element-populated\">\n\t\t\t\t\t\t<div class=\"elementor-element elementor-element-bbe56ee elementor-widget elementor-widget-image\" data-id=\"bbe56ee\" data-element_type=\"widget\" data-widget_type=\"image.default\">\n\t\t\t\t<div class=\"elementor-widget-container\">\n\t\t\t\t\t\t\t\t\t\t\t\t\t\t\t<img decoding=\"async\" width=\"640\" height=\"427\" src=\"https:\/\/www.aeabadebacal.pt\/wp-content\/uploads\/2022\/05\/ensino-musica.jpg\" class=\"attachment-large size-large wp-image-3349\" alt=\"\" srcset=\"https:\/\/www.aeabadebacal.pt\/wp-content\/uploads\/2022\/05\/ensino-musica.jpg 640w, https:\/\/www.aeabadebacal.pt\/wp-content\/uploads\/2022\/05\/ensino-musica-300x200.jpg 300w\" sizes=\"(max-width: 640px) 100vw, 640px\" \/>\t\t\t\t\t\t\t\t\t\t\t\t\t\t\t<\/div>\n\t\t\t\t<\/div>\n\t\t\t\t\t<\/div>\n\t\t<\/div>\n\t\t\t\t\t<\/div>\n\t\t<\/section>\n\t\t\t\t<section class=\"elementor-section elementor-top-section elementor-element elementor-element-d071e99 elementor-section-boxed elementor-section-height-default elementor-section-height-default\" data-id=\"d071e99\" data-element_type=\"section\" data-settings=\"{&quot;_ha_eqh_enable&quot;:false}\">\n\t\t\t\t\t\t<div class=\"elementor-container elementor-column-gap-default\">\n\t\t\t\t\t<div class=\"elementor-column elementor-col-100 elementor-top-column elementor-element elementor-element-8d8b4a0\" data-id=\"8d8b4a0\" data-element_type=\"column\">\n\t\t\t<div class=\"elementor-widget-wrap\">\n\t\t\t\t\t\t\t<\/div>\n\t\t<\/div>\n\t\t\t\t\t<\/div>\n\t\t<\/section>\n\t\t\t\t<section class=\"elementor-section elementor-top-section elementor-element elementor-element-2815ab6 elementor-section-boxed elementor-section-height-default elementor-section-height-default\" data-id=\"2815ab6\" data-element_type=\"section\" data-settings=\"{&quot;_ha_eqh_enable&quot;:false}\">\n\t\t\t\t\t\t<div class=\"elementor-container elementor-column-gap-default\">\n\t\t\t\t\t<div class=\"elementor-column elementor-col-50 elementor-top-column elementor-element elementor-element-647ebdf\" data-id=\"647ebdf\" data-element_type=\"column\">\n\t\t\t<div class=\"elementor-widget-wrap elementor-element-populated\">\n\t\t\t\t\t\t<div class=\"elementor-element elementor-element-cfdf12a elementor-widget elementor-widget-image\" data-id=\"cfdf12a\" data-element_type=\"widget\" data-widget_type=\"image.default\">\n\t\t\t\t<div class=\"elementor-widget-container\">\n\t\t\t\t\t\t\t\t\t\t\t\t\t\t\t<img decoding=\"async\" width=\"640\" height=\"427\" src=\"https:\/\/www.aeabadebacal.pt\/wp-content\/uploads\/2022\/05\/atividade-fisica-e-desportiva.png\" class=\"attachment-large size-large wp-image-3350\" alt=\"\" srcset=\"https:\/\/www.aeabadebacal.pt\/wp-content\/uploads\/2022\/05\/atividade-fisica-e-desportiva.png 640w, https:\/\/www.aeabadebacal.pt\/wp-content\/uploads\/2022\/05\/atividade-fisica-e-desportiva-300x200.png 300w\" sizes=\"(max-width: 640px) 100vw, 640px\" \/>\t\t\t\t\t\t\t\t\t\t\t\t\t\t\t<\/div>\n\t\t\t\t<\/div>\n\t\t\t\t\t<\/div>\n\t\t<\/div>\n\t\t\t\t<div class=\"elementor-column elementor-col-50 elementor-top-column elementor-element elementor-element-b30fe3f\" data-id=\"b30fe3f\" data-element_type=\"column\">\n\t\t\t<div class=\"elementor-widget-wrap elementor-element-populated\">\n\t\t\t\t\t\t<div class=\"elementor-element elementor-element-1deeff9 elementor-widget elementor-widget-text-editor\" data-id=\"1deeff9\" data-element_type=\"widget\" data-widget_type=\"text-editor.default\">\n\t\t\t\t<div class=\"elementor-widget-container\">\n\t\t\t\t\t\t\t\t\t<h6><strong>Atividade F\u00edsica e Desportiva<\/strong><\/h6><h4><span style=\"color: #000080;\">\u2014 \u2013<\/span><\/h4><h6 style=\"margin: 0cm; text-align: justify; background: white;\"><span class=\"jsgrdq\"><span style=\"font-size: 11.5pt; font-family: 'Lato',sans-serif; color: #666666;\">A Atividade F\u00edsica e Desportiva \u2013 AFD \u00e9 uma AEC que, atrav\u00e9s de bases desportivas, tenta suprir as principais necessidades das crian\u00e7as no que diz respeito a estilos de vida saud\u00e1veis.<\/span><\/span><\/h6><h6 style=\"margin: 0cm; text-align: justify; background: white; box-sizing: border-box; font-variant-ligatures: normal; font-variant-caps: normal; orphans: 2; widows: 2; -webkit-text-stroke-width: 0px; text-decoration-thickness: initial; text-decoration-style: initial; text-decoration-color: initial; word-spacing: 0px;\"><span style=\"box-sizing: border-box;\"><span class=\"jsgrdq\"><span style=\"font-size: 11.5pt; font-family: 'Lato',sans-serif; color: #666666;\">Numa sociedade cada vez mais sedent\u00e1ria e analfabeta motora, \u00e9 fundamental criar modelos de refer\u00eancia com t\u00e9cnicos licenciados em Educa\u00e7\u00e3o F\u00edsica ou Desporto.<\/span><\/span><\/span><\/h6>\t\t\t\t\t\t\t\t<\/div>\n\t\t\t\t<\/div>\n\t\t\t\t\t<\/div>\n\t\t<\/div>\n\t\t\t\t\t<\/div>\n\t\t<\/section>\n\t\t\t\t<\/div>\n\t\t","protected":false},"excerpt":{"rendered":"<p>P\u00e1gina em atualiza\u00e7\u00e3o&#8230; AEC\u00a0&#8211;\u00a0ATIVIDADES\u00a0DE\u00a0ENRIQUECIMENTO\u00a0CURRICULAR \u00a0\u2014 \u2013 O QUE S\u00c3O ATIVIDADES DE ENRIQUECIMENTO CURRICULAR (AEC)? \u00a0\u2014 \u2013 De acordo com a\u00a0Portaria n.\u00ba 644-A\/2015, 24 de agosto, as Atividades de Enriquecimento Curricular (AEC) s\u00e3o atividades de car\u00e1ter facultativo e de natureza eminentemente l\u00fadica, formativa e cultural que incidam, nomeadamente, nos dom\u00ednios desportivo, art\u00edstico, cient\u00edfico e tecnol\u00f3gico, de [&hellip;]<\/p>\n","protected":false},"author":3,"featured_media":0,"parent":0,"menu_order":0,"comment_status":"closed","ping_status":"closed","template":"elementor_header_footer","meta":{"_eb_attr":"","site-sidebar-layout":"no-sidebar","site-content-layout":"page-builder","ast-site-content-layout":"default","site-content-style":"default","site-sidebar-style":"default","ast-global-header-display":"","ast-banner-title-visibility":"","ast-main-header-display":"","ast-hfb-above-header-display":"","ast-hfb-below-header-display":"","ast-hfb-mobile-header-display":"","site-post-title":"disabled","ast-breadcrumbs-content":"","ast-featured-img":"disabled","footer-sml-layout":"","theme-transparent-header-meta":"","adv-header-id-meta":"","stick-header-meta":"","header-above-stick-meta":"","header-main-stick-meta":"","header-below-stick-meta":"","astra-migrate-meta-layouts":"default","ast-page-background-enabled":"default","ast-page-background-meta":{"desktop":{"background-color":"","background-image":"","background-repeat":"repeat","background-position":"center center","background-size":"auto","background-attachment":"scroll","background-type":"","background-media":"","overlay-type":"","overlay-color":"","overlay-opacity":"","overlay-gradient":""},"tablet":{"background-color":"","background-image":"","background-repeat":"repeat","background-position":"center center","background-size":"auto","background-attachment":"scroll","background-type":"","background-media":"","overlay-type":"","overlay-color":"","overlay-opacity":"","overlay-gradient":""},"mobile":{"background-color":"","background-image":"","background-repeat":"repeat","background-position":"center center","background-size":"auto","background-attachment":"scroll","background-type":"","background-media":"","overlay-type":"","overlay-color":"","overlay-opacity":"","overlay-gradient":""}},"ast-content-background-meta":{"desktop":{"background-color":"var(--ast-global-color-5)","background-image":"","background-repeat":"repeat","background-position":"center center","background-size":"auto","background-attachment":"scroll","background-type":"","background-media":"","overlay-type":"","overlay-color":"","overlay-opacity":"","overlay-gradient":""},"tablet":{"background-color":"var(--ast-global-color-5)","background-image":"","background-repeat":"repeat","background-position":"center center","background-size":"auto","background-attachment":"scroll","background-type":"","background-media":"","overlay-type":"","overlay-color":"","overlay-opacity":"","overlay-gradient":""},"mobile":{"background-color":"var(--ast-global-color-5)","background-image":"","background-repeat":"repeat","background-position":"center center","background-size":"auto","background-attachment":"scroll","background-type":"","background-media":"","overlay-type":"","overlay-color":"","overlay-opacity":"","overlay-gradient":""}},"footnotes":""},"class_list":["post-1465","page","type-page","status-publish","hentry"],"_links":{"self":[{"href":"https:\/\/www.aeabadebacal.pt\/index.php\/wp-json\/wp\/v2\/pages\/1465","targetHints":{"allow":["GET"]}}],"collection":[{"href":"https:\/\/www.aeabadebacal.pt\/index.php\/wp-json\/wp\/v2\/pages"}],"about":[{"href":"https:\/\/www.aeabadebacal.pt\/index.php\/wp-json\/wp\/v2\/types\/page"}],"author":[{"embeddable":true,"href":"https:\/\/www.aeabadebacal.pt\/index.php\/wp-json\/wp\/v2\/users\/3"}],"replies":[{"embeddable":true,"href":"https:\/\/www.aeabadebacal.pt\/index.php\/wp-json\/wp\/v2\/comments?post=1465"}],"version-history":[{"count":0,"href":"https:\/\/www.aeabadebacal.pt\/index.php\/wp-json\/wp\/v2\/pages\/1465\/revisions"}],"wp:attachment":[{"href":"https:\/\/www.aeabadebacal.pt\/index.php\/wp-json\/wp\/v2\/media?parent=1465"}],"curies":[{"name":"wp","href":"https:\/\/api.w.org\/{rel}","templated":true}]}}