{"id":2747,"date":"2022-04-14T20:49:31","date_gmt":"2022-04-14T20:49:31","guid":{"rendered":"http:\/\/novo.aeabadebacal.pt:8083\/?page_id=2747"},"modified":"2022-09-28T08:58:52","modified_gmt":"2022-09-28T08:58:52","slug":"contratacao-publica","status":"publish","type":"page","link":"https:\/\/www.aeabadebacal.pt\/index.php\/contratacao-publica\/","title":{"rendered":"Contrata\u00e7\u00e3o P\u00fablica"},"content":{"rendered":"\t\t<div data-elementor-type=\"wp-page\" data-elementor-id=\"2747\" class=\"elementor elementor-2747\" data-elementor-settings=\"{&quot;ha_cmc_init_switcher&quot;:&quot;no&quot;}\">\n\t\t\t\t\t\t<section class=\"elementor-section elementor-top-section elementor-element elementor-element-36250e3 elementor-section-boxed elementor-section-height-default elementor-section-height-default\" data-id=\"36250e3\" data-element_type=\"section\" data-settings=\"{&quot;_ha_eqh_enable&quot;:false}\">\n\t\t\t\t\t\t<div class=\"elementor-container elementor-column-gap-default\">\n\t\t\t\t\t<div class=\"elementor-column elementor-col-100 elementor-top-column elementor-element elementor-element-3c94416\" data-id=\"3c94416\" data-element_type=\"column\">\n\t\t\t<div class=\"elementor-widget-wrap elementor-element-populated\">\n\t\t\t\t\t\t<div class=\"elementor-element elementor-element-f2e17ef elementor-widget elementor-widget-image\" data-id=\"f2e17ef\" data-element_type=\"widget\" data-widget_type=\"image.default\">\n\t\t\t\t<div class=\"elementor-widget-container\">\n\t\t\t\t\t\t\t\t\t\t\t\t\t\t\t<img decoding=\"async\" src=\"https:\/\/www.aeabadebacal.pt\/wp-content\/uploads\/2022\/04\/Proccedimentos-Concursais.png\" title=\"Proccedimentos Concursais\" alt=\"Proccedimentos Concursais\" loading=\"lazy\" \/>\t\t\t\t\t\t\t\t\t\t\t\t\t\t\t<\/div>\n\t\t\t\t<\/div>\n\t\t\t\t\t<\/div>\n\t\t<\/div>\n\t\t\t\t\t<\/div>\n\t\t<\/section>\n\t\t\t\t<section class=\"elementor-section elementor-top-section elementor-element elementor-element-5356bb2 elementor-section-boxed elementor-section-height-default elementor-section-height-default\" data-id=\"5356bb2\" data-element_type=\"section\" data-settings=\"{&quot;_ha_eqh_enable&quot;:false}\">\n\t\t\t\t\t\t<div class=\"elementor-container elementor-column-gap-default\">\n\t\t\t\t\t<div class=\"elementor-column elementor-col-100 elementor-top-column elementor-element elementor-element-1b3cc26\" data-id=\"1b3cc26\" data-element_type=\"column\">\n\t\t\t<div class=\"elementor-widget-wrap elementor-element-populated\">\n\t\t\t\t\t\t\t<\/div>\n\t\t<\/div>\n\t\t\t\t\t<\/div>\n\t\t<\/section>\n\t\t\t\t<section class=\"elementor-section elementor-top-section elementor-element elementor-element-3da2419 elementor-section-boxed elementor-section-height-default elementor-section-height-default\" data-id=\"3da2419\" data-element_type=\"section\" data-settings=\"{&quot;_ha_eqh_enable&quot;:false}\">\n\t\t\t\t\t\t<div class=\"elementor-container elementor-column-gap-default\">\n\t\t\t\t\t<div class=\"elementor-column elementor-col-100 elementor-top-column elementor-element elementor-element-86f3072\" data-id=\"86f3072\" data-element_type=\"column\">\n\t\t\t<div class=\"elementor-widget-wrap elementor-element-populated\">\n\t\t\t\t\t\t<div class=\"elementor-element elementor-element-59fcd4f elementor-widget elementor-widget-text-editor\" data-id=\"59fcd4f\" data-element_type=\"widget\" data-widget_type=\"text-editor.default\">\n\t\t\t\t<div class=\"elementor-widget-container\">\n\t\t\t\t\t\t\t\t\t<h5><strong>Procedimento Concursal (em curso)<\/strong><\/h5><p>Contrato de trabalho em fun\u00e7\u00f5es p\u00fablicas por tempo indeterminado para a carreira e categoria de Assistente Operacional \u2013 4 postos de trabalho. Informamos que se encontra aberto, pelo per\u00edodo de 10 dias \u00fateis, contados a partir do dia seguinte ao da publica\u00e7\u00e3o do Aviso em Di\u00e1rio da Rep\u00fablica, o procedimento concursal comum de recrutamento para o preenchimento de 4 (quatro) postos de trabalho em regime de contrato de trabalho em fun\u00e7\u00f5es p\u00fablicas por tempo indeterminado para a carreira e categoria de assistente operacional, a exercer no Agrupamento de Escolas Abade de Ba\u00e7al.<\/p><p>\u203a <a href=\"https:\/\/drive.google.com\/file\/d\/10Bfs_iw4T8xEKiVNthr1kNLnElDXXted\/view?usp=sharing\" target=\"_blank\" rel=\"noopener\">Di\u00e1rio da Rep\u00fablica n.\u00ba 50\/2022, S\u00e9rie II de 2022-03-11 \u2013 Aviso (extrato) n.\u00ba 5184\/2022 (Doc. Aviso Extrato)<\/a><\/p><p>\u203a <a href=\"https:\/\/drive.google.com\/file\/d\/1l0jHmfM-C_pe-J_K1YK0eLWkVzSQWxhu\/view?usp=sharing\" target=\"_blank\" rel=\"noopener\">PND \u2013 Procedimento Concursal \u2013 Plataforma SIGRHE (Doc. SIGRHE)<\/a><\/p><p>\u203a <a href=\"https:\/\/drive.google.com\/file\/d\/1b5W1sZLLU4RJe_tH-3dp3cXYeN4Rc4IQ\/view?usp=sharing\" target=\"_blank\" rel=\"noopener\">Bolsa de Emprego P\u00fablico (BEP) \u2013 Oferta n.\u00ba OE202203\/0355 (Doc. BEP)<\/a><\/p><p>\u203a <a href=\"https:\/\/drive.google.com\/file\/d\/15IjPnyQRk8vpT5_73aFqW4vL1INPVY7L\/view?usp=sharing\" target=\"_blank\" rel=\"noopener\">Aviso de Abertura do Procedimento Concursal \u2013 integral (Doc. Aviso Integral)<\/a><\/p><p>\u203a <a href=\"https:\/\/drive.google.com\/file\/d\/1D_VfMyqi9pw5b9x5vEeNx9o2zX8AYXMu\/view?usp=sharing\" target=\"_blank\" rel=\"noopener\">Ata do J\u00fari \u2013 n.\u00ba 1 (Doc. Ata n.\u00ba 1)<\/a><\/p><p>\u203a <a href=\"https:\/\/drive.google.com\/file\/d\/1IEmJwKHkwMqRHcy5VT92962GCH8mZ0Qk\/view?usp=sharing\" target=\"_blank\" rel=\"noopener\">Instru\u00e7\u00f5es Gerais de Utiliza\u00e7\u00e3o do SIGRHE para PND &#8211; pessoal n\u00e3o docente\u00a0 \u00a0<\/a> \u00a0 \u00a0 \u00a0<\/p><h5><strong>Fases do Concurso<\/strong><\/h5><p><span style=\"color: #ff8400;\"><strong>FASE 0<\/strong> &#8211;<strong> Apresenta\u00e7\u00e3o das Candidaturas de 14 a 25 de mar\u00e7o de 2022<\/strong><\/span><\/p><p>\u203a <a href=\"https:\/\/drive.google.com\/file\/d\/15IjPnyQRk8vpT5_73aFqW4vL1INPVY7L\/view\" target=\"_blank\" rel=\"noopener\">Aviso de Abertura do Procedimento Concursal \u2013 integral (Doc. Aviso Integral)<\/a><\/p><p><span style=\"color: #ff8400;\"><strong>FASE 1<\/strong> &#8211;<strong> Candidatos admitidos e exclu\u00eddos ao Procedimento Concursal \u2013\u00a0publicado a 27\/04\/2022<\/strong><\/span><\/p><h5><strong>\u2014 &#8211;<\/strong><\/h5><p>\u203a <a href=\"https:\/\/drive.google.com\/file\/d\/1bo9fFfycTQWtIZpcxOW9U1N4J0-Pcsq_\/view?usp=sharing\" target=\"_blank\" rel=\"noopener\">Lista Provis\u00f3ria de Candidatos Exclu\u00eddos <span style=\"color: #ff0000;\">\u2192<\/span> \u00a0<\/a><\/p><p>\u203a <a href=\"https:\/\/drive.google.com\/file\/d\/1a42qZvPOVtVnctrBeOIgJqHwjovvX54U\/view?usp=sharing\" target=\"_blank\" rel=\"noopener\">Lista Provis\u00f3ria de Candidatos Admitidos M\u00e9todo de Sele\u00e7\u00e3o Avalia\u00e7\u00e3o Curricular e Entrevista de Avalia\u00e7\u00e3o de Compet\u00eancias <span style=\"color: #ff0000;\">\u2192<\/span><\/a><\/p><p>\u203a <a href=\"https:\/\/drive.google.com\/file\/d\/1wEWCQzQSVJsJygFAKcv5RMvuykRQzOqC\/view?usp=sharing\" target=\"_blank\" rel=\"noopener\">Lista Provis\u00f3ria de Candidatos Admitidos M\u00e9todo de Sele\u00e7\u00e3o Prova de Conhecimentos e Avalia\u00e7\u00e3o Psicol\u00f3gica <span style=\"color: #ff0000;\">\u2192<\/span><\/a><\/p><h5><strong>\u2014 &#8211; <\/strong><strong>\u2014 &#8211; <\/strong><strong>\u2014 &#8211; <\/strong><strong>\u2014 &#8211;<\/strong><\/h5><p>\u203a <a href=\"https:\/\/drive.google.com\/file\/d\/164kE7sysHq4bogM09jCbA2M5s0DlSS1S\/view?usp=sharing\" target=\"_blank\" rel=\"noopener\">Lista FINAL de admiss\u00e3o ao Procedimento Concursal (Publicada a: 05.05.20022) <span style=\"color: #ff6600;\">\u2192<\/span><\/a><\/p><p>\u203a <a href=\"https:\/\/drive.google.com\/file\/d\/1DL3eaSTBg9BfMxu7zpFI82wWXkZ8cTEy\/view?usp=sharing\" target=\"_blank\" rel=\"noopener\">Lista FINAL de exclus\u00e3o ao Procedimento Concursal (Publicada a: 05.05.20022) <strong><span style=\"color: #ff6600;\">\u2192<\/span><\/strong><\/a><\/p><h5><strong>\u2014 &#8211; <\/strong><strong>\u2014 &#8211; <\/strong><strong>\u2014 &#8211; <\/strong><strong>\u2014 &#8211;<\/strong><\/h5><p><span style=\"color: #ff8400;\"><strong>FASE 1<\/strong> &#8211;<strong> Candidatos admitidos e exclu\u00eddos ao Procedimento Concursal \u2013 publicado a 20\/05\/2022<\/strong><\/span><\/p><p>\u203a <a href=\"https:\/\/drive.google.com\/file\/d\/19PqatVHCSMT5VhChy3CtRdTuv-gNZHex\/view?usp=sharing\" target=\"_blank\" rel=\"noopener\">Lista FINAL de Admiss\u00e3o ao Procedimento Concursal<u><\/u> &#8211;\u00a0p\u00f3s Audi\u00eancia pr\u00e9via \/ Pron\u00fancia de Interessados\u00a0(retif. &#8211; 20\/05\/2022) <strong><span style=\"color: #ff0000;\">\u2192<\/span><\/strong><\/a><\/p><p>\u203a <a href=\"https:\/\/drive.google.com\/file\/d\/1wH9wiDun-smXZhyNYS1gal2BQy8STwW_\/view?usp=sharing\" target=\"_blank\" rel=\"noopener\">Lista FINAL de Exclus\u00e3o ao Procedimento Concursal<u><\/u>&#8211; p\u00f3s Audi\u00eancia pr\u00e9via \/ Pron\u00fancia de Interessados (retif. &#8211; 20\/05\/2022) <strong><span style=\"color: #ff0000;\">\u2192<\/span><\/strong><\/a><\/p><p>(decorreu Audi\u00eancia Pr\u00e9via prevista no n.\u00ba 4 do art.\u00ba 21\u00ba Portaria n.\u00ba 125-A\/2019, de 30 de abril, alterada pela Portaria n.\u00ba 12-A\/2021, de 11 de janeiro)<\/p><h5><strong>\u2014 &#8211; <\/strong><strong>\u2014 &#8211; <\/strong><strong>\u2014 &#8211; <\/strong><strong>\u2014 &#8211;<\/strong><\/h5><p><span style=\"color: #ff8400;\"><strong>FASE 2 (a)<\/strong>\u00a0&#8211;<strong> M\u00e9todos de Sele\u00e7\u00e3o (Aviso de Abertura do Concurso \u2013 integral) \u2013 publicado a 01\/06\/2022<\/strong><\/span><\/p><p>\u203a Ponto 13.1 \u2013\u00a0<strong>Candidatos que N\u00c3O estejam a cumprir ou a executar a atribui\u00e7\u00e3o, compet\u00eancia ou atividade caraterizadoras do posto de trabalho em causa<\/strong>(n.\u00ba 1 do Art.\u00ba 36.\u00ba da LTFP):<\/p><ul><li><span style=\"color: #800080;\">1\u00ba m\u00e9todo de sele\u00e7\u00e3o:\u00a0<strong>Prova de Conhecimentos (PC) \u2013 ponto 13.4<\/strong><\/span><\/li><li>Data:\u00a04\u00aa feira, 8 de junho de 2022<\/li><li>Hora:\u00a016:30 (os candidatos devem comparecer at\u00e9 \u00e0s 16:15)<\/li><li>Local:\u00a0Escola Secund\u00e1ria\/3 Abade de Ba\u00e7al<\/li><li>Tipo de Prova:\u00a0Prova escrita (sem consulta)<\/li><li><strong>Bibliografia necess\u00e1ria <\/strong><strong>\u2013 ponto 13.4.6\u00a0<\/strong><\/li><li>Lei n.\u00ba 35\/2014, de 20 de junho (Lei Geral do Trabalho em Fun\u00e7\u00f5es P\u00fablicas) ;<\/li><li>Lei n.\u00ba 66 -B\/2007, de 28 de dezembro (SIADAP);<\/li><li>Projeto Educativo do Agrupamento;<\/li><li>Regulamento Interno do Agrupamento.<\/li><\/ul><p>\u00a0 \u00a0 \u00a0 <strong>CONVOCAT\u00d3RIA<\/strong> &#8211; <strong>1.\u00ba m\u00e9todo de sele\u00e7\u00e3o \u2013 Prova de Conhecimentos<\/strong> (<span style=\"color: #ff0000;\"><strong><a style=\"color: #ff0000;\" href=\"https:\/\/drive.google.com\/file\/d\/1ZVEptjJ5P_1RUwTUNsA1E5ZW9bQjJyTQ\/view?usp=sharing\" target=\"_blank\" rel=\"noopener\">Abrir<\/a><\/strong><\/span>) <a href=\"https:\/\/drive.google.com\/file\/d\/1ZVEptjJ5P_1RUwTUNsA1E5ZW9bQjJyTQ\/view?usp=sharing\" target=\"_blank\" rel=\"noopener\"><span style=\"color: #ff0000;\"><strong>\u2192<\/strong><\/span><\/a><\/p><p>\u203a<span style=\"color: #ff6600;\"><strong>Publicita\u00e7\u00e3o dos resultados da Prova de Conhecimentos<\/strong><\/span>\u00a0<\/p><ul><li><a href=\"https:\/\/drive.google.com\/file\/d\/1I6GNeONdYQ4PMoT77KQM4pcuziZUPuJm\/view?usp=sharing\" target=\"_blank\" rel=\"noopener\">Lista Ordenada (alfabeticamente) \u2013 Prova de Conhecimentos (publicada a 17\/06\/2022) <span style=\"color: #ff0000;\"><strong>\u2192<\/strong><\/span><\/a><ul><li>(decorreu Audi\u00eancia Pr\u00e9via prevista no n.\u00ba 4 do art.\u00ba 21\u00ba Portaria n.\u00ba 125-A\/2019, de 30 de abril, alterada pela Portaria n.\u00ba 12-A\/2021, de 11 de janeiro)<\/li><\/ul><\/li><\/ul><ul><li><p><a href=\"https:\/\/drive.google.com\/file\/d\/1Rb_UN8jjQZVA5wCzhWdVgu9ovf4n_OH2\/view?usp=sharing\" target=\"_blank\" rel=\"noopener\">Lista Ordenada (alfabeticamente)\u2013Prova de Conhecimentos (PC)\u2013p\u00f3s Audi\u00eancia pr\u00e9via\/Pron\u00fancia de Interessados (publicada a 01\/07\/2022) <span style=\"color: #ff0000;\">\u2192<\/span><\/a><\/p><\/li><\/ul><ul><li><strong><span style=\"color: #800080;\">2\u00ba m\u00e9todo de sele\u00e7\u00e3o: Avalia\u00e7\u00e3o Psicol\u00f3gica (AP)<\/span> \u203a<\/strong><\/li><\/ul><p><strong>\u00a0 \u00a0<a href=\"https:\/\/drive.google.com\/file\/d\/1y619DISY1MtGm9CEHHbbe6tqZsA4qZwI\/view?usp=sharing\" target=\"_blank\" rel=\"noopener\">CONVOCAT\u00d3RIA<\/a><\/strong> <a href=\"https:\/\/drive.google.com\/file\/d\/1y619DISY1MtGm9CEHHbbe6tqZsA4qZwI\/view?usp=sharing\" target=\"_blank\" rel=\"noopener\">\u2013 2\u00ba m\u00e9todo de sele\u00e7\u00e3o \u2013 Avalia\u00e7\u00e3o Psicol\u00f3gica (AP) \u2013 1.\u00aa Fase <span style=\"color: #ff0000;\"><strong>\u2192<\/strong><\/span><\/a><\/p><p>\u00a0 \u00a0<a href=\"https:\/\/drive.google.com\/file\/d\/1Ye06ijJKAQpNT2C6SkMfPEMXX9OSbSci\/view?usp=sharing\" target=\"_blank\" rel=\"noopener\"><strong>CONVOCAT\u00d3RIA<\/strong>\u00a0 \u2013 2\u00ba m\u00e9todo de sele\u00e7\u00e3o \u2013 Avalia\u00e7\u00e3o Psicol\u00f3gica (AP)\u00a0\u00a0&#8211; 2.\u00aa Fase <strong><span style=\"color: #ff0000;\">\u2192<\/span><\/strong><\/a><\/p><p><strong><span style=\"color: #3366ff;\">\u00a0<a href=\"https:\/\/drive.google.com\/file\/d\/1oiiWkiiAYqPEibp9q7ViQxCIvVqthjUa\/view?usp=sharing\" target=\"_blank\" rel=\"noopener\">L<span style=\"color: #3366ff;\">ista Ordenada (alfabeticamente) \u2013 Avalia\u00e7\u00e3o Psicol\u00f3gica (AP) \u2013 1.\u00aa e 2.\u00aa fases\u00a0 (Publicado a 01\/09\/2022)\u2192<\/span><\/a><\/span> <img decoding=\"async\" src=\"http:\/\/escolas.uevora.pt\/mesaofrioedu\/pluginfile.php\/46\/mod_forum\/post\/1935\/new2_e3.gif\" \/><\/strong><\/p><p>\u203a Ponto 13.2 \u2013 <strong>Candidatos que estejam a cumprir ou a executar a atribui\u00e7\u00e3o, compet\u00eancia ou atividade caracterizadoras do posto de trabalho em causa\u00a0<\/strong>(n.\u00ba2 do Art.\u00ba 36.\u00ba da LTFP):<\/p><ul><li><span style=\"color: #800080;\">1\u00ba m\u00e9todo de sele\u00e7\u00e3o:\u00a0<strong><strong>Avalia\u00e7\u00e3o Curricular (AC) \u2013 ponto 13.6<\/strong><\/strong><\/span><\/li><\/ul><p>\u203a <span style=\"color: #ff6600;\"><strong>Publicita\u00e7\u00e3o dos resultados da Avalia\u00e7\u00e3o Curricular\u00a0<\/strong><\/span><\/p><ul><li style=\"list-style-type: none;\"><ul><li><a href=\"https:\/\/drive.google.com\/file\/d\/1I26MO4Kfm_T2gq-Iz2wnFo5dQ7-t80Vd\/view?usp=sharing\" target=\"_blank\" rel=\"noopener\">Lista Ordenada (alfabeticamente) \u2013 Avalia\u00e7\u00e3o Curricular (AC) (publicada a 17\/06\/2022) <strong><span style=\"color: #ff0000;\">\u2192<\/span><\/strong><\/a><ul><li>(decorreu Audi\u00eancia Pr\u00e9via prevista no n.\u00ba 4 do art.\u00ba 21\u00ba Portaria n.\u00ba 125-A\/2019, de 30 de abril, alterada pela Portaria n.\u00ba 12-A\/2021, de 11 de janeiro)<\/li><\/ul><\/li><\/ul><\/li><\/ul><ul><li style=\"list-style-type: none;\"><ul><li><a href=\"https:\/\/drive.google.com\/file\/d\/1Dbcc3Qe_6IuTsOO7_bLpxe3xfeK3ZwNM\/view?usp=sharing\" target=\"_blank\" rel=\"noopener\">Lista Ordenada (alfabeticamente) \u2013 Avalia\u00e7\u00e3o Curricular (AC) \u2013 p\u00f3s Audi\u00eancia pr\u00e9via\/Pron\u00fancia de Interessados (publicada a 01\/07\/2022) <span style=\"color: #ff0000;\"><strong>\u2192<\/strong><\/span><\/a><\/li><\/ul><\/li><\/ul><ul><li><strong><span style=\"color: #ff6600;\">\u00a0<span style=\"color: #800080;\">2\u00ba m\u00e9todo de sele\u00e7\u00e3o:\u00a0Entrevista de Avalia\u00e7\u00e3o de Compet\u00eancias (EAC)<\/span>\u00a0<\/span><\/strong><\/li><\/ul><p>\u00a0 \u00a0<a href=\"https:\/\/drive.google.com\/file\/d\/1zvF3HQKIavJQSDApda7dOSd09J72CGr1\/view?usp=sharing\" target=\"_blank\" rel=\"noopener\"><strong>CONVOCAT\u00d3RIA<\/strong> \u2013 2\u00ba m\u00e9todo de sele\u00e7\u00e3o \u2013 Entrevista de Avalia\u00e7\u00e3o de Compet\u00eancias (EAC) <strong><span style=\"color: #ff0000;\">\u2192<\/span><\/strong><\/a><strong><span style=\"color: #ff0000;\">\u00a0<\/span><\/strong><\/p><p><strong><a href=\"https:\/\/drive.google.com\/file\/d\/1BTOAWToezeioI2PqIH4zgPrrb3eeiMVv\/view?usp=sharing\" target=\"_blank\" rel=\"noopener\"><span style=\"color: #3366ff;\">Lista Ordenada (alfabeticamente) \u2013 Entrevista de Avalia\u00e7\u00e3o de Compet\u00eancias (EAC)\u2192<\/span><\/a>\u00a0<\/strong><\/p><h5><strong>\u2014 &#8211; <\/strong><strong>\u2014 &#8211; <\/strong><strong>\u2014 &#8211; <\/strong><strong>\u2014 &#8211;<\/strong><\/h5><p><span style=\"color: #ff8400;\"><strong>FASE 2 (b)<\/strong>\u00a0&#8211;<strong> M\u00e9todos de Sele\u00e7\u00e3o &#8211; 1 e 2 de 3 (Conclu\u00eddos) \u2013 publicado a 01\/09\/2022<\/strong><\/span><\/p><p><a href=\"https:\/\/drive.google.com\/file\/d\/1ijmjk8r8EEbspgW2LKCHP5K4BuzgzUsI\/view?usp=sharing\" target=\"_blank\" rel=\"noopener\"><span style=\"color: #0000ff;\"><strong>Lista de ordena\u00e7\u00e3o decrescente de classifica\u00e7\u00e3o \u2013 ap\u00f3s o 2\u00ba m\u00e9todo de sele\u00e7\u00e3o<\/strong>\u00a0\u2013\u00a01\u00ba e 2\u00ba m\u00e9todo de sele\u00e7\u00e3o \u2013 ponto 13.1 e 13.2 conclu\u00eddos\u00a0(publicado a 01\/09\/2022) \u2192<\/span><\/a><\/p><h5><strong>\u2014 &#8211; <\/strong><strong>\u2014 &#8211; <\/strong><strong>\u2014 &#8211; <\/strong><strong>\u2014 &#8211;<\/strong><\/h5><p><strong><span style=\"color: #ff8400;\">FASE 3\u00a0&#8211;\u00a0<\/span><span style=\"color: #ff6600;\">M\u00e9todo de Sele\u00e7\u00e3o<\/span><\/strong><span style=\"color: #ff6600;\">\u00a0\u2013 3 de 3:\u00a0\u00a0<strong>Entrevista Profissional de Sele\u00e7\u00e3o (EPS) &#8211; <\/strong>Ponto 13.8:<\/span><\/p><ul><li>3\u00ba m\u00e9todo de sele\u00e7\u00e3o:\u00a0<strong>Entrevista Profissional de Sele\u00e7\u00e3o (EPS)<\/strong><ul><li><strong><a href=\"https:\/\/drive.google.com\/file\/d\/1_zHCpIOJfKTv1xNMicK4xrXTr0nQxko4\/view?usp=sharing\" target=\"_blank\" rel=\"noopener\">Convocat\u00f3ria (EPS)<\/a><\/strong>(publicado a 01\/09\/2022)\u2192\u00a0<\/li><li><p><strong><a href=\"https:\/\/drive.google.com\/file\/d\/1J5h00ip0QhBIjD-G2I1O8N2B7jlvRWVc\/view?usp=sharing\" target=\"_blank\" rel=\"noopener\">Lista Ordenada Entrevista Profissional de Sele\u00e7\u00e3o (EPS)<\/a> (publicado a 13\/09\/2022) \u2192<\/strong>\u00a0<\/p><\/li><\/ul><\/li><\/ul><h5><strong>\u2014 &#8211; <\/strong><strong>\u2014 &#8211; <\/strong><strong>\u2014 &#8211; <\/strong><strong>\u2014 &#8211;<\/strong><\/h5><ul><li><h5 style=\"margin: 0cm; background: white;\"><span style=\"font-family: Roboto; color: #1f1f1f; font-weight: normal;\"><a href=\"https:\/\/drive.google.com\/file\/d\/1LDy6amXBI5E3iBKXDI_IKYG3AvFhn_R4\/view?usp=sharing\" target=\"_blank\" rel=\"noopener\"><strong>Lista de Ordena\u00e7\u00e3o Final (publicado a 13\/09\/2022) \u2192<\/strong><\/a>\u00a0<\/span><\/h5><\/li><\/ul><h5><strong>\u2014 &#8211; <\/strong><strong>\u2014 &#8211; <\/strong><strong>\u2014 &#8211; <\/strong><strong>\u2014 &#8211;<\/strong><\/h5><ul><li><p><a href=\"https:\/\/drive.google.com\/file\/d\/1aUTzboG6sXcDbdlY63TClgsfua7X43sK\/view?usp=sharing\" target=\"_blank\" rel=\"noopener\"><strong>Lista de Ordena\u00e7\u00e3o Final &#8211; ap\u00f3s conclus\u00e3o da audi\u00eancia pr\u00e9via (publicado a 28\/09\/2022)\u2192<\/strong><\/a><span style=\"font-family: Roboto; color: #1f1f1f; font-weight: normal;\"> <strong><span style=\"color: #ff6600;\"><img decoding=\"async\" class=\"\" src=\"http:\/\/escolas.uevora.pt\/mesaofrioedu\/pluginfile.php\/46\/mod_forum\/post\/1935\/new2_e3.gif\" width=\"26\" height=\"10\" \/><\/span><\/strong><\/span><\/p><\/li><\/ul>\t\t\t\t\t\t\t\t<\/div>\n\t\t\t\t<\/div>\n\t\t\t\t\t<\/div>\n\t\t<\/div>\n\t\t\t\t\t<\/div>\n\t\t<\/section>\n\t\t\t\t<\/div>\n\t\t","protected":false},"excerpt":{"rendered":"<p>Procedimento Concursal (em curso) Contrato de trabalho em fun\u00e7\u00f5es p\u00fablicas por tempo indeterminado para a carreira e categoria de Assistente Operacional \u2013 4 postos de trabalho. Informamos que se encontra aberto, pelo per\u00edodo de 10 dias \u00fateis, contados a partir do dia seguinte ao da publica\u00e7\u00e3o do Aviso em Di\u00e1rio da Rep\u00fablica, o procedimento concursal [&hellip;]<\/p>\n","protected":false},"author":3,"featured_media":0,"parent":0,"menu_order":0,"comment_status":"closed","ping_status":"closed","template":"elementor_header_footer","meta":{"_eb_attr":"","site-sidebar-layout":"no-sidebar","site-content-layout":"page-builder","ast-site-content-layout":"default","site-content-style":"default","site-sidebar-style":"default","ast-global-header-display":"","ast-banner-title-visibility":"","ast-main-header-display":"","ast-hfb-above-header-display":"","ast-hfb-below-header-display":"","ast-hfb-mobile-header-display":"","site-post-title":"disabled","ast-breadcrumbs-content":"","ast-featured-img":"disabled","footer-sml-layout":"","theme-transparent-header-meta":"","adv-header-id-meta":"","stick-header-meta":"","header-above-stick-meta":"","header-main-stick-meta":"","header-below-stick-meta":"","astra-migrate-meta-layouts":"default","ast-page-background-enabled":"default","ast-page-background-meta":{"desktop":{"background-color":"","background-image":"","background-repeat":"repeat","background-position":"center center","background-size":"auto","background-attachment":"scroll","background-type":"","background-media":"","overlay-type":"","overlay-color":"","overlay-opacity":"","overlay-gradient":""},"tablet":{"background-color":"","background-image":"","background-repeat":"repeat","background-position":"center center","background-size":"auto","background-attachment":"scroll","background-type":"","background-media":"","overlay-type":"","overlay-color":"","overlay-opacity":"","overlay-gradient":""},"mobile":{"background-color":"","background-image":"","background-repeat":"repeat","background-position":"center center","background-size":"auto","background-attachment":"scroll","background-type":"","background-media":"","overlay-type":"","overlay-color":"","overlay-opacity":"","overlay-gradient":""}},"ast-content-background-meta":{"desktop":{"background-color":"var(--ast-global-color-5)","background-image":"","background-repeat":"repeat","background-position":"center center","background-size":"auto","background-attachment":"scroll","background-type":"","background-media":"","overlay-type":"","overlay-color":"","overlay-opacity":"","overlay-gradient":""},"tablet":{"background-color":"var(--ast-global-color-5)","background-image":"","background-repeat":"repeat","background-position":"center center","background-size":"auto","background-attachment":"scroll","background-type":"","background-media":"","overlay-type":"","overlay-color":"","overlay-opacity":"","overlay-gradient":""},"mobile":{"background-color":"var(--ast-global-color-5)","background-image":"","background-repeat":"repeat","background-position":"center center","background-size":"auto","background-attachment":"scroll","background-type":"","background-media":"","overlay-type":"","overlay-color":"","overlay-opacity":"","overlay-gradient":""}},"footnotes":""},"class_list":["post-2747","page","type-page","status-publish","hentry"],"_links":{"self":[{"href":"https:\/\/www.aeabadebacal.pt\/index.php\/wp-json\/wp\/v2\/pages\/2747","targetHints":{"allow":["GET"]}}],"collection":[{"href":"https:\/\/www.aeabadebacal.pt\/index.php\/wp-json\/wp\/v2\/pages"}],"about":[{"href":"https:\/\/www.aeabadebacal.pt\/index.php\/wp-json\/wp\/v2\/types\/page"}],"author":[{"embeddable":true,"href":"https:\/\/www.aeabadebacal.pt\/index.php\/wp-json\/wp\/v2\/users\/3"}],"replies":[{"embeddable":true,"href":"https:\/\/www.aeabadebacal.pt\/index.php\/wp-json\/wp\/v2\/comments?post=2747"}],"version-history":[{"count":0,"href":"https:\/\/www.aeabadebacal.pt\/index.php\/wp-json\/wp\/v2\/pages\/2747\/revisions"}],"wp:attachment":[{"href":"https:\/\/www.aeabadebacal.pt\/index.php\/wp-json\/wp\/v2\/media?parent=2747"}],"curies":[{"name":"wp","href":"https:\/\/api.w.org\/{rel}","templated":true}]}}