{"id":3273,"date":"2022-05-12T17:35:41","date_gmt":"2022-05-12T17:35:41","guid":{"rendered":"http:\/\/www.aeabadebacal.pt\/?page_id=3273"},"modified":"2022-05-12T18:04:47","modified_gmt":"2022-05-12T18:04:47","slug":"creditos","status":"publish","type":"page","link":"https:\/\/www.aeabadebacal.pt\/index.php\/creditos\/","title":{"rendered":"Cr\u00e9ditos"},"content":{"rendered":"\t\t<div data-elementor-type=\"wp-page\" data-elementor-id=\"3273\" class=\"elementor elementor-3273\" data-elementor-settings=\"{&quot;ha_cmc_init_switcher&quot;:&quot;no&quot;}\">\n\t\t\t\t\t\t<section class=\"elementor-section elementor-top-section elementor-element elementor-element-decdd9d elementor-section-boxed elementor-section-height-default elementor-section-height-default\" data-id=\"decdd9d\" data-element_type=\"section\" data-settings=\"{&quot;_ha_eqh_enable&quot;:false}\">\n\t\t\t\t\t\t<div class=\"elementor-container elementor-column-gap-default\">\n\t\t\t\t\t<div class=\"elementor-column elementor-col-100 elementor-top-column elementor-element elementor-element-e497c20\" data-id=\"e497c20\" data-element_type=\"column\">\n\t\t\t<div class=\"elementor-widget-wrap elementor-element-populated\">\n\t\t\t\t\t\t<div class=\"elementor-element elementor-element-f41c13a elementor-widget elementor-widget-image\" data-id=\"f41c13a\" data-element_type=\"widget\" data-widget_type=\"image.default\">\n\t\t\t\t<div class=\"elementor-widget-container\">\n\t\t\t\t\t\t\t\t\t\t\t\t\t\t\t<img fetchpriority=\"high\" decoding=\"async\" width=\"1024\" height=\"256\" src=\"https:\/\/www.aeabadebacal.pt\/wp-content\/uploads\/2022\/05\/Politica-de-privacidade-e-creditos-1024x256.png\" class=\"attachment-large size-large wp-image-3285\" alt=\"\" srcset=\"https:\/\/www.aeabadebacal.pt\/wp-content\/uploads\/2022\/05\/Politica-de-privacidade-e-creditos-1024x256.png 1024w, https:\/\/www.aeabadebacal.pt\/wp-content\/uploads\/2022\/05\/Politica-de-privacidade-e-creditos-300x75.png 300w, https:\/\/www.aeabadebacal.pt\/wp-content\/uploads\/2022\/05\/Politica-de-privacidade-e-creditos-768x192.png 768w, https:\/\/www.aeabadebacal.pt\/wp-content\/uploads\/2022\/05\/Politica-de-privacidade-e-creditos-1536x384.png 1536w, https:\/\/www.aeabadebacal.pt\/wp-content\/uploads\/2022\/05\/Politica-de-privacidade-e-creditos.png 1920w\" sizes=\"(max-width: 1024px) 100vw, 1024px\" \/>\t\t\t\t\t\t\t\t\t\t\t\t\t\t\t<\/div>\n\t\t\t\t<\/div>\n\t\t\t\t\t<\/div>\n\t\t<\/div>\n\t\t\t\t\t<\/div>\n\t\t<\/section>\n\t\t\t\t<section class=\"elementor-section elementor-top-section elementor-element elementor-element-e4ab94a elementor-section-boxed elementor-section-height-default elementor-section-height-default\" data-id=\"e4ab94a\" data-element_type=\"section\" data-settings=\"{&quot;_ha_eqh_enable&quot;:false}\">\n\t\t\t\t\t\t<div class=\"elementor-container elementor-column-gap-default\">\n\t\t\t\t\t<div class=\"elementor-column elementor-col-100 elementor-top-column elementor-element elementor-element-bc7307f\" data-id=\"bc7307f\" data-element_type=\"column\">\n\t\t\t<div class=\"elementor-widget-wrap elementor-element-populated\">\n\t\t\t\t\t\t\t<\/div>\n\t\t<\/div>\n\t\t\t\t\t<\/div>\n\t\t<\/section>\n\t\t\t\t<section class=\"elementor-section elementor-top-section elementor-element elementor-element-7f043ef elementor-section-boxed elementor-section-height-default elementor-section-height-default\" data-id=\"7f043ef\" data-element_type=\"section\" data-settings=\"{&quot;_ha_eqh_enable&quot;:false}\">\n\t\t\t\t\t\t<div class=\"elementor-container elementor-column-gap-default\">\n\t\t\t\t\t<div class=\"elementor-column elementor-col-50 elementor-top-column elementor-element elementor-element-8d0d2b4\" data-id=\"8d0d2b4\" data-element_type=\"column\">\n\t\t\t<div class=\"elementor-widget-wrap elementor-element-populated\">\n\t\t\t\t\t\t<div class=\"elementor-element elementor-element-1ff7cae elementor-widget elementor-widget-text-editor\" data-id=\"1ff7cae\" data-element_type=\"widget\" data-widget_type=\"text-editor.default\">\n\t\t\t\t<div class=\"elementor-widget-container\">\n\t\t\t\t\t\t\t\t\t<h6><strong>Pol\u00edtica de Privacidade<\/strong><\/h6><p>O AEAB, considerando que a prote\u00e7\u00e3o dos dados pessoais, relativamente ao seu tratamento, \u00e9 um direito fundamental, assegura o respeito pela sua privacidade e assume o compromisso de oferecer um servi\u00e7o de qualidade, atrav\u00e9s de todas as suas formas de relacionamento com a comunidade educativa e demais cidad\u00e3os, no s\u00edtio Web, nas aplica\u00e7\u00f5es e outros suportes tecnol\u00f3gicos, garantindo que a navega\u00e7\u00e3o e utiliza\u00e7\u00e3o de todas as funcionalidades se realizam em seguran\u00e7a e respeitam a privacidade dos titulares dos dados pessoais.<\/p><p>O AEAB respeita as normas de prote\u00e7\u00e3o de dados, consagradas no Regulamento (UE) 2016\/679 do Parlamento Europeu e do Conselho de 27 de abril de 2016 (<strong>Regulamento Geral de Prote\u00e7\u00e3o de Dados<\/strong>) e os direitos dos cidad\u00e3os constantes do\u00a0<strong>artigo 35.\u00ba da Constitui\u00e7\u00e3o da Rep\u00fablica Portuguesa<\/strong>.<\/p><p>O AEAB assegura que apenas s\u00e3o solicitados, recolhidos e tratados os dados pessoais necess\u00e1rios ao exerc\u00edcio das suas compet\u00eancias e atribui\u00e7\u00f5es legais.<\/p><p>Todas as informa\u00e7\u00f5es e dados fornecidos ao AEAB s\u00e3o tratados como confidenciais. Todos os trabalhadores do Agrupamento est\u00e3o abrangidos por uma obriga\u00e7\u00e3o de confidencialidade, relativamente aos dados aos quais tenham acesso, no \u00e2mbito das suas fun\u00e7\u00f5es.<\/p><p>Em situa\u00e7\u00e3o alguma, os dados recolhidos ser\u00e3o utilizados para outra finalidade que n\u00e3o seja aquela para a qual foi dado o consentimento por parte do titular dos dados.<\/p><p>O tratamento dos dados pessoais inclui todas as opera\u00e7\u00f5es efetuadas sobre os dados transmitidos, por meios automatizados, ou n\u00e3o, com as finalidades de contacto personalizado, de melhoria dos servi\u00e7os, de procedimentos concursais, do processamento de transa\u00e7\u00f5es e de outros procedimentos administrativos decorrentes da lei ou de contrato.<\/p><p>Nos termos da legisla\u00e7\u00e3o aplic\u00e1vel, \u00e9 garantido, a todo o tempo, ao titular dos dados pessoais, o direito de acesso, retifica\u00e7\u00e3o, atualiza\u00e7\u00e3o e apagamento dos seus dados (direito a ser esquecido), podendo ainda opor-se ao tratamento dos mesmos.<\/p><p>O per\u00edodo de tempo, durante o qual os dados pessoais s\u00e3o armazenados e conservados, \u00e9 o legal ou regulamentarmente fixado, ou o estritamente necess\u00e1rio, de acordo com a finalidade para a qual a informa\u00e7\u00e3o \u00e9 tratada.<\/p><p>Direitos de autor<\/p><p>O AEAB n\u00e3o autoriza a c\u00f3pia e distribui\u00e7\u00e3o da informa\u00e7\u00e3o deste s\u00edtio web, sendo tamb\u00e9m proibido, designadamente, copiar ou retransmitir qualquer log\u00f3tipo, gr\u00e1fico, som ou imagem deste s\u00edtio web, a menos que tal seja pr\u00e9via e expressamente autorizado pelo AEAB.<\/p><p>O AEAB n\u00e3o se responsabiliza pelo uso que terceiros fa\u00e7am da informa\u00e7\u00e3o publicada neste s\u00edtio web, nem pelas perdas ou danos sofridos que, de forma direta ou indireta, produzam ou possam produzir preju\u00edzos econ\u00f3micos, materiais ou sobre dados.<\/p><p><strong>Encarregado de Prote\u00e7\u00e3o de Dados da Dire\u00e7\u00e3o de Servi\u00e7os da Regi\u00e3o Norte e respetivo contacto:<\/strong><\/p><div>DSRN: Esmeralda Diegues Nascimento<\/div><div><span id=\"cloak15490\"><a href=\"mailto:rgpd.dsrn@dgeste.mec.pt\">rgpd.dsrn@dgeste.mec.pt<\/a><\/span><\/div><div>Telefone: 221 191 900<\/div><div>Morada: Rua Ant\u00f3nio Carneiro, 98, 4349-003 Porto<\/div><p>Adaptado de:\u00a0<a href=\"https:\/\/www.dgae.mec.pt\/politica-de-privacidade\/\">https:\/\/www.dgae.mec.pt\/politica-de-privacidade\/<\/a><\/p>\t\t\t\t\t\t\t\t<\/div>\n\t\t\t\t<\/div>\n\t\t\t\t\t<\/div>\n\t\t<\/div>\n\t\t\t\t<div class=\"elementor-column elementor-col-50 elementor-top-column elementor-element elementor-element-dd101c5\" data-id=\"dd101c5\" data-element_type=\"column\">\n\t\t\t<div class=\"elementor-widget-wrap elementor-element-populated\">\n\t\t\t\t\t\t<div class=\"elementor-element elementor-element-203dcea elementor-widget elementor-widget-text-editor\" data-id=\"203dcea\" data-element_type=\"widget\" data-widget_type=\"text-editor.default\">\n\t\t\t\t<div class=\"elementor-widget-container\">\n\t\t\t\t\t\t\t\t\t<h6>Cr\u00e9ditos do Portal<\/h6><p><strong>Imagens: <\/strong><\/p><p>\u203a Pixabay<\/p><p>\u203a Canva<\/p><p>\u203a Freepik<\/p><p>\u203a Pexels<\/p><p><strong>Videos:<\/strong><\/p><p>\u203a Canal do Youtube do AEAB<\/p><p>\u00a0<\/p>\t\t\t\t\t\t\t\t<\/div>\n\t\t\t\t<\/div>\n\t\t\t\t\t<\/div>\n\t\t<\/div>\n\t\t\t\t\t<\/div>\n\t\t<\/section>\n\t\t\t\t<\/div>\n\t\t","protected":false},"excerpt":{"rendered":"<p>Pol\u00edtica de Privacidade O AEAB, considerando que a prote\u00e7\u00e3o dos dados pessoais, relativamente ao seu tratamento, \u00e9 um direito fundamental, assegura o respeito pela sua privacidade e assume o compromisso de oferecer um servi\u00e7o de qualidade, atrav\u00e9s de todas as suas formas de relacionamento com a comunidade educativa e demais cidad\u00e3os, no s\u00edtio Web, nas [&hellip;]<\/p>\n","protected":false},"author":3,"featured_media":0,"parent":0,"menu_order":0,"comment_status":"closed","ping_status":"closed","template":"elementor_header_footer","meta":{"_eb_attr":"","site-sidebar-layout":"no-sidebar","site-content-layout":"page-builder","ast-site-content-layout":"default","site-content-style":"default","site-sidebar-style":"default","ast-global-header-display":"","ast-banner-title-visibility":"","ast-main-header-display":"","ast-hfb-above-header-display":"","ast-hfb-below-header-display":"","ast-hfb-mobile-header-display":"","site-post-title":"disabled","ast-breadcrumbs-content":"","ast-featured-img":"disabled","footer-sml-layout":"","theme-transparent-header-meta":"","adv-header-id-meta":"","stick-header-meta":"","header-above-stick-meta":"","header-main-stick-meta":"","header-below-stick-meta":"","astra-migrate-meta-layouts":"default","ast-page-background-enabled":"default","ast-page-background-meta":{"desktop":{"background-color":"","background-image":"","background-repeat":"repeat","background-position":"center center","background-size":"auto","background-attachment":"scroll","background-type":"","background-media":"","overlay-type":"","overlay-color":"","overlay-opacity":"","overlay-gradient":""},"tablet":{"background-color":"","background-image":"","background-repeat":"repeat","background-position":"center center","background-size":"auto","background-attachment":"scroll","background-type":"","background-media":"","overlay-type":"","overlay-color":"","overlay-opacity":"","overlay-gradient":""},"mobile":{"background-color":"","background-image":"","background-repeat":"repeat","background-position":"center center","background-size":"auto","background-attachment":"scroll","background-type":"","background-media":"","overlay-type":"","overlay-color":"","overlay-opacity":"","overlay-gradient":""}},"ast-content-background-meta":{"desktop":{"background-color":"var(--ast-global-color-5)","background-image":"","background-repeat":"repeat","background-position":"center center","background-size":"auto","background-attachment":"scroll","background-type":"","background-media":"","overlay-type":"","overlay-color":"","overlay-opacity":"","overlay-gradient":""},"tablet":{"background-color":"var(--ast-global-color-5)","background-image":"","background-repeat":"repeat","background-position":"center center","background-size":"auto","background-attachment":"scroll","background-type":"","background-media":"","overlay-type":"","overlay-color":"","overlay-opacity":"","overlay-gradient":""},"mobile":{"background-color":"var(--ast-global-color-5)","background-image":"","background-repeat":"repeat","background-position":"center center","background-size":"auto","background-attachment":"scroll","background-type":"","background-media":"","overlay-type":"","overlay-color":"","overlay-opacity":"","overlay-gradient":""}},"footnotes":""},"class_list":["post-3273","page","type-page","status-publish","hentry"],"_links":{"self":[{"href":"https:\/\/www.aeabadebacal.pt\/index.php\/wp-json\/wp\/v2\/pages\/3273","targetHints":{"allow":["GET"]}}],"collection":[{"href":"https:\/\/www.aeabadebacal.pt\/index.php\/wp-json\/wp\/v2\/pages"}],"about":[{"href":"https:\/\/www.aeabadebacal.pt\/index.php\/wp-json\/wp\/v2\/types\/page"}],"author":[{"embeddable":true,"href":"https:\/\/www.aeabadebacal.pt\/index.php\/wp-json\/wp\/v2\/users\/3"}],"replies":[{"embeddable":true,"href":"https:\/\/www.aeabadebacal.pt\/index.php\/wp-json\/wp\/v2\/comments?post=3273"}],"version-history":[{"count":0,"href":"https:\/\/www.aeabadebacal.pt\/index.php\/wp-json\/wp\/v2\/pages\/3273\/revisions"}],"wp:attachment":[{"href":"https:\/\/www.aeabadebacal.pt\/index.php\/wp-json\/wp\/v2\/media?parent=3273"}],"curies":[{"name":"wp","href":"https:\/\/api.w.org\/{rel}","templated":true}]}}