{"id":3532,"date":"2022-06-01T14:10:12","date_gmt":"2022-06-01T14:10:12","guid":{"rendered":"http:\/\/www.aeabadebacal.pt\/?page_id=3532"},"modified":"2026-01-27T12:55:13","modified_gmt":"2026-01-27T12:55:13","slug":"avaliacao-desempenho","status":"publish","type":"page","link":"https:\/\/www.aeabadebacal.pt\/index.php\/avaliacao-desempenho\/","title":{"rendered":"Avalia\u00e7\u00e3o Desempenho"},"content":{"rendered":"\t\t<div data-elementor-type=\"wp-page\" data-elementor-id=\"3532\" class=\"elementor elementor-3532\" data-elementor-settings=\"{&quot;ha_cmc_init_switcher&quot;:&quot;no&quot;}\">\n\t\t\t\t\t\t<section class=\"elementor-section elementor-top-section elementor-element elementor-element-ca0344b elementor-section-boxed elementor-section-height-default elementor-section-height-default\" data-id=\"ca0344b\" data-element_type=\"section\" data-settings=\"{&quot;_ha_eqh_enable&quot;:false}\">\n\t\t\t\t\t\t<div class=\"elementor-container elementor-column-gap-default\">\n\t\t\t\t\t<div class=\"elementor-column elementor-col-100 elementor-top-column elementor-element elementor-element-b46738f\" data-id=\"b46738f\" data-element_type=\"column\">\n\t\t\t<div class=\"elementor-widget-wrap elementor-element-populated\">\n\t\t\t\t\t\t<div class=\"elementor-element elementor-element-c19a49e elementor-widget elementor-widget-image\" data-id=\"c19a49e\" data-element_type=\"widget\" data-widget_type=\"image.default\">\n\t\t\t\t<div class=\"elementor-widget-container\">\n\t\t\t\t\t\t\t\t\t\t\t\t\t\t\t<img fetchpriority=\"high\" decoding=\"async\" width=\"1024\" height=\"256\" src=\"https:\/\/www.aeabadebacal.pt\/wp-content\/uploads\/2022\/06\/Avaliacao-Desempenho-1024x256.png\" class=\"attachment-large size-large wp-image-3538\" alt=\"\" srcset=\"https:\/\/www.aeabadebacal.pt\/wp-content\/uploads\/2022\/06\/Avaliacao-Desempenho-1024x256.png 1024w, https:\/\/www.aeabadebacal.pt\/wp-content\/uploads\/2022\/06\/Avaliacao-Desempenho-300x75.png 300w, https:\/\/www.aeabadebacal.pt\/wp-content\/uploads\/2022\/06\/Avaliacao-Desempenho-768x192.png 768w, https:\/\/www.aeabadebacal.pt\/wp-content\/uploads\/2022\/06\/Avaliacao-Desempenho-1536x384.png 1536w, https:\/\/www.aeabadebacal.pt\/wp-content\/uploads\/2022\/06\/Avaliacao-Desempenho.png 1920w\" sizes=\"(max-width: 1024px) 100vw, 1024px\" \/>\t\t\t\t\t\t\t\t\t\t\t\t\t\t\t<\/div>\n\t\t\t\t<\/div>\n\t\t\t\t\t<\/div>\n\t\t<\/div>\n\t\t\t\t\t<\/div>\n\t\t<\/section>\n\t\t\t\t<section class=\"elementor-section elementor-top-section elementor-element elementor-element-76e08b1 elementor-section-boxed elementor-section-height-default elementor-section-height-default\" data-id=\"76e08b1\" data-element_type=\"section\" data-settings=\"{&quot;_ha_eqh_enable&quot;:false}\">\n\t\t\t\t\t\t<div class=\"elementor-container elementor-column-gap-default\">\n\t\t\t\t\t<div class=\"elementor-column elementor-col-100 elementor-top-column elementor-element elementor-element-7e9bd34\" data-id=\"7e9bd34\" data-element_type=\"column\">\n\t\t\t<div class=\"elementor-widget-wrap elementor-element-populated\">\n\t\t\t\t\t\t\t<\/div>\n\t\t<\/div>\n\t\t\t\t\t<\/div>\n\t\t<\/section>\n\t\t\t\t<section class=\"elementor-section elementor-top-section elementor-element elementor-element-cff957a elementor-section-boxed elementor-section-height-default elementor-section-height-default\" data-id=\"cff957a\" data-element_type=\"section\" data-settings=\"{&quot;_ha_eqh_enable&quot;:false}\">\n\t\t\t\t\t\t<div class=\"elementor-container elementor-column-gap-default\">\n\t\t\t\t\t<div class=\"elementor-column elementor-col-100 elementor-top-column elementor-element elementor-element-4efa869\" data-id=\"4efa869\" data-element_type=\"column\">\n\t\t\t<div class=\"elementor-widget-wrap elementor-element-populated\">\n\t\t\t\t\t\t<div class=\"elementor-element elementor-element-b0bb2cb elementor-widget elementor-widget-text-editor\" data-id=\"b0bb2cb\" data-element_type=\"widget\" data-widget_type=\"text-editor.default\">\n\t\t\t\t<div class=\"elementor-widget-container\">\n\t\t\t\t\t\t\t\t\t<section data-id=\"26b12eb\" data-element_type=\"section\"><div data-id=\"a35b529\" data-element_type=\"column\"><div data-id=\"7b6b809\" data-element_type=\"widget\" data-widget_type=\"heading.default\"><section data-id=\"d58080e\" data-element_type=\"section\"><div data-id=\"0f3a8ee\" data-element_type=\"column\"><div data-id=\"086f09a\" data-element_type=\"widget\" data-widget_type=\"heading.default\"><section data-id=\"d58080e\" data-element_type=\"section\"><div data-id=\"0f3a8ee\" data-element_type=\"column\"><div data-id=\"086f09a\" data-element_type=\"widget\" data-widget_type=\"heading.default\"><div><h4>\u00a0<\/h4><h6 style=\"font-style: normal; text-align: left;\"><span style=\"font-family: georgia, palatino, serif; font-size: 14pt;\"><span style=\"color: #000000;\">\u203a Calendariza\u00e7\u00e3o do processo de Avalia\u00e7\u00e3o de Desempenho Docente &#8211; Ano Letivo 2025\/2026 (<\/span><span style=\"color: #000080;\"><a style=\"color: #000080;\" href=\"https:\/\/drive.google.com\/file\/d\/1uI_YV_AcJh4KMG7WpfTrz_H1MgQGOtos\/view?usp=sharing\" target=\"_blank\" rel=\"noopener\">Abrir<\/a><\/span><span style=\"color: #000000;\">)<\/span><\/span><\/h6><\/div><div style=\"box-sizing: border-box; color: #76767f; font-family: Roboto, sans-serif; font-size: 16px; font-style: normal; font-variant-ligatures: normal; font-variant-caps: normal; font-weight: 400; letter-spacing: normal; orphans: 2; text-align: start; text-indent: 0px; text-transform: none; widows: 2; word-spacing: 0px; -webkit-text-stroke-width: 0px; white-space: normal; background-color: #ffffff; text-decoration-thickness: initial; text-decoration-style: initial; text-decoration-color: initial;\"><section style=\"box-sizing: border-box;\" data-id=\"0aeffe8\" data-element_type=\"section\"><div style=\"box-sizing: border-box;\"><div style=\"box-sizing: border-box;\" data-id=\"2a4cb65\" data-element_type=\"column\"><div style=\"box-sizing: border-box;\"><div style=\"box-sizing: border-box;\" data-id=\"11514da\" data-element_type=\"widget\" data-widget_type=\"text-editor.default\"><h6 style=\"box-sizing: border-box; border: 0px; font-size: 1.125rem; font-style: inherit; margin: 0px; outline: 0px; padding: 0px; vertical-align: baseline; clear: both; color: var(--ast-global-color-2); line-height: 1.7; font-family: Georgia, Times, serif; text-align: left;\"><span style=\"box-sizing: border-box; font-family: georgia, palatino, serif; font-size: 14pt; color: #000000;\">\u203a Relat\u00f3rio de Autoavalia\u00e7\u00e3o Docentes &#8211; Regime Geral (Word) (<span style=\"color: #000080;\"><a style=\"color: #000080; transition-property: all;\" href=\"https:\/\/docs.google.com\/document\/d\/1H_yQbHaX_rHSWluJITf7WCFB4G1JpovF\/edit?usp=drive_link&amp;ouid=109531944947039311168&amp;rtpof=true&amp;sd=true\" target=\"_blank\" rel=\"noopener\">Abrir<\/a><\/span>)<\/span><\/h6><h6 style=\"box-sizing: border-box; border: 0px; font-size: 1.125rem; font-style: inherit; margin: 0px; outline: 0px; padding: 0px; vertical-align: baseline; clear: both; color: var(--ast-global-color-2); line-height: 1.7; font-family: Georgia, Times, serif; text-align: left;\"><span style=\"box-sizing: border-box; font-family: georgia, palatino, serif; font-size: 14pt; color: #000000;\">\u203a Relat\u00f3rio de Autoavalia\u00e7\u00e3o Docentes &#8211; Regime Especial (Word) (<span style=\"color: #000080;\"><a style=\"color: #000080; transition-property: all;\" href=\"https:\/\/docs.google.com\/document\/d\/1c2mgNBD6LEs49Tio59xhwx5OR_jFdGIs\/edit?usp=sharing&amp;ouid=109531944947039311168&amp;rtpof=true&amp;sd=true\" target=\"_blank\" rel=\"noopener\">Abrir<\/a><\/span>)<\/span><\/h6><h6 style=\"box-sizing: border-box; border: 0px; font-size: 1.125rem; font-style: inherit; margin: 0px; outline: 0px; padding: 0px; vertical-align: baseline; clear: both; color: var(--ast-global-color-2); line-height: 1.7; font-family: Georgia, Times, serif; text-align: left;\"><span style=\"font-family: georgia, palatino, serif; font-size: 14pt;\"><span style=\"box-sizing: border-box;\">\u203a <span style=\"color: #000000;\">Regulamento da Avalia\u00e7\u00e3o de Desempenho Docente do AEAB <\/span><\/span><span style=\"color: #000000;\">(<\/span><span style=\"color: #000080;\"><a style=\"color: #000080;\" href=\"https:\/\/drive.google.com\/file\/d\/1M9o55VN3RyI4R_to1yUcfgASLzMsFtiD\/view?usp=sharing\" target=\"_blank\" rel=\"noopener\">Abrir<\/a><\/span><span style=\"color: #000000;\">)<\/span><\/span><\/h6><h6 style=\"box-sizing: border-box; border: 0px; font-size: 1.125rem; font-style: inherit; margin: 0px; outline: 0px; padding: 0px; vertical-align: baseline; clear: both; color: var(--ast-global-color-2); line-height: 1.7; font-family: Georgia, Times, serif; text-align: left;\"><span style=\"color: #000000; font-family: georgia, palatino, serif; font-size: 14pt; font-style: inherit;\">\u203a Ficha de registo e avalia\u00e7\u00e3o final\u00a0&#8211;\u00a0Docentes QA \u2013 Regime Geral (Word) (<\/span><span style=\"font-family: georgia, palatino, serif; font-size: 14pt; font-style: inherit; color: #000080;\"><a style=\"color: #000080;\" href=\"https:\/\/docs.google.com\/document\/d\/14XTfzyicMeoPNJJfF89XY1QqHW82Fqvk\/edit?usp=sharing&amp;ouid=109531944947039311168&amp;rtpof=true&amp;sd=true\" target=\"_blank\" rel=\"noopener\">Abrir<\/a><\/span><span style=\"color: #000000; font-family: georgia, palatino, serif; font-size: 14pt; font-style: inherit;\">)<\/span><\/h6><div style=\"color: #76767f; font-family: Roboto, sans-serif; font-size: 16px;\"><h6 style=\"text-align: left;\"><span style=\"font-family: georgia, palatino, serif; font-size: 14pt; color: #000000;\">\u203a Ficha de registo e avalia\u00e7\u00e3o final &#8211; Docentes QA \u2013 Regime Especial (Word) (<span style=\"color: #000080;\"><a style=\"color: #000080;\" href=\"https:\/\/docs.google.com\/document\/d\/1Ax__FJdxUyKZwJRecbLId41WZpb7SS6j\/edit?usp=sharing&amp;ouid=109531944947039311168&amp;rtpof=true&amp;sd=true\" target=\"_blank\" rel=\"noopener\">Abrir<\/a><\/span>)<\/span><\/h6><h6 style=\"text-align: left;\"><span style=\"font-family: georgia, palatino, serif; font-size: 14pt; color: #000000;\">\u203a Ficha de registo e avalia\u00e7\u00e3o final &#8211; Docentes contratados sem a\u00e7\u00f5es de forma\u00e7\u00e3o\u00a0<span style=\"background-color: var( --e-global-color-astglobalcolor5 );\">(Word)<\/span><span style=\"font-style: inherit; background-color: var( --e-global-color-astglobalcolor5 );\">\u00a0<\/span><span style=\"font-style: inherit; background-color: var( --e-global-color-astglobalcolor5 );\">(<span style=\"color: #000080;\"><a style=\"color: #000080;\" href=\"https:\/\/docs.google.com\/document\/d\/1PbwBki49tWEsTfAXt0DCpmGRy9AEWePN\/edit?usp=sharing&amp;ouid=109531944947039311168&amp;rtpof=true&amp;sd=true\" target=\"_blank\" rel=\"noopener\">Abrir<\/a><\/span>)<\/span><\/span><\/h6><\/div><\/div><\/div><\/div><\/div><\/section><\/div><\/div><\/div><\/section><\/div><\/div><\/section><\/div><\/div><\/section>\t\t\t\t\t\t\t\t<\/div>\n\t\t\t\t<\/div>\n\t\t\t\t\t<\/div>\n\t\t<\/div>\n\t\t\t\t\t<\/div>\n\t\t<\/section>\n\t\t\t\t<\/div>\n\t\t","protected":false},"excerpt":{"rendered":"<p>\u00a0 \u203a Calendariza\u00e7\u00e3o do processo de Avalia\u00e7\u00e3o de Desempenho Docente &#8211; Ano Letivo 2025\/2026 (Abrir) \u203a Relat\u00f3rio de Autoavalia\u00e7\u00e3o Docentes &#8211; Regime Geral (Word) (Abrir) \u203a Relat\u00f3rio de Autoavalia\u00e7\u00e3o Docentes &#8211; Regime Especial (Word) (Abrir) \u203a Regulamento da Avalia\u00e7\u00e3o de Desempenho Docente do AEAB (Abrir) \u203a Ficha de registo e avalia\u00e7\u00e3o final\u00a0&#8211;\u00a0Docentes QA \u2013 Regime [&hellip;]<\/p>\n","protected":false},"author":3,"featured_media":0,"parent":0,"menu_order":0,"comment_status":"closed","ping_status":"closed","template":"elementor_header_footer","meta":{"_eb_attr":"","site-sidebar-layout":"no-sidebar","site-content-layout":"page-builder","ast-site-content-layout":"default","site-content-style":"default","site-sidebar-style":"default","ast-global-header-display":"","ast-banner-title-visibility":"","ast-main-header-display":"","ast-hfb-above-header-display":"","ast-hfb-below-header-display":"","ast-hfb-mobile-header-display":"","site-post-title":"disabled","ast-breadcrumbs-content":"","ast-featured-img":"disabled","footer-sml-layout":"","theme-transparent-header-meta":"","adv-header-id-meta":"","stick-header-meta":"","header-above-stick-meta":"","header-main-stick-meta":"","header-below-stick-meta":"","astra-migrate-meta-layouts":"default","ast-page-background-enabled":"default","ast-page-background-meta":{"desktop":{"background-color":"","background-image":"","background-repeat":"repeat","background-position":"center center","background-size":"auto","background-attachment":"scroll","background-type":"","background-media":"","overlay-type":"","overlay-color":"","overlay-opacity":"","overlay-gradient":""},"tablet":{"background-color":"","background-image":"","background-repeat":"repeat","background-position":"center center","background-size":"auto","background-attachment":"scroll","background-type":"","background-media":"","overlay-type":"","overlay-color":"","overlay-opacity":"","overlay-gradient":""},"mobile":{"background-color":"","background-image":"","background-repeat":"repeat","background-position":"center center","background-size":"auto","background-attachment":"scroll","background-type":"","background-media":"","overlay-type":"","overlay-color":"","overlay-opacity":"","overlay-gradient":""}},"ast-content-background-meta":{"desktop":{"background-color":"var(--ast-global-color-5)","background-image":"","background-repeat":"repeat","background-position":"center center","background-size":"auto","background-attachment":"scroll","background-type":"","background-media":"","overlay-type":"","overlay-color":"","overlay-opacity":"","overlay-gradient":""},"tablet":{"background-color":"var(--ast-global-color-5)","background-image":"","background-repeat":"repeat","background-position":"center center","background-size":"auto","background-attachment":"scroll","background-type":"","background-media":"","overlay-type":"","overlay-color":"","overlay-opacity":"","overlay-gradient":""},"mobile":{"background-color":"var(--ast-global-color-5)","background-image":"","background-repeat":"repeat","background-position":"center center","background-size":"auto","background-attachment":"scroll","background-type":"","background-media":"","overlay-type":"","overlay-color":"","overlay-opacity":"","overlay-gradient":""}},"footnotes":""},"class_list":["post-3532","page","type-page","status-publish","hentry"],"_links":{"self":[{"href":"https:\/\/www.aeabadebacal.pt\/index.php\/wp-json\/wp\/v2\/pages\/3532","targetHints":{"allow":["GET"]}}],"collection":[{"href":"https:\/\/www.aeabadebacal.pt\/index.php\/wp-json\/wp\/v2\/pages"}],"about":[{"href":"https:\/\/www.aeabadebacal.pt\/index.php\/wp-json\/wp\/v2\/types\/page"}],"author":[{"embeddable":true,"href":"https:\/\/www.aeabadebacal.pt\/index.php\/wp-json\/wp\/v2\/users\/3"}],"replies":[{"embeddable":true,"href":"https:\/\/www.aeabadebacal.pt\/index.php\/wp-json\/wp\/v2\/comments?post=3532"}],"version-history":[{"count":33,"href":"https:\/\/www.aeabadebacal.pt\/index.php\/wp-json\/wp\/v2\/pages\/3532\/revisions"}],"predecessor-version":[{"id":11796,"href":"https:\/\/www.aeabadebacal.pt\/index.php\/wp-json\/wp\/v2\/pages\/3532\/revisions\/11796"}],"wp:attachment":[{"href":"https:\/\/www.aeabadebacal.pt\/index.php\/wp-json\/wp\/v2\/media?parent=3532"}],"curies":[{"name":"wp","href":"https:\/\/api.w.org\/{rel}","templated":true}]}}