{"id":3609,"date":"2022-06-04T13:53:21","date_gmt":"2022-06-04T13:53:21","guid":{"rendered":"http:\/\/www.aeabadebacal.pt\/?page_id=3609"},"modified":"2023-03-08T21:58:57","modified_gmt":"2023-03-08T21:58:57","slug":"eventos","status":"publish","type":"page","link":"https:\/\/www.aeabadebacal.pt\/index.php\/eventos\/","title":{"rendered":"Eventos"},"content":{"rendered":"\t\t<div data-elementor-type=\"wp-page\" data-elementor-id=\"3609\" class=\"elementor elementor-3609\" data-elementor-settings=\"{&quot;ha_cmc_init_switcher&quot;:&quot;no&quot;}\">\n\t\t\t\t\t\t<section class=\"elementor-section elementor-top-section elementor-element elementor-element-59b6180 elementor-section-boxed elementor-section-height-default elementor-section-height-default\" data-id=\"59b6180\" data-element_type=\"section\" data-settings=\"{&quot;_ha_eqh_enable&quot;:false}\">\n\t\t\t\t\t\t<div class=\"elementor-container elementor-column-gap-default\">\n\t\t\t\t\t<div class=\"elementor-column elementor-col-100 elementor-top-column elementor-element elementor-element-85b960a\" data-id=\"85b960a\" data-element_type=\"column\">\n\t\t\t<div class=\"elementor-widget-wrap elementor-element-populated\">\n\t\t\t\t\t\t<div class=\"elementor-element elementor-element-6f0ee7d elementor-widget elementor-widget-image\" data-id=\"6f0ee7d\" data-element_type=\"widget\" data-widget_type=\"image.default\">\n\t\t\t\t<div class=\"elementor-widget-container\">\n\t\t\t\t\t\t\t\t\t\t\t\t\t\t\t<img fetchpriority=\"high\" decoding=\"async\" width=\"1024\" height=\"256\" src=\"https:\/\/www.aeabadebacal.pt\/wp-content\/uploads\/2022\/06\/Eventos-faixa-1024x256.png\" class=\"attachment-large size-large wp-image-3612\" alt=\"\" srcset=\"https:\/\/www.aeabadebacal.pt\/wp-content\/uploads\/2022\/06\/Eventos-faixa-1024x256.png 1024w, https:\/\/www.aeabadebacal.pt\/wp-content\/uploads\/2022\/06\/Eventos-faixa-300x75.png 300w, https:\/\/www.aeabadebacal.pt\/wp-content\/uploads\/2022\/06\/Eventos-faixa-768x192.png 768w, https:\/\/www.aeabadebacal.pt\/wp-content\/uploads\/2022\/06\/Eventos-faixa-1536x384.png 1536w, https:\/\/www.aeabadebacal.pt\/wp-content\/uploads\/2022\/06\/Eventos-faixa.png 1920w\" sizes=\"(max-width: 1024px) 100vw, 1024px\" \/>\t\t\t\t\t\t\t\t\t\t\t\t\t\t\t<\/div>\n\t\t\t\t<\/div>\n\t\t\t\t\t<\/div>\n\t\t<\/div>\n\t\t\t\t\t<\/div>\n\t\t<\/section>\n\t\t\t\t<section class=\"elementor-section elementor-top-section elementor-element elementor-element-b98de01 elementor-section-boxed elementor-section-height-default elementor-section-height-default\" data-id=\"b98de01\" data-element_type=\"section\" data-settings=\"{&quot;_ha_eqh_enable&quot;:false}\">\n\t\t\t\t\t\t<div class=\"elementor-container elementor-column-gap-default\">\n\t\t\t\t\t<div class=\"elementor-column elementor-col-100 elementor-top-column elementor-element elementor-element-3d46556\" data-id=\"3d46556\" data-element_type=\"column\">\n\t\t\t<div class=\"elementor-widget-wrap elementor-element-populated\">\n\t\t\t\t\t\t\t<\/div>\n\t\t<\/div>\n\t\t\t\t\t<\/div>\n\t\t<\/section>\n\t\t\t\t<section class=\"elementor-section elementor-top-section elementor-element elementor-element-73803e5 elementor-section-boxed elementor-section-height-default elementor-section-height-default\" data-id=\"73803e5\" data-element_type=\"section\" data-settings=\"{&quot;_ha_eqh_enable&quot;:false}\">\n\t\t\t\t\t\t<div class=\"elementor-container elementor-column-gap-default\">\n\t\t\t\t\t<div class=\"elementor-column elementor-col-100 elementor-top-column elementor-element elementor-element-f6fb4c4\" data-id=\"f6fb4c4\" data-element_type=\"column\">\n\t\t\t<div class=\"elementor-widget-wrap elementor-element-populated\">\n\t\t\t\t\t\t<div class=\"elementor-element elementor-element-e8af450 elementor-widget elementor-widget-text-editor\" data-id=\"e8af450\" data-element_type=\"widget\" data-widget_type=\"text-editor.default\">\n\t\t\t\t<div class=\"elementor-widget-container\">\n\t\t\t\t\t\t\t\t\t<h4><strong> <span class=\"fontstyle0\">Or\u00e7amento Participativo das Escolas<\/span><\/strong> <\/h4><h4>\u203a <a href=\"https:\/\/drive.google.com\/file\/d\/1ZjbKMj26IrlFaoYQcE5e1vjEmBpEZF97\/view?usp=share_link\" target=\"_blank\" rel=\"noopener\">OPE &#8211; Cartaz \u2192<\/a> <img decoding=\"async\" src=\"http:\/\/escolas.uevora.pt\/mesaofrioedu\/pluginfile.php\/46\/mod_forum\/post\/1935\/new2_e3.gif\" \/><\/h4><h4>\u203a <a href=\"https:\/\/drive.google.com\/file\/d\/1OpOvLpUgncp6Op0mJRnhBN42uBqYDtuZ\/view?usp=share_link\" target=\"_blank\" rel=\"noopener\">OPE &#8211; Inclui \u2192<\/a> <img decoding=\"async\" src=\"http:\/\/escolas.uevora.pt\/mesaofrioedu\/pluginfile.php\/46\/mod_forum\/post\/1935\/new2_e3.gif\" \/><\/h4><h4>\u203a <a href=\"https:\/\/drive.google.com\/file\/d\/1VQLFl1qF6mz5pw9uFjiNFL5a-4Jaub6S\/view?usp=share_link\" target=\"_blank\" rel=\"noopener\"><span class=\"fontstyle0\">Or\u00e7amento Participativo das Escolas<\/span> \u2192<\/a> <img decoding=\"async\" src=\"http:\/\/escolas.uevora.pt\/mesaofrioedu\/pluginfile.php\/46\/mod_forum\/post\/1935\/new2_e3.gif\" \/><\/h4><h4>\u00a0<\/h4><h4>\u2014 \u2013<\/h4><p><strong>\u201cQuerido futuro Eu\u201d<\/strong> \u00e9 uma web-s\u00e9rie que prop\u00f5e, a jovens entre os 15 e 20 anos, gravar uma mensagem em v\u00eddeo para o seu futuro \u201cEu\u201d, dentro de 10 anos. \u00c9 o que se chama uma c\u00e1psula do tempo. Sozinho, no seu quarto, e de frente para o telem\u00f3vel, cada participante \u00e9 livre de falar sobre si no presente e revelar os seus sonhos para o futuro. V\u00e1rias temporadas franc\u00f3fonas j\u00e1 est\u00e3o online no Youtube: www.youtube.com\/cherfuturmoi (Playlist \u201cQuerido futuro eu\u201d para veres alguns epis\u00f3dios com legendas em portugu\u00eas)<\/p><h4>\u2014 \u2013<\/h4><p>\ud83d\udc49 <strong>Condi\u00e7\u00f5es para participares:<\/strong><\/p><p>&#8211; Teres entre 15 e 20 anos.<\/p><p>&#8211; Seres portugu\u00eas, franc\u00eas ou luso-franc\u00eas.<\/p><p>&#8211; Gravares o teu v\u00eddeo em portugu\u00eas ou em franc\u00eas.<\/p><p>&#8211; Teres telem\u00f3vel e internet para enviares o v\u00eddeo.<\/p><p>&#8211; Teres vontade de te exprimir em frente \u00e0 c\u00e2mara.<\/p><p>Produzido no \u00e2mbito da Temporada\u00a0 Portugal-Fran\u00e7a 2022, a pr\u00f3xima temporada do \u201cQuerido futuro Eu\u201d ser\u00e1 composta por 20 epis\u00f3dios de jovens franceses e portugueses. Ser\u00e1 transmitido no Outono de 2022 nas redes sociais e numa instala\u00e7\u00e3o v\u00eddeo para espa\u00e7os culturais. A participa\u00e7\u00e3o n\u00e3o \u00e9 remunerada.<\/p><h4>\u2014 \u2013<\/h4><p>\ud83d\udc8c <strong>Candidaturas e perguntas por email :<\/strong><\/p><p>queridofuturoeu.webserie@gmail.com<\/p><p>Ou no Instagram @querido_futuro_eu<\/p><h4>\u2014 \u2013<\/h4><p>\u23f3 <strong>At\u00e9 15 Junho 2022\u00a0<\/strong><\/p><p>\u203a <strong>Apelo \u00e0 participa\u00e7\u00e3o \u2014 WEB-S\u00c9RIE &#8220;Querido futuro eu&#8221; <a href=\"https:\/\/youtu.be\/sBM8m8Cfn10\" target=\"_blank\" rel=\"noopener\"><img decoding=\"async\" class=\"\" src=\"https:\/\/cdn-icons.flaticon.com\/png\/128\/3204\/premium\/3204323.png?token=exp=1654352919~hmac=544926270ff68bd4cea93cb80c5e9653\" alt=\"video player \" width=\"45\" height=\"45\" \/><\/a>\u00a0<\/strong><\/p>\t\t\t\t\t\t\t\t<\/div>\n\t\t\t\t<\/div>\n\t\t\t\t\t<\/div>\n\t\t<\/div>\n\t\t\t\t\t<\/div>\n\t\t<\/section>\n\t\t\t\t<\/div>\n\t\t","protected":false},"excerpt":{"rendered":"<p>Or\u00e7amento Participativo das Escolas \u203a OPE &#8211; Cartaz \u2192 \u203a OPE &#8211; Inclui \u2192 \u203a Or\u00e7amento Participativo das Escolas \u2192 \u00a0 \u2014 \u2013 \u201cQuerido futuro Eu\u201d \u00e9 uma web-s\u00e9rie que prop\u00f5e, a jovens entre os 15 e 20 anos, gravar uma mensagem em v\u00eddeo para o seu futuro \u201cEu\u201d, dentro de 10 anos. \u00c9 o [&hellip;]<\/p>\n","protected":false},"author":3,"featured_media":0,"parent":0,"menu_order":0,"comment_status":"closed","ping_status":"closed","template":"elementor_header_footer","meta":{"_eb_attr":"","site-sidebar-layout":"no-sidebar","site-content-layout":"page-builder","ast-site-content-layout":"default","site-content-style":"default","site-sidebar-style":"default","ast-global-header-display":"","ast-banner-title-visibility":"","ast-main-header-display":"","ast-hfb-above-header-display":"","ast-hfb-below-header-display":"","ast-hfb-mobile-header-display":"","site-post-title":"disabled","ast-breadcrumbs-content":"","ast-featured-img":"disabled","footer-sml-layout":"","theme-transparent-header-meta":"","adv-header-id-meta":"","stick-header-meta":"","header-above-stick-meta":"","header-main-stick-meta":"","header-below-stick-meta":"","astra-migrate-meta-layouts":"default","ast-page-background-enabled":"default","ast-page-background-meta":{"desktop":{"background-color":"","background-image":"","background-repeat":"repeat","background-position":"center center","background-size":"auto","background-attachment":"scroll","background-type":"","background-media":"","overlay-type":"","overlay-color":"","overlay-opacity":"","overlay-gradient":""},"tablet":{"background-color":"","background-image":"","background-repeat":"repeat","background-position":"center center","background-size":"auto","background-attachment":"scroll","background-type":"","background-media":"","overlay-type":"","overlay-color":"","overlay-opacity":"","overlay-gradient":""},"mobile":{"background-color":"","background-image":"","background-repeat":"repeat","background-position":"center center","background-size":"auto","background-attachment":"scroll","background-type":"","background-media":"","overlay-type":"","overlay-color":"","overlay-opacity":"","overlay-gradient":""}},"ast-content-background-meta":{"desktop":{"background-color":"var(--ast-global-color-5)","background-image":"","background-repeat":"repeat","background-position":"center center","background-size":"auto","background-attachment":"scroll","background-type":"","background-media":"","overlay-type":"","overlay-color":"","overlay-opacity":"","overlay-gradient":""},"tablet":{"background-color":"var(--ast-global-color-5)","background-image":"","background-repeat":"repeat","background-position":"center center","background-size":"auto","background-attachment":"scroll","background-type":"","background-media":"","overlay-type":"","overlay-color":"","overlay-opacity":"","overlay-gradient":""},"mobile":{"background-color":"var(--ast-global-color-5)","background-image":"","background-repeat":"repeat","background-position":"center center","background-size":"auto","background-attachment":"scroll","background-type":"","background-media":"","overlay-type":"","overlay-color":"","overlay-opacity":"","overlay-gradient":""}},"footnotes":""},"class_list":["post-3609","page","type-page","status-publish","hentry"],"_links":{"self":[{"href":"https:\/\/www.aeabadebacal.pt\/index.php\/wp-json\/wp\/v2\/pages\/3609","targetHints":{"allow":["GET"]}}],"collection":[{"href":"https:\/\/www.aeabadebacal.pt\/index.php\/wp-json\/wp\/v2\/pages"}],"about":[{"href":"https:\/\/www.aeabadebacal.pt\/index.php\/wp-json\/wp\/v2\/types\/page"}],"author":[{"embeddable":true,"href":"https:\/\/www.aeabadebacal.pt\/index.php\/wp-json\/wp\/v2\/users\/3"}],"replies":[{"embeddable":true,"href":"https:\/\/www.aeabadebacal.pt\/index.php\/wp-json\/wp\/v2\/comments?post=3609"}],"version-history":[{"count":0,"href":"https:\/\/www.aeabadebacal.pt\/index.php\/wp-json\/wp\/v2\/pages\/3609\/revisions"}],"wp:attachment":[{"href":"https:\/\/www.aeabadebacal.pt\/index.php\/wp-json\/wp\/v2\/media?parent=3609"}],"curies":[{"name":"wp","href":"https:\/\/api.w.org\/{rel}","templated":true}]}}