{"id":3724,"date":"2022-06-28T11:33:06","date_gmt":"2022-06-28T11:33:06","guid":{"rendered":"http:\/\/www.aeabadebacal.pt\/?page_id=3724"},"modified":"2026-03-17T13:50:33","modified_gmt":"2026-03-17T13:50:33","slug":"concursos","status":"publish","type":"page","link":"https:\/\/www.aeabadebacal.pt\/index.php\/concursos\/","title":{"rendered":"Concursos Gerais"},"content":{"rendered":"\t\t<div data-elementor-type=\"wp-page\" data-elementor-id=\"3724\" class=\"elementor elementor-3724\" data-elementor-settings=\"{&quot;ha_cmc_init_switcher&quot;:&quot;no&quot;}\">\n\t\t\t\t\t\t<section class=\"elementor-section elementor-top-section elementor-element elementor-element-9516ef4 elementor-section-boxed elementor-section-height-default elementor-section-height-default\" data-id=\"9516ef4\" data-element_type=\"section\" data-settings=\"{&quot;_ha_eqh_enable&quot;:false}\">\n\t\t\t\t\t\t<div class=\"elementor-container elementor-column-gap-default\">\n\t\t\t\t\t<div class=\"elementor-column elementor-col-100 elementor-top-column elementor-element elementor-element-8bc6421\" data-id=\"8bc6421\" data-element_type=\"column\">\n\t\t\t<div class=\"elementor-widget-wrap elementor-element-populated\">\n\t\t\t\t\t\t<div class=\"elementor-element elementor-element-455b803 elementor-widget elementor-widget-image\" data-id=\"455b803\" data-element_type=\"widget\" data-widget_type=\"image.default\">\n\t\t\t\t<div class=\"elementor-widget-container\">\n\t\t\t\t\t\t\t\t\t\t\t\t\t\t\t<img fetchpriority=\"high\" decoding=\"async\" width=\"1920\" height=\"480\" src=\"https:\/\/www.aeabadebacal.pt\/wp-content\/uploads\/2022\/06\/cONCURSOS.png\" class=\"attachment-full size-full wp-image-3729\" alt=\"\" srcset=\"https:\/\/www.aeabadebacal.pt\/wp-content\/uploads\/2022\/06\/cONCURSOS.png 1920w, https:\/\/www.aeabadebacal.pt\/wp-content\/uploads\/2022\/06\/cONCURSOS-300x75.png 300w, https:\/\/www.aeabadebacal.pt\/wp-content\/uploads\/2022\/06\/cONCURSOS-1024x256.png 1024w, https:\/\/www.aeabadebacal.pt\/wp-content\/uploads\/2022\/06\/cONCURSOS-768x192.png 768w, https:\/\/www.aeabadebacal.pt\/wp-content\/uploads\/2022\/06\/cONCURSOS-1536x384.png 1536w\" sizes=\"(max-width: 1920px) 100vw, 1920px\" \/>\t\t\t\t\t\t\t\t\t\t\t\t\t\t\t<\/div>\n\t\t\t\t<\/div>\n\t\t\t\t\t<\/div>\n\t\t<\/div>\n\t\t\t\t\t<\/div>\n\t\t<\/section>\n\t\t\t\t<section class=\"elementor-section elementor-top-section elementor-element elementor-element-e1c4c25 elementor-section-boxed elementor-section-height-default elementor-section-height-default\" data-id=\"e1c4c25\" data-element_type=\"section\" data-settings=\"{&quot;_ha_eqh_enable&quot;:false}\">\n\t\t\t\t\t\t<div class=\"elementor-container elementor-column-gap-default\">\n\t\t\t\t\t<div class=\"elementor-column elementor-col-100 elementor-top-column elementor-element elementor-element-c18c4c8\" data-id=\"c18c4c8\" data-element_type=\"column\">\n\t\t\t<div class=\"elementor-widget-wrap\">\n\t\t\t\t\t\t\t<\/div>\n\t\t<\/div>\n\t\t\t\t\t<\/div>\n\t\t<\/section>\n\t\t<div class=\"elementor-element elementor-element-65f6cb9 e-flex e-con-boxed e-con e-parent\" data-id=\"65f6cb9\" data-element_type=\"container\" data-settings=\"{&quot;_ha_eqh_enable&quot;:false}\">\n\t\t\t\t\t<div class=\"e-con-inner\">\n\t\t<div class=\"elementor-element elementor-element-dc6557e e-con-full e-flex e-con e-child\" data-id=\"dc6557e\" data-element_type=\"container\" data-settings=\"{&quot;_ha_eqh_enable&quot;:false}\">\n\t\t\t\t<div class=\"elementor-element elementor-element-e9f6fbc elementor-widget elementor-widget-text-editor\" data-id=\"e9f6fbc\" data-element_type=\"widget\" data-widget_type=\"text-editor.default\">\n\t\t\t\t<div class=\"elementor-widget-container\">\n\t\t\t\t\t\t\t\t\t<h6><span style=\"color: #ff0000;\"><strong>Avisos de Abertura<\/strong><\/span><\/h6><p>\u203a <span style=\"font-weight: bold;\">Hor\u00e1rio 66 <\/span>Aviso de Abertura CE Grupo 300 &#8211; Portugu\u00eas <span style=\"font-style: inherit; font-weight: inherit;\">(<\/span><span style=\"font-style: inherit; font-weight: inherit;\"><a href=\"https:\/\/drive.google.com\/file\/d\/1sTSBBh0N_EN-KXoOZ_gIA1z0o0WDoaJw\/view?usp=sharing\" target=\"_blank\" rel=\"noopener\">Abrir<\/a>)<\/span><\/p><p>\u203a <span style=\"font-weight: bold;\">Hor\u00e1rio 65 <\/span>Aviso de Abertura CE Grupo 910 &#8211; Educa\u00e7\u00e3o Especial 1 <span style=\"font-style: inherit; font-weight: inherit;\">(<\/span><span style=\"font-style: inherit; font-weight: inherit;\"><a href=\"https:\/\/drive.google.com\/file\/d\/17SLiwBafIt6KAWDupaBYAevn1tOx8yBf\/view?usp=sharing\" target=\"_blank\" rel=\"noopener\">Abrir<\/a>)<\/span><\/p><p>\u203a <span style=\"font-weight: bold;\">Hor\u00e1rio 64 <\/span>Aviso de Abertura CE Grupo 300 &#8211; Portugu\u00eas <span style=\"font-style: inherit; font-weight: inherit;\">(<\/span><span style=\"font-style: inherit; font-weight: inherit;\"><a href=\"https:\/\/drive.google.com\/file\/d\/1RBanTEbktw4SEplaDhcPmSbe5QIPGfG8\/view?usp=sharing\" target=\"_blank\" rel=\"noopener\">Abrir<\/a>)<\/span><\/p><p>\u203a <span style=\"font-weight: bold;\">Hor\u00e1rio 61 <\/span>Aviso de Abertura CE Grupo 300 &#8211; Portugu\u00eas <span style=\"font-style: inherit; font-weight: inherit;\">(<\/span><span style=\"font-style: inherit; font-weight: inherit;\"><a href=\"https:\/\/drive.google.com\/file\/d\/1XdpiRs0O1KBpJpNw62z8MZ1-22Pj_XY_\/view?usp=sharing\" target=\"_blank\" rel=\"noopener\">Abrir<\/a>)<\/span><\/p><p>\u203a <span style=\"font-weight: bold;\">Hor\u00e1rio 60 <\/span>Aviso de Abertura CE Grupo 910 &#8211; Educa\u00e7\u00e3o Especial 1 <span style=\"font-style: inherit; font-weight: inherit;\">(<\/span><span style=\"font-style: inherit; font-weight: inherit;\"><a href=\"https:\/\/drive.google.com\/file\/d\/1ZDS0TxP_gDHzskwnXnPRdBZwHOClnezQ\/view?usp=sharing\" target=\"_blank\" rel=\"noopener\">Abrir<\/a>)<\/span><\/p><p>\u203a <span style=\"font-weight: bold;\">Hor\u00e1rio 58 <\/span>Aviso de Abertura CE Grupo 300 &#8211; Portugu\u00eas <span style=\"font-style: inherit; font-weight: inherit;\">(<\/span><span style=\"font-style: inherit; font-weight: inherit;\"><a href=\"https:\/\/drive.google.com\/file\/d\/174IWlK2C3I-6uumDbMSXxII78U17HVbH\/view?usp=sharing\" target=\"_blank\" rel=\"noopener\">Abrir<\/a>)<\/span><\/p><p>\u203a <span style=\"font-weight: bold;\">Hor\u00e1rio 57 <\/span>Aviso de Abertura CE Grupo 910 &#8211; Educa\u00e7\u00e3o Especial 1 <span style=\"font-style: inherit; font-weight: inherit;\">(<\/span><span style=\"font-style: inherit; font-weight: inherit;\"><a href=\"https:\/\/drive.google.com\/file\/d\/1V2wKoBfdSpw5THK06tgBBgfepHg8Fg_x\/view?usp=sharing\" target=\"_blank\" rel=\"noopener\">Abrir<\/a>)<\/span><\/p><p>\u203a\u00a0<span style=\"font-weight: bold;\">Hor\u00e1rio 56\u00a0<\/span>Aviso de Abertura CE Grupo 240 &#8211; Educa\u00e7\u00e3o Visual e Tecnol\u00f3gica\u00a0<span style=\"font-style: inherit; font-weight: inherit;\">(<\/span><span style=\"font-style: inherit; font-weight: inherit;\"><a style=\"color: #26262c; transition-property: all;\" href=\"https:\/\/drive.google.com\/file\/d\/10c3xGRxEdha7ECCqwwRUxwt9NcH9o0x4\/view?usp=sharing\" target=\"_blank\" rel=\"noopener\">Abrir<\/a>)\u00a0<\/span><span style=\"font-size: 1rem; font-style: inherit; font-weight: inherit;\">&#8211;<\/span><span style=\"font-size: 1rem; font-style: inherit; font-weight: inherit; color: #ff0000;\">\u00a0Conclu\u00eddo<\/span><\/p><p>\u203a\u00a0<span style=\"font-weight: bold;\">Hor\u00e1rio 55 <\/span>Aviso de Abertura CE Grupo 100 &#8211; Educa\u00e7\u00e3o Pr\u00e9-Escolar <span style=\"font-style: inherit; font-weight: inherit;\">(<\/span><span style=\"font-style: inherit; font-weight: inherit;\"><a href=\"https:\/\/drive.google.com\/file\/d\/1IOvaMcHbVrP--9L0_NEplqYi2pgBWXST\/view?usp=sharing\" target=\"_blank\" rel=\"noopener\">Abrir<\/a>) &#8211;<span style=\"color: #ff0000;\"> Conclu\u00eddo<\/span><\/span><\/p><p>\u203a\u00a0<span style=\"font-weight: bold;\">Hor\u00e1rio 44 <\/span>Aviso de Abertura CE Grupo 300 &#8211; Portugu\u00eas <span style=\"font-style: inherit; font-weight: inherit;\">(<\/span><span style=\"font-style: inherit; font-weight: inherit;\"><a href=\"https:\/\/drive.google.com\/file\/d\/1p8t0OsYJLqvq-dOEDLMbfAQNPzQYzKJG\/view?usp=sharing\" target=\"_blank\" rel=\"noopener\">Abrir<\/a>) &#8211;<span style=\"color: #ff0000;\"> Conclu\u00eddo<\/span><\/span><\/p><p>\u203a\u00a0<span style=\"font-weight: bold;\">Hor\u00e1rio 41\u00a0<\/span>Aviso de Abertura CE Grupo 400 &#8211; Hist\u00f3ria\u00a0<span style=\"font-style: inherit; font-weight: inherit;\">(<\/span><span style=\"font-style: inherit; font-weight: inherit;\"><a href=\"https:\/\/drive.google.com\/file\/d\/1JaYObLCeLwO_MUShWyfD-2cLwggb97G4\/view?usp=sharing\" target=\"_blank\" rel=\"noopener\">Abrir<\/a>) &#8211;<span style=\"color: #ff0000;\"> Conclu\u00eddo<\/span><\/span><\/p><p>\u203a\u00a0<span style=\"font-weight: bold;\">Hor\u00e1rio 39\u00a0<\/span>Aviso de Abertura CE Grupo 300 &#8211; Portugu\u00eas\u00a0<span style=\"font-style: inherit; font-weight: inherit;\">(<\/span><span style=\"font-style: inherit; font-weight: inherit;\"><a href=\"https:\/\/drive.google.com\/file\/d\/1CSkcO3jQ-zW0yMdIOn4V95fNKnrKOIXA\/view?usp=sharing\" target=\"_blank\" rel=\"noopener\">Abrir<\/a>) &#8211;<span style=\"color: #ff0000;\"> Conclu\u00eddo<\/span><\/span><\/p><p>\u203a\u00a0<strong>Hor\u00e1rio 37 <\/strong>Aviso de Abertura CE Grupo 910 \u2014 Educa\u00e7\u00e3o Especial 1 <span style=\"font-style: inherit; font-weight: inherit;\">(<\/span><span style=\"font-style: inherit; font-weight: inherit;\"><a href=\"https:\/\/drive.google.com\/file\/d\/1EZSSayKi2JmiDWz2Cw31jMV4-Vz1ifXf\/view?usp=sharing\" target=\"_blank\" rel=\"noopener\">Abrir<\/a>) &#8211;<span style=\"color: #ff0000;\"> Conclu\u00eddo<\/span><\/span><\/p><p>\u203a\u00a0<strong>Hor\u00e1rio 34 <\/strong>Aviso de Abertura CE Grupo 420 \u2014 Geografia <span style=\"font-style: inherit; font-weight: inherit;\">(<\/span><span style=\"font-style: inherit; font-weight: inherit;\"><a href=\"https:\/\/drive.google.com\/file\/d\/1g784oqijV7FtkQAZeKiPay0FAI61Ngsa\/view?usp=sharing\" target=\"_blank\" rel=\"noopener\">Abrir<\/a>) &#8211;<span style=\"color: #ff0000;\"> Conclu\u00eddo<\/span><\/span><\/p><p>\u203a\u00a0<strong>Hor\u00e1rio 31 <\/strong>Aviso de Abertura CE Grupo 300 \u2014 Portugu\u00eas <span style=\"font-style: inherit; font-weight: inherit;\">(<\/span><span style=\"font-style: inherit; font-weight: inherit;\"><a href=\"https:\/\/drive.google.com\/file\/d\/1Ibp_SJq1EYDthyGD5xi7RMrtEVomQevD\/view?usp=sharing\" target=\"_blank\" rel=\"noopener\">Abrir<\/a>) &#8211;<span style=\"color: #ff0000;\"> Conclu\u00eddo<\/span><\/span><\/p><p>\u203a\u00a0<strong>Hor\u00e1rio 27 <\/strong>Aviso de Abertura CE Grupo 410 \u2014 Filosofia <span style=\"font-style: inherit; font-weight: inherit;\">(<\/span><span style=\"font-style: inherit; font-weight: inherit;\"><a href=\"https:\/\/drive.google.com\/file\/d\/11skc9-ke5XS9tfqeA2-uYSMXAY5Is3cU\/view?usp=sharing\" target=\"_blank\" rel=\"noopener\">Abrir<\/a>) &#8211;<span style=\"color: #ff0000;\"> Conclu\u00eddo<\/span><\/span><\/p><p>\u203a\u00a0<strong>Hor\u00e1rio 6 <\/strong>Aviso de Abertura CE Grupo 350 \u2014 Espanhol <span style=\"font-style: inherit; font-weight: inherit;\">(<\/span><span style=\"font-style: inherit; font-weight: inherit;\"><a href=\"https:\/\/drive.google.com\/file\/d\/1R9fR47_XKif_WlECbQ5AVLzMG5LFGVqB\/view?usp=sharing\" target=\"_blank\" rel=\"noopener\">Abrir<\/a>) &#8211;<span style=\"color: #ff0000;\"> Conclu\u00eddo<\/span><\/span><\/p><p>\u203a\u00a0<strong>Hor\u00e1rio 5 <\/strong>Aviso de Abertura CE Grupo 290 \u2014 Educa\u00e7\u00e3o Moral e Religiosa Cat\u00f3lica <span style=\"font-style: inherit; font-weight: inherit;\">(<\/span><span style=\"font-style: inherit; font-weight: inherit;\"><a href=\"https:\/\/drive.google.com\/file\/d\/1WnOUHWXOfqsdDq10B-Z3CT10O4-_057J\/view?usp=sharing\" target=\"_blank\" rel=\"noopener\">Abrir<\/a>) &#8211;<span style=\"color: #ff0000;\"> Conclu\u00eddo<\/span><\/span><\/p>\t\t\t\t\t\t\t\t<\/div>\n\t\t\t\t<\/div>\n\t\t\t\t<\/div>\n\t\t<div class=\"elementor-element elementor-element-bc17780 e-con-full e-flex e-con e-child\" data-id=\"bc17780\" data-element_type=\"container\" data-settings=\"{&quot;_ha_eqh_enable&quot;:false}\">\n\t\t\t\t<div class=\"elementor-element elementor-element-f587859 elementor-widget elementor-widget-text-editor\" data-id=\"f587859\" data-element_type=\"widget\" data-widget_type=\"text-editor.default\">\n\t\t\t\t<div class=\"elementor-widget-container\">\n\t\t\t\t\t\t\t\t\t<h6><span style=\"color: #ff0000;\"><strong>Listas de Ordena\u00e7\u00e3o Final<\/strong><\/span><\/h6>\n<p>\u203a&nbsp;<span style=\"font-weight: 700;\">Hor\u00e1rio 56&nbsp;<\/span>Lista de ordena\u00e7\u00e3o final CE Grupo 240 &#8211; Educa\u00e7\u00e3o Visual e Tecnol\u00f3gica&nbsp;<span style=\"font-style: inherit; font-weight: inherit;\">(<\/span><span style=\"font-style: inherit; font-weight: inherit;\"><a href=\"https:\/\/drive.google.com\/file\/d\/1nZJAh7hNAAXqnpPDkCMDxUpm1nVKTmoK\/view?usp=sharing\" target=\"_blank\" rel=\"noopener\" style=\"color: rgb(38, 38, 44); transition-property: all;\">Abrir<\/a>)<\/span><\/p><p>\u203a&nbsp;<strong>Hor\u00e1rio 55 <\/strong>Lista de ordena\u00e7\u00e3o final CE Grupo 100 \u2014 Educa\u00e7\u00e3o Pr\u00e9-Escolar <span style=\"font-style: inherit; font-weight: inherit;\">(<\/span><span style=\"font-style: inherit; font-weight: inherit;\"><a href=\"https:\/\/drive.google.com\/file\/d\/1FUulEKJCg3HWgj4gVdLdjzzLdA3epf6-\/view?usp=sharing\" target=\"_blank\" rel=\"noopener\">Abrir<\/a>)<\/span><\/p>\n<p>\u203a&nbsp;<strong>Hor\u00e1rio 53 <\/strong>Lista de ordena\u00e7\u00e3o final CE Grupo 550 \u2014 Inform\u00e1tica <span style=\"font-style: inherit; font-weight: inherit;\">(<\/span><span style=\"font-style: inherit; font-weight: inherit;\"><a href=\"https:\/\/drive.google.com\/file\/d\/1_B3f9SCcblW6BSkCDKN2O7zdatP-a54m\/view?usp=sharing\" target=\"_blank\" rel=\"noopener\">Abrir<\/a>)<\/span><\/p>\n<p>\u203a&nbsp;<strong>Hor\u00e1rio 52 <\/strong>Lista de ordena\u00e7\u00e3o final CE Grupo 200 &#8211; Portugu\u00eas e Estudos Sociais\/Hist\u00f3ria <span style=\"font-style: inherit; font-weight: inherit;\">(<\/span><span style=\"font-style: inherit; font-weight: inherit;\"><a href=\"https:\/\/drive.google.com\/file\/d\/1pbzrIRvs1dCp0k-gADWubk-WO1Gip7UF\/view?usp=sharing\" target=\"_blank\" rel=\"noopener\">Abrir<\/a>)<\/span><\/p>\n<p>\u203a&nbsp;<strong>Hor\u00e1rio 51 <\/strong>Lista de ordena\u00e7\u00e3o final CE Grupo 300 \u2014 Portugu\u00eas <span style=\"font-style: inherit; font-weight: inherit;\">(<\/span><span style=\"font-style: inherit; font-weight: inherit;\"><a href=\"https:\/\/drive.google.com\/file\/d\/1vhxQlXdZ12e5pcp1BCt0M6jZOcpx-Jyr\/view?usp=sharing\" target=\"_blank\" rel=\"noopener\">Abrir<\/a>)<\/span><\/p>\n<p>\u203a&nbsp;<strong>Hor\u00e1rio 44 <\/strong>Lista de ordena\u00e7\u00e3o final CE Grupo 300 \u2014 Portugu\u00eas <span style=\"font-style: inherit; font-weight: inherit;\">(<\/span><span style=\"font-style: inherit; font-weight: inherit;\"><a href=\"https:\/\/drive.google.com\/file\/d\/1Q9fl9xWJlp3ZIQMeGYsLYtGIg6TkLkvD\/view?usp=sharing\" target=\"_blank\" rel=\"noopener\">Abrir<\/a>)<\/span><\/p>\n<p>\u203a&nbsp;<strong>Hor\u00e1rio 41 <\/strong>Lista de ordena\u00e7\u00e3o final CE Grupo 400 \u2014 Hist\u00f3ria <span style=\"font-style: inherit; font-weight: inherit;\">(<\/span><span style=\"font-style: inherit; font-weight: inherit;\"><a href=\"https:\/\/drive.google.com\/file\/d\/1KD85HhCtLQZh7IiTI9yxLADcxNBOHy9X\/view?usp=sharing\" target=\"_blank\" rel=\"noopener\">Abrir<\/a>)<\/span><\/p>\n<p>\u203a&nbsp;<strong>Hor\u00e1rio 37 <\/strong>Lista de ordena\u00e7\u00e3o final CE Grupo 910 \u2014 Educa\u00e7\u00e3o Especial 1 <span style=\"font-style: inherit; font-weight: inherit;\">(<\/span><span style=\"font-style: inherit; font-weight: inherit;\"><a href=\"https:\/\/drive.google.com\/file\/d\/1MaoOtS7dkJcFXsu0zFha_yOUCYmbUvir\/view?usp=sharing\" target=\"_blank\" rel=\"noopener\">Abrir<\/a>)<\/span><\/p>\n<p>\u203a&nbsp;<strong>Hor\u00e1rio 34 <\/strong>Lista de ordena\u00e7\u00e3o final CE Grupo 420 \u2014 Geografia <span style=\"font-style: inherit; font-weight: inherit;\">(<\/span><span style=\"font-style: inherit; font-weight: inherit;\"><a href=\"https:\/\/drive.google.com\/file\/d\/1TnZtpK9WO2emhwMZrb-w1mFOpzOVVZfU\/view?usp=sharing\" target=\"_blank\" rel=\"noopener\">Abrir<\/a>)<\/span><\/p>\n<p>\u203a&nbsp;<strong>Hor\u00e1rio 31 <\/strong>Lista de ordena\u00e7\u00e3o final CE Grupo 300 \u2014 Portugu\u00eas <span style=\"font-style: inherit; font-weight: inherit;\">(<\/span><span style=\"font-style: inherit; font-weight: inherit;\"><a href=\"https:\/\/drive.google.com\/file\/d\/1y3O2C4eqZZz5X4dbZkmlUmZfGx-WZ7P1\/view?usp=sharing\" target=\"_blank\" rel=\"noopener\">Abrir<\/a>)<\/span><\/p>\n<p><span style=\"font-style: inherit; font-weight: inherit;\">\u203a&nbsp;<\/span><strong style=\"font-style: inherit;\">Hor\u00e1rio 27 <\/strong><span style=\"font-style: inherit; font-weight: inherit;\">Lista de ordena\u00e7\u00e3o final CE Grupo 410 \u2014 Filosofia <\/span><span style=\"font-style: inherit; font-weight: inherit;\">(<\/span><span style=\"font-style: inherit; font-weight: inherit;\"><a href=\"https:\/\/drive.google.com\/file\/d\/1LKlLqntdxrLHwQMQTrOtSgc7nfHlt2sJ\/view?usp=sharing\" target=\"_blank\" rel=\"noopener\">Abrir<\/a>)<\/span><\/p>\n<p><span style=\"font-style: inherit; font-weight: inherit;\">\u203a&nbsp;<\/span><strong style=\"font-style: inherit;\">Hor\u00e1rio 6 <\/strong><span style=\"font-style: inherit; font-weight: inherit;\">Lista de ordena\u00e7\u00e3o final CE Grupo 350 \u2014 Espanhol <\/span><span style=\"font-style: inherit; font-weight: inherit;\">(<\/span><span style=\"font-style: inherit; font-weight: inherit;\"><a href=\"https:\/\/drive.google.com\/file\/d\/1Dnm0jOtgFch4NYv5xhV5iChOQ9sd6Z9t\/view?usp=sharing\" target=\"_blank\" rel=\"noopener\">Abrir<\/a>)<\/span><\/p>\n<p><span style=\"font-style: inherit; font-weight: inherit;\">\u203a&nbsp;<\/span><strong style=\"font-style: inherit;\">Hor\u00e1rio 5 <\/strong><span style=\"font-style: inherit; font-weight: inherit;\">Lista de ordena\u00e7\u00e3o final CE Grupo 290 \u2014 Educa\u00e7\u00e3o Moral e Religiosa Cat\u00f3lica <\/span><span style=\"font-style: inherit; font-weight: inherit;\">(<\/span><span style=\"font-style: inherit; font-weight: inherit;\"><a href=\"https:\/\/drive.google.com\/file\/d\/1218udWQ6Qn6SWidKaJbhMNnb0w1ZOxaT\/view?usp=sharing\" target=\"_blank\" rel=\"noopener\">Abrir<\/a>)<\/span><\/p>\t\t\t\t\t\t\t\t<\/div>\n\t\t\t\t<\/div>\n\t\t\t\t<\/div>\n\t\t\t\t\t<\/div>\n\t\t\t\t<\/div>\n\t\t\t\t<\/div>\n\t\t","protected":false},"excerpt":{"rendered":"<p>Avisos de Abertura \u203a Hor\u00e1rio 66 Aviso de Abertura CE Grupo 300 &#8211; Portugu\u00eas (Abrir) \u203a Hor\u00e1rio 65 Aviso de Abertura CE Grupo 910 &#8211; Educa\u00e7\u00e3o Especial 1 (Abrir) \u203a Hor\u00e1rio 64 Aviso de Abertura CE Grupo 300 &#8211; Portugu\u00eas (Abrir) \u203a Hor\u00e1rio 61 Aviso de Abertura CE Grupo 300 &#8211; Portugu\u00eas (Abrir) \u203a Hor\u00e1rio [&hellip;]<\/p>\n","protected":false},"author":3,"featured_media":0,"parent":0,"menu_order":0,"comment_status":"closed","ping_status":"closed","template":"elementor_header_footer","meta":{"_eb_attr":"","site-sidebar-layout":"no-sidebar","site-content-layout":"page-builder","ast-site-content-layout":"default","site-content-style":"default","site-sidebar-style":"default","ast-global-header-display":"","ast-banner-title-visibility":"","ast-main-header-display":"","ast-hfb-above-header-display":"","ast-hfb-below-header-display":"","ast-hfb-mobile-header-display":"","site-post-title":"disabled","ast-breadcrumbs-content":"","ast-featured-img":"disabled","footer-sml-layout":"","theme-transparent-header-meta":"","adv-header-id-meta":"","stick-header-meta":"","header-above-stick-meta":"","header-main-stick-meta":"","header-below-stick-meta":"","astra-migrate-meta-layouts":"default","ast-page-background-enabled":"default","ast-page-background-meta":{"desktop":{"background-color":"","background-image":"","background-repeat":"repeat","background-position":"center center","background-size":"auto","background-attachment":"scroll","background-type":"","background-media":"","overlay-type":"","overlay-color":"","overlay-opacity":"","overlay-gradient":""},"tablet":{"background-color":"","background-image":"","background-repeat":"repeat","background-position":"center center","background-size":"auto","background-attachment":"scroll","background-type":"","background-media":"","overlay-type":"","overlay-color":"","overlay-opacity":"","overlay-gradient":""},"mobile":{"background-color":"","background-image":"","background-repeat":"repeat","background-position":"center center","background-size":"auto","background-attachment":"scroll","background-type":"","background-media":"","overlay-type":"","overlay-color":"","overlay-opacity":"","overlay-gradient":""}},"ast-content-background-meta":{"desktop":{"background-color":"var(--ast-global-color-5)","background-image":"","background-repeat":"repeat","background-position":"center center","background-size":"auto","background-attachment":"scroll","background-type":"","background-media":"","overlay-type":"","overlay-color":"","overlay-opacity":"","overlay-gradient":""},"tablet":{"background-color":"var(--ast-global-color-5)","background-image":"","background-repeat":"repeat","background-position":"center center","background-size":"auto","background-attachment":"scroll","background-type":"","background-media":"","overlay-type":"","overlay-color":"","overlay-opacity":"","overlay-gradient":""},"mobile":{"background-color":"var(--ast-global-color-5)","background-image":"","background-repeat":"repeat","background-position":"center center","background-size":"auto","background-attachment":"scroll","background-type":"","background-media":"","overlay-type":"","overlay-color":"","overlay-opacity":"","overlay-gradient":""}},"footnotes":""},"class_list":["post-3724","page","type-page","status-publish","hentry"],"_links":{"self":[{"href":"https:\/\/www.aeabadebacal.pt\/index.php\/wp-json\/wp\/v2\/pages\/3724","targetHints":{"allow":["GET"]}}],"collection":[{"href":"https:\/\/www.aeabadebacal.pt\/index.php\/wp-json\/wp\/v2\/pages"}],"about":[{"href":"https:\/\/www.aeabadebacal.pt\/index.php\/wp-json\/wp\/v2\/types\/page"}],"author":[{"embeddable":true,"href":"https:\/\/www.aeabadebacal.pt\/index.php\/wp-json\/wp\/v2\/users\/3"}],"replies":[{"embeddable":true,"href":"https:\/\/www.aeabadebacal.pt\/index.php\/wp-json\/wp\/v2\/comments?post=3724"}],"version-history":[{"count":90,"href":"https:\/\/www.aeabadebacal.pt\/index.php\/wp-json\/wp\/v2\/pages\/3724\/revisions"}],"predecessor-version":[{"id":12499,"href":"https:\/\/www.aeabadebacal.pt\/index.php\/wp-json\/wp\/v2\/pages\/3724\/revisions\/12499"}],"wp:attachment":[{"href":"https:\/\/www.aeabadebacal.pt\/index.php\/wp-json\/wp\/v2\/media?parent=3724"}],"curies":[{"name":"wp","href":"https:\/\/api.w.org\/{rel}","templated":true}]}}