{"id":3967,"date":"2022-09-12T17:26:26","date_gmt":"2022-09-12T17:26:26","guid":{"rendered":"http:\/\/www.aeabadebacal.pt\/?page_id=3967"},"modified":"2022-11-30T21:42:06","modified_gmt":"2022-11-30T21:42:06","slug":"associacao-de-pais","status":"publish","type":"page","link":"https:\/\/www.aeabadebacal.pt\/index.php\/associacao-de-pais\/","title":{"rendered":"Associa\u00e7\u00e3o de Pais"},"content":{"rendered":"\t\t<div data-elementor-type=\"wp-page\" data-elementor-id=\"3967\" class=\"elementor elementor-3967\" data-elementor-settings=\"{&quot;ha_cmc_init_switcher&quot;:&quot;no&quot;}\">\n\t\t\t\t\t\t<section class=\"elementor-section elementor-top-section elementor-element elementor-element-a28e16f elementor-section-boxed elementor-section-height-default elementor-section-height-default\" data-id=\"a28e16f\" data-element_type=\"section\" data-settings=\"{&quot;_ha_eqh_enable&quot;:false}\">\n\t\t\t\t\t\t<div class=\"elementor-container elementor-column-gap-default\">\n\t\t\t\t\t<div class=\"elementor-column elementor-col-100 elementor-top-column elementor-element elementor-element-932d0ef\" data-id=\"932d0ef\" data-element_type=\"column\">\n\t\t\t<div class=\"elementor-widget-wrap elementor-element-populated\">\n\t\t\t\t\t\t<div class=\"elementor-element elementor-element-14c4aaa elementor-widget elementor-widget-image\" data-id=\"14c4aaa\" data-element_type=\"widget\" data-widget_type=\"image.default\">\n\t\t\t\t<div class=\"elementor-widget-container\">\n\t\t\t\t\t\t\t\t\t\t\t\t\t\t\t<img decoding=\"async\" src=\"https:\/\/www.aeabadebacal.pt\/wp-content\/uploads\/2022\/11\/Associacao-de-paisDEF.png\" title=\"Associa\u00e7\u00e3o de paisDEF\" alt=\"Associa\u00e7\u00e3o de paisDEF\" loading=\"lazy\" \/>\t\t\t\t\t\t\t\t\t\t\t\t\t\t\t<\/div>\n\t\t\t\t<\/div>\n\t\t\t\t\t<\/div>\n\t\t<\/div>\n\t\t\t\t\t<\/div>\n\t\t<\/section>\n\t\t\t\t<section class=\"elementor-section elementor-top-section elementor-element elementor-element-1d4f6ff elementor-section-boxed elementor-section-height-default elementor-section-height-default\" data-id=\"1d4f6ff\" data-element_type=\"section\" data-settings=\"{&quot;_ha_eqh_enable&quot;:false}\">\n\t\t\t\t\t\t<div class=\"elementor-container elementor-column-gap-default\">\n\t\t\t\t\t<div class=\"elementor-column elementor-col-100 elementor-top-column elementor-element elementor-element-0130229\" data-id=\"0130229\" data-element_type=\"column\">\n\t\t\t<div class=\"elementor-widget-wrap\">\n\t\t\t\t\t\t\t<\/div>\n\t\t<\/div>\n\t\t\t\t\t<\/div>\n\t\t<\/section>\n\t\t\t\t<section class=\"elementor-section elementor-top-section elementor-element elementor-element-f448856 elementor-section-boxed elementor-section-height-default elementor-section-height-default\" data-id=\"f448856\" data-element_type=\"section\" data-settings=\"{&quot;_ha_eqh_enable&quot;:false}\">\n\t\t\t\t\t\t<div class=\"elementor-container elementor-column-gap-default\">\n\t\t\t\t\t<div class=\"elementor-column elementor-col-100 elementor-top-column elementor-element elementor-element-f466108\" data-id=\"f466108\" data-element_type=\"column\">\n\t\t\t<div class=\"elementor-widget-wrap elementor-element-populated\">\n\t\t\t\t\t\t<div class=\"elementor-element elementor-element-0a38e07 elementor-widget elementor-widget-heading\" data-id=\"0a38e07\" data-element_type=\"widget\" data-widget_type=\"heading.default\">\n\t\t\t\t<div class=\"elementor-widget-container\">\n\t\t\t\t\t<h3 class=\"elementor-heading-title elementor-size-default\"><strong style=\"margin: 0px;padding: 0px;font-size: large;text-align: center\">ASSOCIA\u00c7\u00c3O DE PAIS E ENCARREGADOS DE EDUCA\u00c7\u00c3O DO AGRUPAMENTO DE ESCOLAS ABADE DE BA\u00c7AL<\/strong><\/h3>\t\t\t\t<\/div>\n\t\t\t\t<\/div>\n\t\t\t\t\t<\/div>\n\t\t<\/div>\n\t\t\t\t\t<\/div>\n\t\t<\/section>\n\t\t\t\t<section class=\"elementor-section elementor-top-section elementor-element elementor-element-3f6dccc elementor-section-boxed elementor-section-height-default elementor-section-height-default\" data-id=\"3f6dccc\" data-element_type=\"section\" data-settings=\"{&quot;_ha_eqh_enable&quot;:false}\">\n\t\t\t\t\t\t<div class=\"elementor-container elementor-column-gap-default\">\n\t\t\t\t\t<div class=\"elementor-column elementor-col-100 elementor-top-column elementor-element elementor-element-f59e9fa\" data-id=\"f59e9fa\" data-element_type=\"column\">\n\t\t\t<div class=\"elementor-widget-wrap elementor-element-populated\">\n\t\t\t\t\t\t<div class=\"elementor-element elementor-element-d30010e elementor-widget elementor-widget-heading\" data-id=\"d30010e\" data-element_type=\"widget\" data-widget_type=\"heading.default\">\n\t\t\t\t<div class=\"elementor-widget-container\">\n\t\t\t\t\t<h2 class=\"elementor-heading-title elementor-size-default\"><img decoding=\"async\" src=\"http:\/\/siteantigo.aeabadebacal.pt\/images\/logonocaassocia%C3%A7%C3%A3opaisab.png\" alt=\"logonocaassocia\u00e7\u00e3opaisab\"><\/h2>\t\t\t\t<\/div>\n\t\t\t\t<\/div>\n\t\t\t\t\t<\/div>\n\t\t<\/div>\n\t\t\t\t\t<\/div>\n\t\t<\/section>\n\t\t\t\t<section class=\"elementor-section elementor-top-section elementor-element elementor-element-93c0a19 elementor-section-boxed elementor-section-height-default elementor-section-height-default\" data-id=\"93c0a19\" data-element_type=\"section\" data-settings=\"{&quot;_ha_eqh_enable&quot;:false}\">\n\t\t\t\t\t\t<div class=\"elementor-container elementor-column-gap-default\">\n\t\t\t\t\t<div class=\"elementor-column elementor-col-100 elementor-top-column elementor-element elementor-element-ed27834\" data-id=\"ed27834\" data-element_type=\"column\">\n\t\t\t<div class=\"elementor-widget-wrap\">\n\t\t\t\t\t\t\t<\/div>\n\t\t<\/div>\n\t\t\t\t\t<\/div>\n\t\t<\/section>\n\t\t\t\t<section class=\"elementor-section elementor-top-section elementor-element elementor-element-0e7ed8a elementor-section-boxed elementor-section-height-default elementor-section-height-default\" data-id=\"0e7ed8a\" data-element_type=\"section\" data-settings=\"{&quot;_ha_eqh_enable&quot;:false}\">\n\t\t\t\t\t\t<div class=\"elementor-container elementor-column-gap-default\">\n\t\t\t\t\t<div class=\"elementor-column elementor-col-50 elementor-top-column elementor-element elementor-element-39e1d70\" data-id=\"39e1d70\" data-element_type=\"column\">\n\t\t\t<div class=\"elementor-widget-wrap elementor-element-populated\">\n\t\t\t\t\t\t<div class=\"elementor-element elementor-element-df02066 elementor-widget elementor-widget-text-editor\" data-id=\"df02066\" data-element_type=\"widget\" data-widget_type=\"text-editor.default\">\n\t\t\t\t<div class=\"elementor-widget-container\">\n\t\t\t\t\t\t\t\t\t<p style=\"text-align: left;\"><strong>A Associa\u00e7\u00e3o de Pais e Encarregados de Educa\u00e7\u00e3o dos Alunos do Agrupamento de Escolas Abade de Ba\u00e7al \u00e9 uma institui\u00e7\u00e3o sem fins lucrativos, constitu\u00edda pelos Pais e Encarregados de Educa\u00e7\u00e3o dos alunos das escolas que integram o Agrupamento Abade de Ba\u00e7al. Pretende colaborar com a comunidade educativa e outras institui\u00e7\u00f5es locais com influ\u00eancia no funcionamento das escolas na procura conjunta de solu\u00e7\u00f5es para os problemas educativos dos educandos.<\/strong><\/p><h6><strong>Corpos dirigentes &#8211; Bi\u00e9nio 2020\/2022<\/strong><\/h6><h6>\u00a0<strong>Assembleia Geral<\/strong><\/h6><p>&#8211;\u00a0<strong>Presidente:\u00a0<\/strong>Benilde Moreira;<\/p><p>&#8211;\u00a0<strong>Vice-Presidente:<\/strong>\u00a0Isabel Mandim;<\/p><p>&#8211;\u00a0<strong>Secret\u00e1ria:<\/strong>\u00a0Maria Lourinho.<\/p><h6><strong>Dire\u00e7\u00e3o<\/strong><\/h6><p>&#8211;\u00a0<strong>Presidente:<\/strong>\u00a0Jacinta Costa;<\/p><p>&#8211;\u00a0<strong>Vice-Presidente:<\/strong>\u00a0Ana Maria Martins;<\/p><p>&#8211;\u00a0<strong>Secret\u00e1ria:<\/strong>\u00a0Catarina Martins;<\/p><p>&#8211;\u00a0<strong>Tesoureiro:<\/strong>\u00a0Ant\u00f3nio Meireles.<\/p><h6><strong>Conselho Fiscal<\/strong><\/h6><p>&#8211;\u00a0<strong>Presidente:<\/strong>\u00a0Anabela Leite;<\/p><p>&#8211;\u00a0<strong>Vice-Presidente<\/strong>: Albertina Costa;<\/p><p>&#8211;\u00a0<strong>Secret\u00e1ria:<\/strong>\u00a0Mabilde Pinto.<\/p><p>O contacto direto com Associa\u00e7\u00e3o pode ser feito atrav\u00e9s do e-mail:<\/p><p><strong><span id=\"cloak7993\"><a href=\"mailto:apee.abade.bacal@gmail.com\">apee.abade.bacal@gmail.com<\/a><\/span><\/strong><\/p>\t\t\t\t\t\t\t\t<\/div>\n\t\t\t\t<\/div>\n\t\t\t\t\t<\/div>\n\t\t<\/div>\n\t\t\t\t<div class=\"elementor-column elementor-col-50 elementor-top-column elementor-element elementor-element-2a66b91\" data-id=\"2a66b91\" data-element_type=\"column\">\n\t\t\t<div class=\"elementor-widget-wrap elementor-element-populated\">\n\t\t\t\t\t\t<div class=\"elementor-element elementor-element-4aef8e6 elementor-widget elementor-widget-text-editor\" data-id=\"4aef8e6\" data-element_type=\"widget\" data-widget_type=\"text-editor.default\">\n\t\t\t\t<div class=\"elementor-widget-container\">\n\t\t\t\t\t\t\t\t\t<p style=\"text-align: center;\"><a href=\"https:\/\/drive.google.com\/file\/d\/1gweflnoSrXdti4eJN5w2pLPkVUCix5JU\/view?usp=sharing\" target=\"_blank\" rel=\"noopener\"><img decoding=\"async\" class=\"aligncenter\" src=\"http:\/\/siteantigo.aeabadebacal.pt\/images\/Cartaz_APAEAB.png\" alt=\"Cartaz APAEAB\" \/><br \/><\/a><strong><a href=\"https:\/\/drive.google.com\/file\/d\/1gweflnoSrXdti4eJN5w2pLPkVUCix5JU\/view?usp=sharing\" target=\"_blank\" rel=\"noopener\">Abrir<\/a><\/strong><\/p>\t\t\t\t\t\t\t\t<\/div>\n\t\t\t\t<\/div>\n\t\t\t\t\t<\/div>\n\t\t<\/div>\n\t\t\t\t\t<\/div>\n\t\t<\/section>\n\t\t\t\t<\/div>\n\t\t","protected":false},"excerpt":{"rendered":"<p>ASSOCIA\u00c7\u00c3O DE PAIS E ENCARREGADOS DE EDUCA\u00c7\u00c3O DO AGRUPAMENTO DE ESCOLAS ABADE DE BA\u00c7AL A Associa\u00e7\u00e3o de Pais e Encarregados de Educa\u00e7\u00e3o dos Alunos do Agrupamento de Escolas Abade de Ba\u00e7al \u00e9 uma institui\u00e7\u00e3o sem fins lucrativos, constitu\u00edda pelos Pais e Encarregados de Educa\u00e7\u00e3o dos alunos das escolas que integram o Agrupamento Abade de Ba\u00e7al. [&hellip;]<\/p>\n","protected":false},"author":3,"featured_media":0,"parent":0,"menu_order":0,"comment_status":"closed","ping_status":"closed","template":"elementor_header_footer","meta":{"_eb_attr":"","site-sidebar-layout":"no-sidebar","site-content-layout":"page-builder","ast-site-content-layout":"default","site-content-style":"default","site-sidebar-style":"default","ast-global-header-display":"","ast-banner-title-visibility":"","ast-main-header-display":"","ast-hfb-above-header-display":"","ast-hfb-below-header-display":"","ast-hfb-mobile-header-display":"","site-post-title":"disabled","ast-breadcrumbs-content":"","ast-featured-img":"disabled","footer-sml-layout":"","theme-transparent-header-meta":"","adv-header-id-meta":"","stick-header-meta":"","header-above-stick-meta":"","header-main-stick-meta":"","header-below-stick-meta":"","astra-migrate-meta-layouts":"default","ast-page-background-enabled":"default","ast-page-background-meta":{"desktop":{"background-color":"","background-image":"","background-repeat":"repeat","background-position":"center center","background-size":"auto","background-attachment":"scroll","background-type":"","background-media":"","overlay-type":"","overlay-color":"","overlay-opacity":"","overlay-gradient":""},"tablet":{"background-color":"","background-image":"","background-repeat":"repeat","background-position":"center center","background-size":"auto","background-attachment":"scroll","background-type":"","background-media":"","overlay-type":"","overlay-color":"","overlay-opacity":"","overlay-gradient":""},"mobile":{"background-color":"","background-image":"","background-repeat":"repeat","background-position":"center center","background-size":"auto","background-attachment":"scroll","background-type":"","background-media":"","overlay-type":"","overlay-color":"","overlay-opacity":"","overlay-gradient":""}},"ast-content-background-meta":{"desktop":{"background-color":"var(--ast-global-color-5)","background-image":"","background-repeat":"repeat","background-position":"center center","background-size":"auto","background-attachment":"scroll","background-type":"","background-media":"","overlay-type":"","overlay-color":"","overlay-opacity":"","overlay-gradient":""},"tablet":{"background-color":"var(--ast-global-color-5)","background-image":"","background-repeat":"repeat","background-position":"center center","background-size":"auto","background-attachment":"scroll","background-type":"","background-media":"","overlay-type":"","overlay-color":"","overlay-opacity":"","overlay-gradient":""},"mobile":{"background-color":"var(--ast-global-color-5)","background-image":"","background-repeat":"repeat","background-position":"center center","background-size":"auto","background-attachment":"scroll","background-type":"","background-media":"","overlay-type":"","overlay-color":"","overlay-opacity":"","overlay-gradient":""}},"footnotes":""},"class_list":["post-3967","page","type-page","status-publish","hentry"],"_links":{"self":[{"href":"https:\/\/www.aeabadebacal.pt\/index.php\/wp-json\/wp\/v2\/pages\/3967","targetHints":{"allow":["GET"]}}],"collection":[{"href":"https:\/\/www.aeabadebacal.pt\/index.php\/wp-json\/wp\/v2\/pages"}],"about":[{"href":"https:\/\/www.aeabadebacal.pt\/index.php\/wp-json\/wp\/v2\/types\/page"}],"author":[{"embeddable":true,"href":"https:\/\/www.aeabadebacal.pt\/index.php\/wp-json\/wp\/v2\/users\/3"}],"replies":[{"embeddable":true,"href":"https:\/\/www.aeabadebacal.pt\/index.php\/wp-json\/wp\/v2\/comments?post=3967"}],"version-history":[{"count":0,"href":"https:\/\/www.aeabadebacal.pt\/index.php\/wp-json\/wp\/v2\/pages\/3967\/revisions"}],"wp:attachment":[{"href":"https:\/\/www.aeabadebacal.pt\/index.php\/wp-json\/wp\/v2\/media?parent=3967"}],"curies":[{"name":"wp","href":"https:\/\/api.w.org\/{rel}","templated":true}]}}