{"id":5286,"date":"2023-06-12T10:49:44","date_gmt":"2023-06-12T10:49:44","guid":{"rendered":"http:\/\/www.aeabadebacal.pt\/?page_id=5286"},"modified":"2024-07-11T19:36:32","modified_gmt":"2024-07-11T19:36:32","slug":"exames-informacao-prova","status":"publish","type":"page","link":"https:\/\/www.aeabadebacal.pt\/index.php\/exames-informacao-prova\/","title":{"rendered":"Exames-Informa\u00e7\u00e3o Prova"},"content":{"rendered":"\t\t<div data-elementor-type=\"wp-page\" data-elementor-id=\"5286\" class=\"elementor elementor-5286\" data-elementor-settings=\"{&quot;ha_cmc_init_switcher&quot;:&quot;no&quot;}\">\n\t\t\t\t\t\t<section class=\"elementor-section elementor-top-section elementor-element elementor-element-5bb6f96 elementor-section-boxed elementor-section-height-default elementor-section-height-default\" data-id=\"5bb6f96\" data-element_type=\"section\" data-settings=\"{&quot;_ha_eqh_enable&quot;:false}\">\n\t\t\t\t\t\t<div class=\"elementor-container elementor-column-gap-default\">\n\t\t\t\t\t<div class=\"elementor-column elementor-col-100 elementor-top-column elementor-element elementor-element-601e431\" data-id=\"601e431\" data-element_type=\"column\">\n\t\t\t<div class=\"elementor-widget-wrap\">\n\t\t\t\t\t\t\t<\/div>\n\t\t<\/div>\n\t\t\t\t\t<\/div>\n\t\t<\/section>\n\t\t\t\t<section class=\"elementor-section elementor-top-section elementor-element elementor-element-7ba75bf elementor-section-boxed elementor-section-height-default elementor-section-height-default\" data-id=\"7ba75bf\" data-element_type=\"section\" data-settings=\"{&quot;_ha_eqh_enable&quot;:false}\">\n\t\t\t\t\t\t<div class=\"elementor-container elementor-column-gap-default\">\n\t\t\t\t\t<div class=\"elementor-column elementor-col-100 elementor-top-column elementor-element elementor-element-8434299\" data-id=\"8434299\" data-element_type=\"column\">\n\t\t\t<div class=\"elementor-widget-wrap elementor-element-populated\">\n\t\t\t\t\t\t<div class=\"elementor-element elementor-element-278e656 elementor-widget elementor-widget-image\" data-id=\"278e656\" data-element_type=\"widget\" data-widget_type=\"image.default\">\n\t\t\t\t<div class=\"elementor-widget-container\">\n\t\t\t\t\t\t\t\t\t\t\t\t\t\t\t<img fetchpriority=\"high\" decoding=\"async\" width=\"1024\" height=\"178\" src=\"https:\/\/www.aeabadebacal.pt\/wp-content\/uploads\/2024\/05\/Banner_exames2024-1024x178.jpg\" class=\"attachment-large size-large wp-image-7279\" alt=\"\" srcset=\"https:\/\/www.aeabadebacal.pt\/wp-content\/uploads\/2024\/05\/Banner_exames2024-1024x178.jpg 1024w, https:\/\/www.aeabadebacal.pt\/wp-content\/uploads\/2024\/05\/Banner_exames2024-300x52.jpg 300w, https:\/\/www.aeabadebacal.pt\/wp-content\/uploads\/2024\/05\/Banner_exames2024-768x134.jpg 768w, https:\/\/www.aeabadebacal.pt\/wp-content\/uploads\/2024\/05\/Banner_exames2024.jpg 1506w\" sizes=\"(max-width: 1024px) 100vw, 1024px\" \/>\t\t\t\t\t\t\t\t\t\t\t\t\t\t\t<\/div>\n\t\t\t\t<\/div>\n\t\t\t\t\t<\/div>\n\t\t<\/div>\n\t\t\t\t\t<\/div>\n\t\t<\/section>\n\t\t\t\t<section class=\"elementor-section elementor-top-section elementor-element elementor-element-ae2ab24 elementor-section-boxed elementor-section-height-default elementor-section-height-default\" data-id=\"ae2ab24\" data-element_type=\"section\" data-settings=\"{&quot;_ha_eqh_enable&quot;:false}\">\n\t\t\t\t\t\t<div class=\"elementor-container elementor-column-gap-default\">\n\t\t\t\t\t<div class=\"elementor-column elementor-col-100 elementor-top-column elementor-element elementor-element-9a2b287\" data-id=\"9a2b287\" data-element_type=\"column\">\n\t\t\t<div class=\"elementor-widget-wrap elementor-element-populated\">\n\t\t\t\t\t\t<div class=\"elementor-element elementor-element-7d8c9ea elementor-widget elementor-widget-heading\" data-id=\"7d8c9ea\" data-element_type=\"widget\" data-widget_type=\"heading.default\">\n\t\t\t\t<div class=\"elementor-widget-container\">\n\t\t\t\t\t<h4 class=\"elementor-heading-title elementor-size-default\">INFORMA\u00c7\u00c3O PROVA -Equival\u00eancia \u00e0 Frequ\u00eancia e Prova Extraordin\u00e1ria de Avalia\u00e7\u00e3o<\/h4>\t\t\t\t<\/div>\n\t\t\t\t<\/div>\n\t\t\t\t\t<\/div>\n\t\t<\/div>\n\t\t\t\t\t<\/div>\n\t\t<\/section>\n\t\t\t\t<section class=\"elementor-section elementor-top-section elementor-element elementor-element-ebb6c23 elementor-section-boxed elementor-section-height-default elementor-section-height-default\" data-id=\"ebb6c23\" data-element_type=\"section\" data-settings=\"{&quot;_ha_eqh_enable&quot;:false}\">\n\t\t\t\t\t\t<div class=\"elementor-container elementor-column-gap-default\">\n\t\t\t\t\t<div class=\"elementor-column elementor-col-100 elementor-top-column elementor-element elementor-element-c96cac0\" data-id=\"c96cac0\" data-element_type=\"column\">\n\t\t\t<div class=\"elementor-widget-wrap elementor-element-populated\">\n\t\t\t\t\t\t<div class=\"elementor-element elementor-element-0be99c8 elementor-widget-divider--view-line elementor-widget elementor-widget-divider\" data-id=\"0be99c8\" data-element_type=\"widget\" data-widget_type=\"divider.default\">\n\t\t\t\t<div class=\"elementor-widget-container\">\n\t\t\t\t\t\t\t<div class=\"elementor-divider\">\n\t\t\t<span class=\"elementor-divider-separator\">\n\t\t\t\t\t\t<\/span>\n\t\t<\/div>\n\t\t\t\t\t\t<\/div>\n\t\t\t\t<\/div>\n\t\t\t\t\t<\/div>\n\t\t<\/div>\n\t\t\t\t\t<\/div>\n\t\t<\/section>\n\t\t\t\t<section class=\"elementor-section elementor-top-section elementor-element elementor-element-4db2ba5 elementor-section-boxed elementor-section-height-default elementor-section-height-default\" data-id=\"4db2ba5\" data-element_type=\"section\" data-settings=\"{&quot;_ha_eqh_enable&quot;:false}\">\n\t\t\t\t\t\t<div class=\"elementor-container elementor-column-gap-default\">\n\t\t\t\t\t<div class=\"elementor-column elementor-col-50 elementor-top-column elementor-element elementor-element-e56646d\" data-id=\"e56646d\" data-element_type=\"column\">\n\t\t\t<div class=\"elementor-widget-wrap elementor-element-populated\">\n\t\t\t\t\t\t<div class=\"elementor-element elementor-element-9103ccf elementor-widget elementor-widget-text-editor\" data-id=\"9103ccf\" data-element_type=\"widget\" data-widget_type=\"text-editor.default\">\n\t\t\t\t<div class=\"elementor-widget-container\">\n\t\t\t\t\t\t\t\t\t<p><span style=\"color: #0000ff;\"><strong>DEPARTAMENTO DO 1.\u00ba CICLO DO ENSINO B\u00c1SICO<\/strong><\/span><\/p><ul><li>1.\u00ba Ciclo \u2013\u00a0<span style=\"color: #ff0000;\"><a style=\"color: #ff0000;\" href=\"https:\/\/drive.google.com\/drive\/folders\/1gqer66L8rUaP6_5h1_LlCfB4NQmPMl_O?usp=sharing\" target=\"_blank\" rel=\"noopener\">Abrir\u2026<\/a><\/span><\/li><\/ul>\t\t\t\t\t\t\t\t<\/div>\n\t\t\t\t<\/div>\n\t\t\t\t\t<\/div>\n\t\t<\/div>\n\t\t\t\t<div class=\"elementor-column elementor-col-50 elementor-top-column elementor-element elementor-element-ef687f6\" data-id=\"ef687f6\" data-element_type=\"column\">\n\t\t\t<div class=\"elementor-widget-wrap elementor-element-populated\">\n\t\t\t\t\t\t<div class=\"elementor-element elementor-element-968c085 elementor-widget elementor-widget-text-editor\" data-id=\"968c085\" data-element_type=\"widget\" data-widget_type=\"text-editor.default\">\n\t\t\t\t<div class=\"elementor-widget-container\">\n\t\t\t\t\t\t\t\t\t<p><span style=\"color: #0000ff;\"><strong>DEPARTAMENTO DE CI\u00caNCIAS SOCIAIS E HUMANAS<\/strong><\/span><\/p><ul><li>Hist\u00f3ria e Geografia de Portugal (2.\u00ba Ciclo) \u2013\u00a0<span style=\"color: #ff0000;\"><a style=\"color: #ff0000;\" href=\"https:\/\/drive.google.com\/drive\/folders\/1h2jeuVsiTT33GxxLdI_66f7K4SSumai8?usp=sharing\" target=\"_blank\" rel=\"noopener\">Abrir\u2026<\/a><\/span><\/li><li>Hist\u00f3ria (Secund\u00e1rio e\u00a0 3.\u00ba Ciclo) \u2013\u00a0<span style=\"color: #ff0000;\"><a style=\"color: #ff0000;\" href=\"https:\/\/drive.google.com\/drive\/folders\/1LWrzyOLAwZFEZof87J_MRPHAj0jKXuXm?usp=sharing\" target=\"_blank\" rel=\"noopener\">Abrir\u2026<\/a><\/span><\/li><li>Geografia (Secund\u00e1rio e 3.\u00ba Ciclo) \u2013\u00a0<span style=\"color: #ff0000;\"><a style=\"color: #ff0000;\" href=\"https:\/\/drive.google.com\/drive\/folders\/12MDc0rBTUrwp4lr0Fgc3Oz8fbFSJQ9NS?usp=sharing\" target=\"_blank\" rel=\"noopener\">Abrir\u2026<\/a><\/span><\/li><li>Economia\u00a0 (Secund\u00e1rio) \u2013\u00a0<span style=\"color: #ff0000;\"><a style=\"color: #ff0000;\" href=\"https:\/\/drive.google.com\/drive\/folders\/1MSOpkQP5bGxtf25TasVM1Uojd2Xy1JO6?usp=sharing\" target=\"_blank\" rel=\"noopener\">Abrir\u2026<\/a><\/span><\/li><li>Filosofia (Secund\u00e1rio) \u2013\u00a0<span style=\"color: #ff0000;\"><a style=\"color: #ff0000;\" href=\"https:\/\/drive.google.com\/drive\/folders\/1NSnkzAOXYiTNVzEENNemP5qVooV4pd7O?usp=sharing\" target=\"_blank\" rel=\"noopener\">Abrir\u2026<\/a><\/span><\/li><li>Psicologia B (Secund\u00e1rio) &#8211; <a href=\"https:\/\/drive.google.com\/file\/d\/1zKyqexgUu7XobmENnakIH-Q3YoE2_4Lx\/view?usp=sharing\" target=\"_blank\" rel=\"noopener\"><span style=\"color: #ff0000;\">Abrir&#8230;<\/span><\/a><\/li><\/ul>\t\t\t\t\t\t\t\t<\/div>\n\t\t\t\t<\/div>\n\t\t\t\t\t<\/div>\n\t\t<\/div>\n\t\t\t\t\t<\/div>\n\t\t<\/section>\n\t\t\t\t<section class=\"elementor-section elementor-top-section elementor-element elementor-element-499ab34 elementor-section-boxed elementor-section-height-default elementor-section-height-default\" data-id=\"499ab34\" data-element_type=\"section\" data-settings=\"{&quot;_ha_eqh_enable&quot;:false}\">\n\t\t\t\t\t\t<div class=\"elementor-container elementor-column-gap-default\">\n\t\t\t\t\t<div class=\"elementor-column elementor-col-50 elementor-top-column elementor-element elementor-element-73110d5\" data-id=\"73110d5\" data-element_type=\"column\">\n\t\t\t<div class=\"elementor-widget-wrap elementor-element-populated\">\n\t\t\t\t\t\t<div class=\"elementor-element elementor-element-de6438e elementor-widget elementor-widget-text-editor\" data-id=\"de6438e\" data-element_type=\"widget\" data-widget_type=\"text-editor.default\">\n\t\t\t\t<div class=\"elementor-widget-container\">\n\t\t\t\t\t\t\t\t\t<p><span style=\"color: #0000ff;\"><strong>DEPARTAMENTO DE L\u00cdNGUAS ESTRANGEIRAS<\/strong><\/span><\/p><p><strong>Prova Extraordin\u00e1ria de Avalia\u00e7\u00e3o<\/strong><\/p><ul><li>Ingl\u00eas \u2013\u00a0\u00a0<span style=\"color: #ff0000;\"><a style=\"color: #ff0000;\" href=\"https:\/\/drive.google.com\/drive\/folders\/1X2EcmL3bJTxBI5-7S5oCMGWEc0sPtrcj?usp=sharing\" target=\"_blank\" rel=\"noopener\">Abrir\u2026<\/a><\/span><\/li><li>Espanhol \u2013\u00a0<span style=\"color: #ff0000;\"><a style=\"color: #ff0000;\" href=\"https:\/\/drive.google.com\/drive\/folders\/1OynLt0KAmD9y-kXvMDu-M3PyOcRqk-Qq?usp=sharing\" target=\"_blank\" rel=\"noopener\">Abrir\u2026<\/a><\/span><\/li><li>Franc\u00eas \u2013\u00a0<span style=\"color: #ff0000;\"><a style=\"color: #ff0000;\" href=\"https:\/\/drive.google.com\/drive\/folders\/1DY_fWFrbwxQ6wxNQ2S0aIdwrdgSRs8g6?usp=sharing\" target=\"_blank\" rel=\"noopener\">Abrir\u2026<\/a><\/span><\/li><\/ul><hr \/><p><span style=\"color: #3366ff;\"><strong>Informa\u00e7\u00e3o Prova<\/strong><\/span><\/p><ul><li>Franc\u00eas \u2013\u00a0<span style=\"color: #ff0000;\"><a style=\"color: #ff0000;\" href=\"https:\/\/drive.google.com\/drive\/folders\/17UwHUD2TIZ7cYLKuGxRE2vYppzOxB0lp?usp=sharing\" target=\"_blank\" rel=\"noopener\">Abrir\u2026<\/a><\/span><\/li><li>Ingl\u00eas \u2013\u00a0<span style=\"color: #ff0000;\"><a style=\"color: #ff0000;\" href=\"https:\/\/drive.google.com\/drive\/folders\/1mjHZwPtKG7piEhuCULbWEKnhW-4fTErV?usp=sharing\" target=\"_blank\" rel=\"noopener\">Abrir\u2026<\/a><\/span><\/li><li>Espanhol \u2013\u00a0<span style=\"color: #ff0000;\"><a style=\"color: #ff0000;\" href=\"https:\/\/drive.google.com\/drive\/folders\/1cttzum-js6Jc5xgA7DP2Dddhtu0Bvraq?usp=sharing\" target=\"_blank\" rel=\"noopener\">Abrir\u2026<\/a><\/span><\/li><\/ul>\t\t\t\t\t\t\t\t<\/div>\n\t\t\t\t<\/div>\n\t\t\t\t\t<\/div>\n\t\t<\/div>\n\t\t\t\t<div class=\"elementor-column elementor-col-50 elementor-top-column elementor-element elementor-element-5740430\" data-id=\"5740430\" data-element_type=\"column\">\n\t\t\t<div class=\"elementor-widget-wrap elementor-element-populated\">\n\t\t\t\t\t\t<div class=\"elementor-element elementor-element-581b764 elementor-widget elementor-widget-text-editor\" data-id=\"581b764\" data-element_type=\"widget\" data-widget_type=\"text-editor.default\">\n\t\t\t\t<div class=\"elementor-widget-container\">\n\t\t\t\t\t\t\t\t\t<p><span style=\"color: #0000ff;\"><strong>DEPARTAMENTO DE PORTUGU\u00caS<\/strong><\/span><\/p><ul><li>Portugu\u00eas (10.\u00ba \u2013 11.\u00ba e 12.\u00ba ano) \u2013\u00a0\u00a0<span style=\"color: #ff0000;\"><a style=\"color: #ff0000;\" href=\"https:\/\/drive.google.com\/drive\/folders\/1ELZ9JIKF6BXANUCNS3V9oH8SRPKqXQ1D?usp=sharing\" target=\"_blank\" rel=\"noopener\">Abrir\u2026<\/a><\/span><\/li><li>3.\u00ba Ciclo (7.\u00ba \u2013 8.\u00ba e 9.\u00ba ano) \u2013\u00a0<span style=\"color: #ff0000;\"><a style=\"color: #ff0000;\" href=\"https:\/\/drive.google.com\/drive\/folders\/1aJEsAgqSvxieO7WR9kfUFAmHQO3qMsNL?usp=sharing\" target=\"_blank\" rel=\"noopener\">Abrir\u2026<\/a><\/span><\/li><li>2.\u00ba Ciclo ( 5.\u00ba e 6.\u00ba ano)-\u00a0<span style=\"color: #ff0000;\"><a style=\"color: #ff0000;\" href=\"https:\/\/drive.google.com\/drive\/folders\/1zzAG1gzRPEqkDGtBiEGETUvRBoZNHpGt?usp=sharing\" target=\"_blank\" rel=\"noopener\">Abrir\u2026<\/a><\/span><\/li><\/ul>\t\t\t\t\t\t\t\t<\/div>\n\t\t\t\t<\/div>\n\t\t\t\t\t<\/div>\n\t\t<\/div>\n\t\t\t\t\t<\/div>\n\t\t<\/section>\n\t\t\t\t<section class=\"elementor-section elementor-top-section elementor-element elementor-element-8973efc elementor-section-boxed elementor-section-height-default elementor-section-height-default\" data-id=\"8973efc\" data-element_type=\"section\" data-settings=\"{&quot;_ha_eqh_enable&quot;:false}\">\n\t\t\t\t\t\t<div class=\"elementor-container elementor-column-gap-default\">\n\t\t\t\t\t<div class=\"elementor-column elementor-col-50 elementor-top-column elementor-element elementor-element-59f2f11\" data-id=\"59f2f11\" data-element_type=\"column\">\n\t\t\t<div class=\"elementor-widget-wrap elementor-element-populated\">\n\t\t\t\t\t\t<div class=\"elementor-element elementor-element-fd17932 elementor-widget elementor-widget-text-editor\" data-id=\"fd17932\" data-element_type=\"widget\" data-widget_type=\"text-editor.default\">\n\t\t\t\t<div class=\"elementor-widget-container\">\n\t\t\t\t\t\t\t\t\t<p><span style=\"color: #0000ff;\"><strong>DEPARTAMENTO DE CI\u00caNCIAS EXPERIMENTAIS<\/strong><\/span><\/p><p><span style=\"color: #3366ff;\"><strong>BIOLOGIA<\/strong><\/span><\/p><ul><li>Secund\u00e1rio (10.\u00ba \u2013 11.\u00ba e 12.\u00ba ano) \u2013\u00a0<span style=\"color: #ff0000;\"><a style=\"color: #ff0000;\" href=\"https:\/\/drive.google.com\/drive\/folders\/1nkrJjZ7P2JNREl8Tci-ZiQHivYfwOQfn?usp=sharing\" target=\"_blank\" rel=\"noopener\">Abrir\u2026<\/a><\/span><\/li><\/ul><p><span style=\"color: #3366ff;\"><strong>F\u00cdSICO-QU\u00cdMICA<\/strong><\/span><\/p><ul><li>Secund\u00e1rio \u2013\u00a0<span style=\"color: #ff0000;\"><a style=\"color: #ff0000;\" href=\"https:\/\/drive.google.com\/drive\/folders\/17rXBEawYwXGdMY428R5leLn6e8OemBpK?usp=sharing\" target=\"_blank\" rel=\"noopener\">Abrir\u2026<\/a><\/span><\/li><li>3.\u00ba Ciclo \u2013\u00a0<span style=\"color: #ff0000;\"><a style=\"color: #ff0000;\" href=\"https:\/\/drive.google.com\/drive\/folders\/1RvHrHbGY1Fzphckx7BoNEeXbiL4gDSiT?usp=sharing\" target=\"_blank\" rel=\"noopener\">Abrir\u2026<\/a><\/span><\/li><\/ul><hr \/><p><span style=\"color: #3366ff;\"><strong>CI\u00caNCIAS NATURAIS<\/strong><\/span><\/p><ul><li>3.\u00ba Ciclo (7.\u00ba-8.\u00ba e 9.\u00ba ano) \u2013\u00a0<span style=\"color: #ff0000;\"><a style=\"color: #ff0000;\" href=\"https:\/\/drive.google.com\/drive\/folders\/1tzhiG6bpd4HZvsP7W3cC-8w8i1TenEzV?usp=sharing\" target=\"_blank\" rel=\"noopener\">Abrir\u2026<\/a><\/span><\/li><li>2.\u00ba Ciclo (5.\u00ba e 6.\u00ba ano) \u2013\u00a0<span style=\"color: #ff0000;\"><a style=\"color: #ff0000;\" href=\"https:\/\/drive.google.com\/drive\/folders\/1Z1XpQUsNfFESp-yE1b5dPafEIhppNgI4?usp=sharing\" target=\"_blank\" rel=\"noopener\">Abrir\u2026<\/a><\/span><\/li><\/ul>\t\t\t\t\t\t\t\t<\/div>\n\t\t\t\t<\/div>\n\t\t\t\t\t<\/div>\n\t\t<\/div>\n\t\t\t\t<div class=\"elementor-column elementor-col-50 elementor-top-column elementor-element elementor-element-7ad5e32\" data-id=\"7ad5e32\" data-element_type=\"column\">\n\t\t\t<div class=\"elementor-widget-wrap elementor-element-populated\">\n\t\t\t\t\t\t<div class=\"elementor-element elementor-element-cb09764 elementor-widget elementor-widget-text-editor\" data-id=\"cb09764\" data-element_type=\"widget\" data-widget_type=\"text-editor.default\">\n\t\t\t\t<div class=\"elementor-widget-container\">\n\t\t\t\t\t\t\t\t\t<p><span style=\"color: #0000ff;\"><strong>DEPARTAMENTO DE MATEM\u00c1TICA E INFORM\u00c1TICA<\/strong><\/span><\/p><p><strong>Matem\u00e1tica<\/strong><\/p><ul><li style=\"font-size: 16px;\">Secund\u00e1rio &#8211; <a href=\"https:\/\/drive.google.com\/drive\/folders\/14-aSIEzj0rLIuxviGObm2bF5uhvOuyZ-?usp=sharing\" target=\"_blank\" rel=\"noopener\"><span style=\"color: #ff0000;\">Abrir&#8230;<\/span><\/a><\/li><li style=\"font-size: 16px;\">3.\u00ba Ciclo &#8211; <a href=\"https:\/\/drive.google.com\/drive\/folders\/1WcEkrDczc_bfSzuA4N3mFIyOp7wF_R-2?usp=sharing\" target=\"_blank\" rel=\"noopener\"><span style=\"color: #ff0000;\">Abrir&#8230;<\/span><\/a><\/li><li>2.\u00ba Ciclo &#8211; <a href=\"https:\/\/drive.google.com\/drive\/folders\/1oghBURxa5pUFLw098wTAQTVXRGZlhHpj?usp=sharing\" target=\"_blank\" rel=\"noopener\"><span style=\"color: #ff0000;\">Abrir&#8230;<\/span><\/a><\/li><\/ul><p><strong>Inform\u00e1tica<\/strong><\/p><ul><li>Secund\u00e1rio &#8211; <a href=\"https:\/\/drive.google.com\/drive\/folders\/1X61VGcRBuy9uiFTdwp6xqi3o8-xg5K7_?usp=sharing\" target=\"_blank\" rel=\"noopener\"><span style=\"color: #ff0000;\">Abrir&#8230;<\/span><\/a><\/li><li>3.\u00ba Ciclo &#8211; <a href=\"https:\/\/drive.google.com\/drive\/folders\/1IqlWLTyKbLWfbkB8PgBAmJa0WMB5GYnY?usp=sharing\" target=\"_blank\" rel=\"noopener\"><span style=\"color: #ff0000;\">Abrir&#8230;<\/span><\/a><\/li><li>2.\u00ba Ciclo\u00a0 &#8211; <a href=\"https:\/\/drive.google.com\/drive\/folders\/19bEylKHCNTsoh185abikX5QpWv6CXSPq?usp=sharing\" target=\"_blank\" rel=\"noopener\"><span style=\"color: #ff0000;\">Abrir&#8230;<\/span><\/a><\/li><\/ul>\t\t\t\t\t\t\t\t<\/div>\n\t\t\t\t<\/div>\n\t\t\t\t\t<\/div>\n\t\t<\/div>\n\t\t\t\t\t<\/div>\n\t\t<\/section>\n\t\t\t\t<section class=\"elementor-section elementor-top-section elementor-element elementor-element-7711560 elementor-section-boxed elementor-section-height-default elementor-section-height-default\" data-id=\"7711560\" data-element_type=\"section\" data-settings=\"{&quot;_ha_eqh_enable&quot;:false}\">\n\t\t\t\t\t\t<div class=\"elementor-container elementor-column-gap-default\">\n\t\t\t\t\t<div class=\"elementor-column elementor-col-100 elementor-top-column elementor-element elementor-element-1d2331a\" data-id=\"1d2331a\" data-element_type=\"column\">\n\t\t\t<div class=\"elementor-widget-wrap elementor-element-populated\">\n\t\t\t\t\t\t<div class=\"elementor-element elementor-element-db4ebd7 elementor-widget elementor-widget-text-editor\" data-id=\"db4ebd7\" data-element_type=\"widget\" data-widget_type=\"text-editor.default\">\n\t\t\t\t<div class=\"elementor-widget-container\">\n\t\t\t\t\t\t\t\t\t<p><span style=\"color: #0000ff;\"><strong>DEPARTAMENTO DE EXPRESS\u00d5ES<\/strong><\/span><\/p><p><strong>Prova Extraordin\u00e1ria de Avalia\u00e7\u00e3o<\/strong><\/p><p><strong>Informa\u00e7\u00e3o Prova<\/strong><\/p><ul><li>Educa\u00e7a\u00f5 F\u00edsica (5.\u00ba Ano) \u2013\u00a0 <a href=\"https:\/\/drive.google.com\/file\/d\/1DyERa5G-4AcJjU5Y4Ru_ypJNXtjDyTM1\/view?usp=sharing\" target=\"_blank\" rel=\"noopener\">Abrir\u2026<\/a><\/li><li>Educa\u00e7a\u00f5 Visual (9.\u00ba Ano) \u2013 <a href=\"https:\/\/drive.google.com\/file\/d\/1wzyi_T42aepUY2xDUaMjlk46CxQr8TNB\/view?usp=sharing\" target=\"_blank\" rel=\"noopener\">Abrir\u2026<\/a><\/li><\/ul><hr \/><p>\u00a0<\/p>\t\t\t\t\t\t\t\t<\/div>\n\t\t\t\t<\/div>\n\t\t\t\t\t<\/div>\n\t\t<\/div>\n\t\t\t\t\t<\/div>\n\t\t<\/section>\n\t\t\t\t<\/div>\n\t\t","protected":false},"excerpt":{"rendered":"<p>INFORMA\u00c7\u00c3O PROVA -Equival\u00eancia \u00e0 Frequ\u00eancia e Prova Extraordin\u00e1ria de Avalia\u00e7\u00e3o DEPARTAMENTO DO 1.\u00ba CICLO DO ENSINO B\u00c1SICO 1.\u00ba Ciclo \u2013\u00a0Abrir\u2026 DEPARTAMENTO DE CI\u00caNCIAS SOCIAIS E HUMANAS Hist\u00f3ria e Geografia de Portugal (2.\u00ba Ciclo) \u2013\u00a0Abrir\u2026 Hist\u00f3ria (Secund\u00e1rio e\u00a0 3.\u00ba Ciclo) \u2013\u00a0Abrir\u2026 Geografia (Secund\u00e1rio e 3.\u00ba Ciclo) \u2013\u00a0Abrir\u2026 Economia\u00a0 (Secund\u00e1rio) \u2013\u00a0Abrir\u2026 Filosofia (Secund\u00e1rio) \u2013\u00a0Abrir\u2026 Psicologia B (Secund\u00e1rio) [&hellip;]<\/p>\n","protected":false},"author":3,"featured_media":0,"parent":0,"menu_order":0,"comment_status":"closed","ping_status":"closed","template":"elementor_header_footer","meta":{"_eb_attr":"","site-sidebar-layout":"no-sidebar","site-content-layout":"page-builder","ast-site-content-layout":"default","site-content-style":"default","site-sidebar-style":"default","ast-global-header-display":"","ast-banner-title-visibility":"","ast-main-header-display":"","ast-hfb-above-header-display":"","ast-hfb-below-header-display":"","ast-hfb-mobile-header-display":"","site-post-title":"disabled","ast-breadcrumbs-content":"","ast-featured-img":"disabled","footer-sml-layout":"","theme-transparent-header-meta":"","adv-header-id-meta":"","stick-header-meta":"","header-above-stick-meta":"","header-main-stick-meta":"","header-below-stick-meta":"","astra-migrate-meta-layouts":"default","ast-page-background-enabled":"default","ast-page-background-meta":{"desktop":{"background-color":"","background-image":"","background-repeat":"repeat","background-position":"center center","background-size":"auto","background-attachment":"scroll","background-type":"","background-media":"","overlay-type":"","overlay-color":"","overlay-opacity":"","overlay-gradient":""},"tablet":{"background-color":"","background-image":"","background-repeat":"repeat","background-position":"center center","background-size":"auto","background-attachment":"scroll","background-type":"","background-media":"","overlay-type":"","overlay-color":"","overlay-opacity":"","overlay-gradient":""},"mobile":{"background-color":"","background-image":"","background-repeat":"repeat","background-position":"center center","background-size":"auto","background-attachment":"scroll","background-type":"","background-media":"","overlay-type":"","overlay-color":"","overlay-opacity":"","overlay-gradient":""}},"ast-content-background-meta":{"desktop":{"background-color":"var(--ast-global-color-5)","background-image":"","background-repeat":"repeat","background-position":"center center","background-size":"auto","background-attachment":"scroll","background-type":"","background-media":"","overlay-type":"","overlay-color":"","overlay-opacity":"","overlay-gradient":""},"tablet":{"background-color":"var(--ast-global-color-5)","background-image":"","background-repeat":"repeat","background-position":"center center","background-size":"auto","background-attachment":"scroll","background-type":"","background-media":"","overlay-type":"","overlay-color":"","overlay-opacity":"","overlay-gradient":""},"mobile":{"background-color":"var(--ast-global-color-5)","background-image":"","background-repeat":"repeat","background-position":"center center","background-size":"auto","background-attachment":"scroll","background-type":"","background-media":"","overlay-type":"","overlay-color":"","overlay-opacity":"","overlay-gradient":""}},"footnotes":""},"class_list":["post-5286","page","type-page","status-publish","hentry"],"_links":{"self":[{"href":"https:\/\/www.aeabadebacal.pt\/index.php\/wp-json\/wp\/v2\/pages\/5286","targetHints":{"allow":["GET"]}}],"collection":[{"href":"https:\/\/www.aeabadebacal.pt\/index.php\/wp-json\/wp\/v2\/pages"}],"about":[{"href":"https:\/\/www.aeabadebacal.pt\/index.php\/wp-json\/wp\/v2\/types\/page"}],"author":[{"embeddable":true,"href":"https:\/\/www.aeabadebacal.pt\/index.php\/wp-json\/wp\/v2\/users\/3"}],"replies":[{"embeddable":true,"href":"https:\/\/www.aeabadebacal.pt\/index.php\/wp-json\/wp\/v2\/comments?post=5286"}],"version-history":[{"count":0,"href":"https:\/\/www.aeabadebacal.pt\/index.php\/wp-json\/wp\/v2\/pages\/5286\/revisions"}],"wp:attachment":[{"href":"https:\/\/www.aeabadebacal.pt\/index.php\/wp-json\/wp\/v2\/media?parent=5286"}],"curies":[{"name":"wp","href":"https:\/\/api.w.org\/{rel}","templated":true}]}}