{"id":6146,"date":"2023-12-15T11:53:09","date_gmt":"2023-12-15T11:53:09","guid":{"rendered":"http:\/\/www.aeabadebacal.pt\/?page_id=6146"},"modified":"2023-12-28T11:37:53","modified_gmt":"2023-12-28T11:37:53","slug":"memoria-historica-do-aeab","status":"publish","type":"page","link":"https:\/\/www.aeabadebacal.pt\/index.php\/memoria-historica-do-aeab\/","title":{"rendered":"Hist\u00f3ria e Patronos"},"content":{"rendered":"\t\t<div data-elementor-type=\"wp-page\" data-elementor-id=\"6146\" class=\"elementor elementor-6146\" data-elementor-settings=\"{&quot;ha_cmc_init_switcher&quot;:&quot;no&quot;}\">\n\t\t\t\t\t\t<section class=\"elementor-section elementor-top-section elementor-element elementor-element-51c4ca1 elementor-section-boxed elementor-section-height-default elementor-section-height-default\" data-id=\"51c4ca1\" data-element_type=\"section\" data-settings=\"{&quot;_ha_eqh_enable&quot;:false}\">\n\t\t\t\t\t\t<div class=\"elementor-container elementor-column-gap-default\">\n\t\t\t\t\t<div class=\"elementor-column elementor-col-100 elementor-top-column elementor-element elementor-element-8052716\" data-id=\"8052716\" data-element_type=\"column\">\n\t\t\t<div class=\"elementor-widget-wrap elementor-element-populated\">\n\t\t\t\t\t\t<div class=\"elementor-element elementor-element-4abfbab elementor-widget elementor-widget-image\" data-id=\"4abfbab\" data-element_type=\"widget\" data-widget_type=\"image.default\">\n\t\t\t\t<div class=\"elementor-widget-container\">\n\t\t\t\t\t\t\t\t\t\t\t\t\t\t\t<img fetchpriority=\"high\" decoding=\"async\" width=\"1024\" height=\"256\" src=\"https:\/\/www.aeabadebacal.pt\/wp-content\/uploads\/2023\/12\/Historia-e-Patronos-do-AEAB-1024x256.png\" class=\"attachment-large size-large wp-image-6300\" alt=\"\" srcset=\"https:\/\/www.aeabadebacal.pt\/wp-content\/uploads\/2023\/12\/Historia-e-Patronos-do-AEAB-1024x256.png 1024w, https:\/\/www.aeabadebacal.pt\/wp-content\/uploads\/2023\/12\/Historia-e-Patronos-do-AEAB-300x75.png 300w, https:\/\/www.aeabadebacal.pt\/wp-content\/uploads\/2023\/12\/Historia-e-Patronos-do-AEAB-768x192.png 768w, https:\/\/www.aeabadebacal.pt\/wp-content\/uploads\/2023\/12\/Historia-e-Patronos-do-AEAB-1536x384.png 1536w, https:\/\/www.aeabadebacal.pt\/wp-content\/uploads\/2023\/12\/Historia-e-Patronos-do-AEAB.png 1920w\" sizes=\"(max-width: 1024px) 100vw, 1024px\" \/>\t\t\t\t\t\t\t\t\t\t\t\t\t\t\t<\/div>\n\t\t\t\t<\/div>\n\t\t\t\t\t<\/div>\n\t\t<\/div>\n\t\t\t\t\t<\/div>\n\t\t<\/section>\n\t\t\t\t<section class=\"elementor-section elementor-top-section elementor-element elementor-element-9e80c67 elementor-section-boxed elementor-section-height-default elementor-section-height-default\" data-id=\"9e80c67\" data-element_type=\"section\" data-settings=\"{&quot;_ha_eqh_enable&quot;:false}\">\n\t\t\t\t\t\t<div class=\"elementor-container elementor-column-gap-default\">\n\t\t\t\t\t<div class=\"elementor-column elementor-col-100 elementor-top-column elementor-element elementor-element-8d0cd46\" data-id=\"8d0cd46\" data-element_type=\"column\">\n\t\t\t<div class=\"elementor-widget-wrap\">\n\t\t\t\t\t\t\t<\/div>\n\t\t<\/div>\n\t\t\t\t\t<\/div>\n\t\t<\/section>\n\t\t\t\t<section class=\"elementor-section elementor-top-section elementor-element elementor-element-3c2c974 elementor-section-boxed elementor-section-height-default elementor-section-height-default\" data-id=\"3c2c974\" data-element_type=\"section\" data-settings=\"{&quot;_ha_eqh_enable&quot;:false}\">\n\t\t\t\t\t\t<div class=\"elementor-container elementor-column-gap-default\">\n\t\t\t\t\t<div class=\"elementor-column elementor-col-33 elementor-top-column elementor-element elementor-element-802b7e7\" data-id=\"802b7e7\" data-element_type=\"column\">\n\t\t\t<div class=\"elementor-widget-wrap elementor-element-populated\">\n\t\t\t\t\t\t<div class=\"elementor-element elementor-element-9cf355a animated-slow elementor-position-top elementor-invisible elementor-widget elementor-widget-image-box\" data-id=\"9cf355a\" data-element_type=\"widget\" data-settings=\"{&quot;motion_fx_motion_fx_mouse&quot;:&quot;yes&quot;,&quot;_animation&quot;:&quot;fadeIn&quot;}\" data-widget_type=\"image-box.default\">\n\t\t\t\t<div class=\"elementor-widget-container\">\n\t\t\t\t\t<div class=\"elementor-image-box-wrapper\"><figure class=\"elementor-image-box-img\"><a href=\"https:\/\/drive.google.com\/file\/d\/19D3iOuUFe6eZanidz2VNwRbAezGtbTX0\/view?usp=sharing\" target=\"_blank\" tabindex=\"-1\"><img decoding=\"async\" width=\"430\" height=\"250\" src=\"https:\/\/www.aeabadebacal.pt\/wp-content\/uploads\/2023\/12\/escola-AB.jpg\" class=\"attachment-large size-large wp-image-6175\" alt=\"\" srcset=\"https:\/\/www.aeabadebacal.pt\/wp-content\/uploads\/2023\/12\/escola-AB.jpg 430w, https:\/\/www.aeabadebacal.pt\/wp-content\/uploads\/2023\/12\/escola-AB-300x174.jpg 300w\" sizes=\"(max-width: 430px) 100vw, 430px\" \/><\/a><\/figure><div class=\"elementor-image-box-content\"><h5 class=\"elementor-image-box-title\"><a href=\"https:\/\/drive.google.com\/file\/d\/19D3iOuUFe6eZanidz2VNwRbAezGtbTX0\/view?usp=sharing\" target=\"_blank\">Escola Secund\u00e1ria Abade de Ba\u00e7al<\/a><\/h5><\/div><\/div>\t\t\t\t<\/div>\n\t\t\t\t<\/div>\n\t\t\t\t\t<\/div>\n\t\t<\/div>\n\t\t\t\t<div class=\"elementor-column elementor-col-33 elementor-top-column elementor-element elementor-element-6a068a5\" data-id=\"6a068a5\" data-element_type=\"column\">\n\t\t\t<div class=\"elementor-widget-wrap elementor-element-populated\">\n\t\t\t\t\t\t<div class=\"elementor-element elementor-element-0bd20d2 animated-slow elementor-position-top elementor-invisible elementor-widget elementor-widget-image-box\" data-id=\"0bd20d2\" data-element_type=\"widget\" data-settings=\"{&quot;motion_fx_motion_fx_mouse&quot;:&quot;yes&quot;,&quot;_animation&quot;:&quot;fadeIn&quot;}\" data-widget_type=\"image-box.default\">\n\t\t\t\t<div class=\"elementor-widget-container\">\n\t\t\t\t\t<div class=\"elementor-image-box-wrapper\"><figure class=\"elementor-image-box-img\"><a href=\"https:\/\/drive.google.com\/file\/d\/10MP8Fc5Q85VcnaOHpV6KoK-bIn80NECc\/view?usp=sharing\" target=\"_blank\" tabindex=\"-1\"><img decoding=\"async\" width=\"100\" height=\"75\" src=\"https:\/\/www.aeabadebacal.pt\/wp-content\/uploads\/2023\/12\/escolaAugustoMoreno-1.jpg\" class=\"attachment-full size-full wp-image-6160\" alt=\"\" \/><\/a><\/figure><div class=\"elementor-image-box-content\"><h5 class=\"elementor-image-box-title\"><a href=\"https:\/\/drive.google.com\/file\/d\/10MP8Fc5Q85VcnaOHpV6KoK-bIn80NECc\/view?usp=sharing\" target=\"_blank\">Escola B\u00e1sica Augusto Moreno<\/a><\/h5><\/div><\/div>\t\t\t\t<\/div>\n\t\t\t\t<\/div>\n\t\t\t\t\t<\/div>\n\t\t<\/div>\n\t\t\t\t<div class=\"elementor-column elementor-col-33 elementor-top-column elementor-element elementor-element-a10ee1a\" data-id=\"a10ee1a\" data-element_type=\"column\">\n\t\t\t<div class=\"elementor-widget-wrap elementor-element-populated\">\n\t\t\t\t\t\t<div class=\"elementor-element elementor-element-c4dba7e animated-slow elementor-position-top elementor-invisible elementor-widget elementor-widget-image-box\" data-id=\"c4dba7e\" data-element_type=\"widget\" data-settings=\"{&quot;motion_fx_motion_fx_mouse&quot;:&quot;yes&quot;,&quot;_animation&quot;:&quot;fadeIn&quot;}\" data-widget_type=\"image-box.default\">\n\t\t\t\t<div class=\"elementor-widget-container\">\n\t\t\t\t\t<div class=\"elementor-image-box-wrapper\"><figure class=\"elementor-image-box-img\"><a href=\"https:\/\/drive.google.com\/file\/d\/1QZtWo_qy5HU-ELRb-gb6WW9z3JxTHhL6\/view?usp=sharing\" target=\"_blank\" tabindex=\"-1\"><img loading=\"lazy\" decoding=\"async\" width=\"100\" height=\"60\" src=\"https:\/\/www.aeabadebacal.pt\/wp-content\/uploads\/2023\/12\/escolaizeda.jpg\" class=\"attachment-full size-full wp-image-6156\" alt=\"\" \/><\/a><\/figure><div class=\"elementor-image-box-content\"><h5 class=\"elementor-image-box-title\"><a href=\"https:\/\/drive.google.com\/file\/d\/1QZtWo_qy5HU-ELRb-gb6WW9z3JxTHhL6\/view?usp=sharing\" target=\"_blank\">Escola B\u00e1sica de Izeda<\/a><\/h5><\/div><\/div>\t\t\t\t<\/div>\n\t\t\t\t<\/div>\n\t\t\t\t\t<\/div>\n\t\t<\/div>\n\t\t\t\t\t<\/div>\n\t\t<\/section>\n\t\t\t\t<section class=\"elementor-section elementor-top-section elementor-element elementor-element-a9bc272 elementor-section-boxed elementor-section-height-default elementor-section-height-default\" data-id=\"a9bc272\" data-element_type=\"section\" data-settings=\"{&quot;_ha_eqh_enable&quot;:false}\">\n\t\t\t\t\t\t<div class=\"elementor-container elementor-column-gap-default\">\n\t\t\t\t\t<div class=\"elementor-column elementor-col-33 elementor-top-column elementor-element elementor-element-27d9693\" data-id=\"27d9693\" data-element_type=\"column\">\n\t\t\t<div class=\"elementor-widget-wrap elementor-element-populated\">\n\t\t\t\t\t\t<div class=\"elementor-element elementor-element-d10fc6f elementor-widget elementor-widget-text-editor\" data-id=\"d10fc6f\" data-element_type=\"widget\" data-widget_type=\"text-editor.default\">\n\t\t\t\t<div class=\"elementor-widget-container\">\n\t\t\t\t\t\t\t\t\t<h6 class=\"elementor-heading-title elementor-size-default\" style=\"text-align: center;\"><a href=\"https:\/\/drive.google.com\/file\/d\/19D3iOuUFe6eZanidz2VNwRbAezGtbTX0\/view\" target=\"_blank\" rel=\"noopener\"><span style=\"text-decoration: underline;\">Hist\u00f3ria<\/span> do Agrupamento<\/a><\/h6><h4 style=\"text-align: center;\">\u00a0<\/h4>\t\t\t\t\t\t\t\t<\/div>\n\t\t\t\t<\/div>\n\t\t\t\t\t<\/div>\n\t\t<\/div>\n\t\t\t\t<div class=\"elementor-column elementor-col-33 elementor-top-column elementor-element elementor-element-588497c\" data-id=\"588497c\" data-element_type=\"column\">\n\t\t\t<div class=\"elementor-widget-wrap elementor-element-populated\">\n\t\t\t\t\t\t<div class=\"elementor-element elementor-element-5561984 elementor-widget elementor-widget-text-editor\" data-id=\"5561984\" data-element_type=\"widget\" data-widget_type=\"text-editor.default\">\n\t\t\t\t<div class=\"elementor-widget-container\">\n\t\t\t\t\t\t\t\t\t<h6 class=\"elementor-heading-title elementor-size-default\" style=\"text-align: center;\"><a href=\"https:\/\/drive.google.com\/file\/d\/10MP8Fc5Q85VcnaOHpV6KoK-bIn80NECc\/view\" target=\"_blank\" rel=\"noopener\"><span style=\"text-decoration: underline;\">Hist\u00f3ria<\/span> e Patrono<\/a><\/h6>\t\t\t\t\t\t\t\t<\/div>\n\t\t\t\t<\/div>\n\t\t\t\t\t<\/div>\n\t\t<\/div>\n\t\t\t\t<div class=\"elementor-column elementor-col-33 elementor-top-column elementor-element elementor-element-957387b\" data-id=\"957387b\" data-element_type=\"column\">\n\t\t\t<div class=\"elementor-widget-wrap elementor-element-populated\">\n\t\t\t\t\t\t<div class=\"elementor-element elementor-element-a7090a1 elementor-widget elementor-widget-text-editor\" data-id=\"a7090a1\" data-element_type=\"widget\" data-widget_type=\"text-editor.default\">\n\t\t\t\t<div class=\"elementor-widget-container\">\n\t\t\t\t\t\t\t\t\t<h6 style=\"text-align: center;\"><a href=\"https:\/\/drive.google.com\/file\/d\/1QZtWo_qy5HU-ELRb-gb6WW9z3JxTHhL6\/view\" target=\"_blank\" rel=\"noopener\"><span style=\"text-decoration: underline;\">Hist\u00f3ria<\/span> da Escola<\/a><\/h6>\t\t\t\t\t\t\t\t<\/div>\n\t\t\t\t<\/div>\n\t\t\t\t\t<\/div>\n\t\t<\/div>\n\t\t\t\t\t<\/div>\n\t\t<\/section>\n\t\t\t\t<section class=\"elementor-section elementor-top-section elementor-element elementor-element-135ed4d elementor-section-boxed elementor-section-height-default elementor-section-height-default\" data-id=\"135ed4d\" data-element_type=\"section\" data-settings=\"{&quot;_ha_eqh_enable&quot;:false}\">\n\t\t\t\t\t\t<div class=\"elementor-container elementor-column-gap-default\">\n\t\t\t\t\t<div class=\"elementor-column elementor-col-100 elementor-top-column elementor-element elementor-element-69ae091\" data-id=\"69ae091\" data-element_type=\"column\">\n\t\t\t<div class=\"elementor-widget-wrap elementor-element-populated\">\n\t\t\t\t\t\t<div class=\"elementor-element elementor-element-e1480e2 elementor-widget elementor-widget-heading\" data-id=\"e1480e2\" data-element_type=\"widget\" data-widget_type=\"heading.default\">\n\t\t\t\t<div class=\"elementor-widget-container\">\n\t\t\t\t\t<h5 class=\"elementor-heading-title elementor-size-default\">Escolas do Agrupamento Abade de Ba\u00e7al<\/h5>\t\t\t\t<\/div>\n\t\t\t\t<\/div>\n\t\t\t\t\t<\/div>\n\t\t<\/div>\n\t\t\t\t\t<\/div>\n\t\t<\/section>\n\t\t\t\t<section class=\"elementor-section elementor-top-section elementor-element elementor-element-cf281cc elementor-section-boxed elementor-section-height-default elementor-section-height-default\" data-id=\"cf281cc\" data-element_type=\"section\" data-settings=\"{&quot;_ha_eqh_enable&quot;:false}\">\n\t\t\t\t\t\t<div class=\"elementor-container elementor-column-gap-default\">\n\t\t\t\t\t<div class=\"elementor-column elementor-col-100 elementor-top-column elementor-element elementor-element-fde9c7a\" data-id=\"fde9c7a\" data-element_type=\"column\">\n\t\t\t<div class=\"elementor-widget-wrap elementor-element-populated\">\n\t\t\t\t\t\t<div class=\"elementor-element elementor-element-673a540 elementor-arrows-position-inside elementor-pagination-position-outside elementor-widget elementor-widget-image-carousel\" data-id=\"673a540\" data-element_type=\"widget\" data-settings=\"{&quot;navigation&quot;:&quot;both&quot;,&quot;autoplay&quot;:&quot;yes&quot;,&quot;pause_on_hover&quot;:&quot;yes&quot;,&quot;pause_on_interaction&quot;:&quot;yes&quot;,&quot;autoplay_speed&quot;:5000,&quot;infinite&quot;:&quot;yes&quot;,&quot;speed&quot;:500}\" data-widget_type=\"image-carousel.default\">\n\t\t\t\t<div class=\"elementor-widget-container\">\n\t\t\t\t\t\t\t<div class=\"elementor-image-carousel-wrapper swiper\" role=\"region\" aria-roledescription=\"carousel\" aria-label=\"Carrossel de imagens\" dir=\"ltr\">\n\t\t\t<div class=\"elementor-image-carousel swiper-wrapper\" aria-live=\"off\">\n\t\t\t\t\t\t\t\t<div class=\"swiper-slide\" role=\"group\" aria-roledescription=\"slide\" aria-label=\"1 of 7\"><figure class=\"swiper-slide-inner\"><img decoding=\"async\" class=\"swiper-slide-image\" src=\"https:\/\/www.aeabadebacal.pt\/wp-content\/uploads\/2023\/12\/imagemescolaabadedebacal-150x80.png\" alt=\"Escola Secund\u00e1ria Abade de Ba\u00e7al\" \/><figcaption class=\"elementor-image-carousel-caption\">Escola Secund\u00e1ria Abade de Ba\u00e7al<\/figcaption><\/figure><\/div><div class=\"swiper-slide\" role=\"group\" aria-roledescription=\"slide\" aria-label=\"2 of 7\"><figure class=\"swiper-slide-inner\"><img decoding=\"async\" class=\"swiper-slide-image\" src=\"https:\/\/www.aeabadebacal.pt\/wp-content\/uploads\/2023\/12\/escolaAugustoMoreno-1.jpg\" alt=\"Escola B\u00e1sica Augusto Moreno\" \/><figcaption class=\"elementor-image-carousel-caption\">Escola B\u00e1sica Augusto Moreno<\/figcaption><\/figure><\/div><div class=\"swiper-slide\" role=\"group\" aria-roledescription=\"slide\" aria-label=\"3 of 7\"><figure class=\"swiper-slide-inner\"><img decoding=\"async\" class=\"swiper-slide-image\" src=\"https:\/\/www.aeabadebacal.pt\/wp-content\/uploads\/2023\/12\/jardimestacao.jpg\" alt=\"Jardim de Inf\u00e2ncia da Esta\u00e7\u00e3o\" \/><figcaption class=\"elementor-image-carousel-caption\">Jardim de Inf\u00e2ncia da Esta\u00e7\u00e3o<\/figcaption><\/figure><\/div><div class=\"swiper-slide\" role=\"group\" aria-roledescription=\"slide\" aria-label=\"4 of 7\"><figure class=\"swiper-slide-inner\"><img decoding=\"async\" class=\"swiper-slide-image\" src=\"https:\/\/www.aeabadebacal.pt\/wp-content\/uploads\/2023\/12\/escola_artur_mirandela.jpg\" alt=\"Escola do 1.\u00ba Ciclo Artur Mirandela\" \/><figcaption class=\"elementor-image-carousel-caption\">\t Escola do 1.\u00ba Ciclo Artur Mirandela<\/figcaption><\/figure><\/div><div class=\"swiper-slide\" role=\"group\" aria-roledescription=\"slide\" aria-label=\"5 of 7\"><figure class=\"swiper-slide-inner\"><img decoding=\"async\" class=\"swiper-slide-image\" src=\"https:\/\/www.aeabadebacal.pt\/wp-content\/uploads\/2023\/12\/escola_rossas.jpg\" alt=\"Jardim de Inf\u00e2ncia e Escola do 1.\u00ba Ciclo de Sta Comba de Rossas\" \/><figcaption class=\"elementor-image-carousel-caption\">Jardim de Inf\u00e2ncia e Escola do 1.\u00ba Ciclo de Sta Comba de Rossas<\/figcaption><\/figure><\/div><div class=\"swiper-slide\" role=\"group\" aria-roledescription=\"slide\" aria-label=\"6 of 7\"><figure class=\"swiper-slide-inner\"><img decoding=\"async\" class=\"swiper-slide-image\" src=\"https:\/\/www.aeabadebacal.pt\/wp-content\/uploads\/2023\/12\/escolaizeda.jpg\" alt=\"Jardim de Inf\u00e2ncia e Escola B\u00e1sica de Izeda\" \/><figcaption class=\"elementor-image-carousel-caption\">Jardim de Inf\u00e2ncia e Escola B\u00e1sica de Izeda<\/figcaption><\/figure><\/div><div class=\"swiper-slide\" role=\"group\" aria-roledescription=\"slide\" aria-label=\"7 of 7\"><figure class=\"swiper-slide-inner\"><img decoding=\"async\" class=\"swiper-slide-image\" src=\"https:\/\/www.aeabadebacal.pt\/wp-content\/uploads\/2023\/12\/escola_parada-1.jpg\" alt=\"Jardim de Inf\u00e2ncia e  Escola de 1.\u00ba Ciclo de Parada\" \/><figcaption class=\"elementor-image-carousel-caption\">Jardim de Inf\u00e2ncia e  Escola de 1.\u00ba Ciclo de Parada<\/figcaption><\/figure><\/div>\t\t\t<\/div>\n\t\t\t\t\t\t\t\t\t\t\t\t<div class=\"elementor-swiper-button elementor-swiper-button-prev\" role=\"button\" tabindex=\"0\">\n\t\t\t\t\t\t<i aria-hidden=\"true\" class=\"eicon-chevron-left\"><\/i>\t\t\t\t\t<\/div>\n\t\t\t\t\t<div class=\"elementor-swiper-button elementor-swiper-button-next\" role=\"button\" tabindex=\"0\">\n\t\t\t\t\t\t<i aria-hidden=\"true\" class=\"eicon-chevron-right\"><\/i>\t\t\t\t\t<\/div>\n\t\t\t\t\n\t\t\t\t\t\t\t\t\t<div class=\"swiper-pagination\"><\/div>\n\t\t\t\t\t\t\t\t\t<\/div>\n\t\t\t\t\t\t<\/div>\n\t\t\t\t<\/div>\n\t\t\t\t\t<\/div>\n\t\t<\/div>\n\t\t\t\t\t<\/div>\n\t\t<\/section>\n\t\t\t\t<section class=\"elementor-section elementor-top-section elementor-element elementor-element-30f45fc elementor-section-boxed elementor-section-height-default elementor-section-height-default\" data-id=\"30f45fc\" data-element_type=\"section\" data-settings=\"{&quot;_ha_eqh_enable&quot;:false}\">\n\t\t\t\t\t\t<div class=\"elementor-container elementor-column-gap-default\">\n\t\t\t\t\t<div class=\"elementor-column elementor-col-100 elementor-top-column elementor-element elementor-element-0fb5e0b\" data-id=\"0fb5e0b\" data-element_type=\"column\">\n\t\t\t<div class=\"elementor-widget-wrap elementor-element-populated\">\n\t\t\t\t\t\t<div class=\"elementor-element elementor-element-6b169a7 elementor-widget elementor-widget-image\" data-id=\"6b169a7\" data-element_type=\"widget\" data-widget_type=\"image.default\">\n\t\t\t\t<div class=\"elementor-widget-container\">\n\t\t\t\t\t\t\t\t\t\t\t\t\t\t\t<img loading=\"lazy\" decoding=\"async\" width=\"448\" height=\"90\" src=\"https:\/\/www.aeabadebacal.pt\/wp-content\/uploads\/2023\/12\/Panoramica_abade.jpg\" class=\"attachment-large size-large wp-image-6170\" alt=\"\" srcset=\"https:\/\/www.aeabadebacal.pt\/wp-content\/uploads\/2023\/12\/Panoramica_abade.jpg 448w, https:\/\/www.aeabadebacal.pt\/wp-content\/uploads\/2023\/12\/Panoramica_abade-300x60.jpg 300w\" sizes=\"(max-width: 448px) 100vw, 448px\" \/>\t\t\t\t\t\t\t\t\t\t\t\t\t\t\t<\/div>\n\t\t\t\t<\/div>\n\t\t\t\t\t<\/div>\n\t\t<\/div>\n\t\t\t\t\t<\/div>\n\t\t<\/section>\n\t\t\t\t<section class=\"elementor-section elementor-top-section elementor-element elementor-element-f4d7c1d elementor-section-boxed elementor-section-height-default elementor-section-height-default\" data-id=\"f4d7c1d\" data-element_type=\"section\" data-settings=\"{&quot;_ha_eqh_enable&quot;:false}\">\n\t\t\t\t\t\t<div class=\"elementor-container elementor-column-gap-default\">\n\t\t\t\t\t<div class=\"elementor-column elementor-col-100 elementor-top-column elementor-element elementor-element-bbeec50\" data-id=\"bbeec50\" data-element_type=\"column\">\n\t\t\t<div class=\"elementor-widget-wrap elementor-element-populated\">\n\t\t\t\t\t\t<div class=\"elementor-element elementor-element-3909a41 elementor-widget elementor-widget-heading\" data-id=\"3909a41\" data-element_type=\"widget\" data-widget_type=\"heading.default\">\n\t\t\t\t<div class=\"elementor-widget-container\">\n\t\t\t\t\t<h6 class=\"elementor-heading-title elementor-size-default\">Escola Secund\u00e1ria Abade de Ba\u00e7al\n\nSede do Agrupamento<\/h6>\t\t\t\t<\/div>\n\t\t\t\t<\/div>\n\t\t\t\t\t<\/div>\n\t\t<\/div>\n\t\t\t\t\t<\/div>\n\t\t<\/section>\n\t\t\t\t<\/div>\n\t\t","protected":false},"excerpt":{"rendered":"<p>Escola Secund\u00e1ria Abade de Ba\u00e7al Escola B\u00e1sica Augusto Moreno Escola B\u00e1sica de Izeda Hist\u00f3ria do Agrupamento \u00a0 Hist\u00f3ria e Patrono Hist\u00f3ria da Escola Escolas do Agrupamento Abade de Ba\u00e7al Escola Secund\u00e1ria Abade de Ba\u00e7al Escola B\u00e1sica Augusto Moreno Jardim de Inf\u00e2ncia da Esta\u00e7\u00e3o Escola do 1.\u00ba Ciclo Artur Mirandela Jardim de Inf\u00e2ncia e Escola do [&hellip;]<\/p>\n","protected":false},"author":3,"featured_media":0,"parent":0,"menu_order":0,"comment_status":"closed","ping_status":"closed","template":"","meta":{"_eb_attr":"","site-sidebar-layout":"no-sidebar","site-content-layout":"page-builder","ast-site-content-layout":"default","site-content-style":"default","site-sidebar-style":"default","ast-global-header-display":"","ast-banner-title-visibility":"","ast-main-header-display":"","ast-hfb-above-header-display":"","ast-hfb-below-header-display":"","ast-hfb-mobile-header-display":"","site-post-title":"disabled","ast-breadcrumbs-content":"","ast-featured-img":"disabled","footer-sml-layout":"","theme-transparent-header-meta":"","adv-header-id-meta":"","stick-header-meta":"","header-above-stick-meta":"","header-main-stick-meta":"","header-below-stick-meta":"","astra-migrate-meta-layouts":"default","ast-page-background-enabled":"default","ast-page-background-meta":{"desktop":{"background-color":"","background-image":"","background-repeat":"repeat","background-position":"center center","background-size":"auto","background-attachment":"scroll","background-type":"","background-media":"","overlay-type":"","overlay-color":"","overlay-opacity":"","overlay-gradient":""},"tablet":{"background-color":"","background-image":"","background-repeat":"repeat","background-position":"center center","background-size":"auto","background-attachment":"scroll","background-type":"","background-media":"","overlay-type":"","overlay-color":"","overlay-opacity":"","overlay-gradient":""},"mobile":{"background-color":"","background-image":"","background-repeat":"repeat","background-position":"center center","background-size":"auto","background-attachment":"scroll","background-type":"","background-media":"","overlay-type":"","overlay-color":"","overlay-opacity":"","overlay-gradient":""}},"ast-content-background-meta":{"desktop":{"background-color":"var(--ast-global-color-5)","background-image":"","background-repeat":"repeat","background-position":"center center","background-size":"auto","background-attachment":"scroll","background-type":"","background-media":"","overlay-type":"","overlay-color":"","overlay-opacity":"","overlay-gradient":""},"tablet":{"background-color":"var(--ast-global-color-5)","background-image":"","background-repeat":"repeat","background-position":"center center","background-size":"auto","background-attachment":"scroll","background-type":"","background-media":"","overlay-type":"","overlay-color":"","overlay-opacity":"","overlay-gradient":""},"mobile":{"background-color":"var(--ast-global-color-5)","background-image":"","background-repeat":"repeat","background-position":"center center","background-size":"auto","background-attachment":"scroll","background-type":"","background-media":"","overlay-type":"","overlay-color":"","overlay-opacity":"","overlay-gradient":""}},"footnotes":""},"class_list":["post-6146","page","type-page","status-publish","hentry"],"_links":{"self":[{"href":"https:\/\/www.aeabadebacal.pt\/index.php\/wp-json\/wp\/v2\/pages\/6146","targetHints":{"allow":["GET"]}}],"collection":[{"href":"https:\/\/www.aeabadebacal.pt\/index.php\/wp-json\/wp\/v2\/pages"}],"about":[{"href":"https:\/\/www.aeabadebacal.pt\/index.php\/wp-json\/wp\/v2\/types\/page"}],"author":[{"embeddable":true,"href":"https:\/\/www.aeabadebacal.pt\/index.php\/wp-json\/wp\/v2\/users\/3"}],"replies":[{"embeddable":true,"href":"https:\/\/www.aeabadebacal.pt\/index.php\/wp-json\/wp\/v2\/comments?post=6146"}],"version-history":[{"count":0,"href":"https:\/\/www.aeabadebacal.pt\/index.php\/wp-json\/wp\/v2\/pages\/6146\/revisions"}],"wp:attachment":[{"href":"https:\/\/www.aeabadebacal.pt\/index.php\/wp-json\/wp\/v2\/media?parent=6146"}],"curies":[{"name":"wp","href":"https:\/\/api.w.org\/{rel}","templated":true}]}}