{"id":6826,"date":"2024-01-19T20:57:23","date_gmt":"2024-01-19T20:57:23","guid":{"rendered":"http:\/\/www.aeabadebacal.pt\/?page_id=6826"},"modified":"2024-01-20T09:51:36","modified_gmt":"2024-01-20T09:51:36","slug":"efa-e-centro-qualifica","status":"publish","type":"page","link":"https:\/\/www.aeabadebacal.pt\/index.php\/efa-e-centro-qualifica\/","title":{"rendered":"Efa e Centro Qualifica"},"content":{"rendered":"\t\t<div data-elementor-type=\"wp-page\" data-elementor-id=\"6826\" class=\"elementor elementor-6826\" data-elementor-settings=\"{&quot;ha_cmc_init_switcher&quot;:&quot;no&quot;}\">\n\t\t\t\t\t\t<section class=\"elementor-section elementor-top-section elementor-element elementor-element-cad9175 elementor-section-boxed elementor-section-height-default elementor-section-height-default\" data-id=\"cad9175\" data-element_type=\"section\" data-settings=\"{&quot;_ha_eqh_enable&quot;:false}\">\n\t\t\t\t\t\t<div class=\"elementor-container elementor-column-gap-default\">\n\t\t\t\t\t<div class=\"elementor-column elementor-col-100 elementor-top-column elementor-element elementor-element-76ca197\" data-id=\"76ca197\" data-element_type=\"column\">\n\t\t\t<div class=\"elementor-widget-wrap elementor-element-populated\">\n\t\t\t\t\t\t<div class=\"elementor-element elementor-element-f54263c elementor-widget elementor-widget-image\" data-id=\"f54263c\" data-element_type=\"widget\" data-widget_type=\"image.default\">\n\t\t\t\t<div class=\"elementor-widget-container\">\n\t\t\t\t\t\t\t\t\t\t\t\t\t\t\t<img fetchpriority=\"high\" decoding=\"async\" width=\"1024\" height=\"256\" src=\"https:\/\/www.aeabadebacal.pt\/wp-content\/uploads\/2024\/01\/Efa-e-Centron-Qualifica-1024x256.png\" class=\"attachment-large size-large wp-image-6836\" alt=\"\" srcset=\"https:\/\/www.aeabadebacal.pt\/wp-content\/uploads\/2024\/01\/Efa-e-Centron-Qualifica-1024x256.png 1024w, https:\/\/www.aeabadebacal.pt\/wp-content\/uploads\/2024\/01\/Efa-e-Centron-Qualifica-300x75.png 300w, https:\/\/www.aeabadebacal.pt\/wp-content\/uploads\/2024\/01\/Efa-e-Centron-Qualifica-768x192.png 768w, https:\/\/www.aeabadebacal.pt\/wp-content\/uploads\/2024\/01\/Efa-e-Centron-Qualifica-1536x384.png 1536w, https:\/\/www.aeabadebacal.pt\/wp-content\/uploads\/2024\/01\/Efa-e-Centron-Qualifica.png 1920w\" sizes=\"(max-width: 1024px) 100vw, 1024px\" \/>\t\t\t\t\t\t\t\t\t\t\t\t\t\t\t<\/div>\n\t\t\t\t<\/div>\n\t\t\t\t\t<\/div>\n\t\t<\/div>\n\t\t\t\t\t<\/div>\n\t\t<\/section>\n\t\t\t\t<section class=\"elementor-section elementor-top-section elementor-element elementor-element-66def3a elementor-section-boxed elementor-section-height-default elementor-section-height-default\" data-id=\"66def3a\" data-element_type=\"section\" data-settings=\"{&quot;_ha_eqh_enable&quot;:false}\">\n\t\t\t\t\t\t<div class=\"elementor-container elementor-column-gap-default\">\n\t\t\t\t\t<div class=\"elementor-column elementor-col-100 elementor-top-column elementor-element elementor-element-0f5ad21\" data-id=\"0f5ad21\" data-element_type=\"column\">\n\t\t\t<div class=\"elementor-widget-wrap\">\n\t\t\t\t\t\t\t<\/div>\n\t\t<\/div>\n\t\t\t\t\t<\/div>\n\t\t<\/section>\n\t\t\t\t<section class=\"elementor-section elementor-top-section elementor-element elementor-element-b1bcc44 elementor-section-boxed elementor-section-height-default elementor-section-height-default\" data-id=\"b1bcc44\" data-element_type=\"section\" data-settings=\"{&quot;_ha_eqh_enable&quot;:false}\">\n\t\t\t\t\t\t<div class=\"elementor-container elementor-column-gap-default\">\n\t\t\t\t\t<div class=\"elementor-column elementor-col-100 elementor-top-column elementor-element elementor-element-ef99337\" data-id=\"ef99337\" data-element_type=\"column\">\n\t\t\t<div class=\"elementor-widget-wrap elementor-element-populated\">\n\t\t\t\t\t\t<div class=\"elementor-element elementor-element-337fed8 elementor-widget elementor-widget-text-editor\" data-id=\"337fed8\" data-element_type=\"widget\" data-widget_type=\"text-editor.default\">\n\t\t\t\t<div class=\"elementor-widget-container\">\n\t\t\t\t\t\t\t\t\t<h6 class=\"entry-title\">CURSOS DE EDUCA\u00c7\u00c3O ADULTOS\u00a0(EFA)<\/h6><p data-adtags-visited=\"true\">Os cursos de Educa\u00e7\u00e3o e Forma\u00e7\u00e3o de Adultos (EFA) s\u00e3o uma oferta de educa\u00e7\u00e3o e forma\u00e7\u00e3o para adultos que pretendam elevar as suas qualifica\u00e7\u00f5es. Um curso EFA Escolar permite completar o 1.\u00ba, 2.\u00ba ou 3.\u00ba ciclos do ensino b\u00e1sico ou o ensino secund\u00e1rio. Um curso EFA de Dupla Certifica\u00e7\u00e3o permite adquirir uma habilita\u00e7\u00e3o escolar e certifica\u00e7\u00e3o profissional.<\/p><h6 class=\"entry-title\">PROGRAMA QUALIFICA<\/h6><p class=\"ng-binding\" data-ng-bind-html=\"textos[0].texto\">O Programa Qualifica \u00e9 um programa dirigido aos adultos com percursos de educa\u00e7\u00e3o e forma\u00e7\u00e3o incompletos e tem por objetivo melhorar os n\u00edveis de qualifica\u00e7\u00e3o dos adultos, contribuindo para a progress\u00e3o da qualifica\u00e7\u00e3o da popula\u00e7\u00e3o e a melhoria da empregabilidade dos indiv\u00edduos.<\/p><p data-adtags-visited=\"true\">A <strong>ESAB<\/strong> \u00e9 entidade parceira do Centro Qualifica, tendo uma equipa de formadores\/j\u00fari de certifica\u00e7\u00e3o para dar resposta \u00e0s solicita\u00e7\u00f5es socias do concelho e distrito de Bragan\u00e7a<\/p>\t\t\t\t\t\t\t\t<\/div>\n\t\t\t\t<\/div>\n\t\t\t\t\t<\/div>\n\t\t<\/div>\n\t\t\t\t\t<\/div>\n\t\t<\/section>\n\t\t\t\t<section class=\"elementor-section elementor-top-section elementor-element elementor-element-637fa06 elementor-section-boxed elementor-section-height-default elementor-section-height-default\" data-id=\"637fa06\" data-element_type=\"section\" data-settings=\"{&quot;_ha_eqh_enable&quot;:false}\">\n\t\t\t\t\t\t<div class=\"elementor-container elementor-column-gap-default\">\n\t\t\t\t\t<div class=\"elementor-column elementor-col-33 elementor-top-column elementor-element elementor-element-12d70b6\" data-id=\"12d70b6\" data-element_type=\"column\">\n\t\t\t<div class=\"elementor-widget-wrap elementor-element-populated\">\n\t\t\t\t\t\t<div class=\"elementor-element elementor-element-9e0469a elementor-widget elementor-widget-text-editor\" data-id=\"9e0469a\" data-element_type=\"widget\" data-widget_type=\"text-editor.default\">\n\t\t\t\t<div class=\"elementor-widget-container\">\n\t\t\t\t\t\t\t\t\t<h2>Jovens<\/h2><h6>Para concluir o ensino b\u00e1sico (9.\u00ba ano) e o ensino secund\u00e1rio (12.\u00ba ano) atrav\u00e9s de uma aprendizagem mais pr\u00e1tica, associada a uma profiss\u00e3o, e que permita\u00a0 <strong><span style=\"color: #ff0000;\"><a style=\"color: #ff0000;\" href=\"https:\/\/www.anqep.gov.pt\/np4\/jovens\/\" target=\"_blank\" rel=\"noopener\">&#8230;<\/a><\/span><\/strong><\/h6>\t\t\t\t\t\t\t\t<\/div>\n\t\t\t\t<\/div>\n\t\t\t\t\t<\/div>\n\t\t<\/div>\n\t\t\t\t<div class=\"elementor-column elementor-col-33 elementor-top-column elementor-element elementor-element-5c58cbe\" data-id=\"5c58cbe\" data-element_type=\"column\">\n\t\t\t<div class=\"elementor-widget-wrap elementor-element-populated\">\n\t\t\t\t\t\t<div class=\"elementor-element elementor-element-6c75eb1 elementor-widget elementor-widget-text-editor\" data-id=\"6c75eb1\" data-element_type=\"widget\" data-widget_type=\"text-editor.default\">\n\t\t\t\t<div class=\"elementor-widget-container\">\n\t\t\t\t\t\t\t\t\t<h2>Adultos<\/h2><p><span style=\"color: #000000;\">Existem diversos percursos de qualifica\u00e7\u00e3o que, ao longo da vida, permitem obter uma certifica\u00e7\u00e3o escolar de n\u00edvel b\u00e1sico (4.\u00ba, 6.\u00ba ou 9.\u00ba ano) ou de n\u00edvel secund\u00e1rio (12.\u00ba ano) e\/ou uma certifica\u00e7\u00e3o profissional, como o Reconhecimento Valida\u00e7\u00e3o e Certifica\u00e7\u00e3o de Compet\u00eancias (RVCC), os Cursos de Educa\u00e7\u00e3o e Forma\u00e7\u00e3o de Adultos (EFA), as Forma\u00e7\u00f5es Modulares Certificadas (FMC) ou as Vias de Conclus\u00e3o do Ensino Secund\u00e1rio (DL n.\u00ba 357\/2007). \u00c9 ainda poss\u00edvel obter uma qualifica\u00e7\u00e3o atrav\u00e9s da avalia\u00e7\u00e3o de uma Comiss\u00e3o de Avalia\u00e7\u00e3o e Certifica\u00e7\u00e3o (CAC) ou do reconhecimento de t\u00edtulos estrangeiros.<\/span><span style=\"color: #ff0000;\"> <a style=\"color: #ff0000;\" href=\"https:\/\/www.anqep.gov.pt\/np4\/adultos\/\" target=\"_blank\" rel=\"noopener\">\u2022\u2022\u2022<\/a><\/span><\/p>\t\t\t\t\t\t\t\t<\/div>\n\t\t\t\t<\/div>\n\t\t\t\t\t<\/div>\n\t\t<\/div>\n\t\t\t\t<div class=\"elementor-column elementor-col-33 elementor-top-column elementor-element elementor-element-74eb0bc\" data-id=\"74eb0bc\" data-element_type=\"column\">\n\t\t\t<div class=\"elementor-widget-wrap elementor-element-populated\">\n\t\t\t\t\t\t<div class=\"elementor-element elementor-element-a2efcdf elementor-widget elementor-widget-text-editor\" data-id=\"a2efcdf\" data-element_type=\"widget\" data-widget_type=\"text-editor.default\">\n\t\t\t\t<div class=\"elementor-widget-container\">\n\t\t\t\t\t\t\t\t\t<h2>Entidades<\/h2><p><span style=\"color: #000000;\">As entidades do Sistema Nacional de Qualifica\u00e7\u00f5es, de natureza p\u00fablica ou privada, promovem a qualifica\u00e7\u00e3o, forma\u00e7\u00e3o e aprendizagem para o desenvolvimento.<\/span>\u00a0 <span style=\"color: #ff0000;\"><a style=\"color: #ff0000;\" href=\"https:\/\/www.anqep.gov.pt\/np4\/entidades\/\" target=\"_blank\" rel=\"noopener\">\u2022\u2022\u2022<\/a><\/span><\/p>\t\t\t\t\t\t\t\t<\/div>\n\t\t\t\t<\/div>\n\t\t\t\t\t<\/div>\n\t\t<\/div>\n\t\t\t\t\t<\/div>\n\t\t<\/section>\n\t\t\t\t<\/div>\n\t\t","protected":false},"excerpt":{"rendered":"<p>CURSOS DE EDUCA\u00c7\u00c3O ADULTOS\u00a0(EFA) Os cursos de Educa\u00e7\u00e3o e Forma\u00e7\u00e3o de Adultos (EFA) s\u00e3o uma oferta de educa\u00e7\u00e3o e forma\u00e7\u00e3o para adultos que pretendam elevar as suas qualifica\u00e7\u00f5es. Um curso EFA Escolar permite completar o 1.\u00ba, 2.\u00ba ou 3.\u00ba ciclos do ensino b\u00e1sico ou o ensino secund\u00e1rio. Um curso EFA de Dupla Certifica\u00e7\u00e3o permite adquirir [&hellip;]<\/p>\n","protected":false},"author":3,"featured_media":0,"parent":0,"menu_order":0,"comment_status":"closed","ping_status":"closed","template":"","meta":{"_eb_attr":"","site-sidebar-layout":"no-sidebar","site-content-layout":"page-builder","ast-site-content-layout":"default","site-content-style":"default","site-sidebar-style":"default","ast-global-header-display":"","ast-banner-title-visibility":"","ast-main-header-display":"","ast-hfb-above-header-display":"","ast-hfb-below-header-display":"","ast-hfb-mobile-header-display":"","site-post-title":"disabled","ast-breadcrumbs-content":"","ast-featured-img":"disabled","footer-sml-layout":"","theme-transparent-header-meta":"","adv-header-id-meta":"","stick-header-meta":"","header-above-stick-meta":"","header-main-stick-meta":"","header-below-stick-meta":"","astra-migrate-meta-layouts":"default","ast-page-background-enabled":"default","ast-page-background-meta":{"desktop":{"background-color":"","background-image":"","background-repeat":"repeat","background-position":"center center","background-size":"auto","background-attachment":"scroll","background-type":"","background-media":"","overlay-type":"","overlay-color":"","overlay-opacity":"","overlay-gradient":""},"tablet":{"background-color":"","background-image":"","background-repeat":"repeat","background-position":"center center","background-size":"auto","background-attachment":"scroll","background-type":"","background-media":"","overlay-type":"","overlay-color":"","overlay-opacity":"","overlay-gradient":""},"mobile":{"background-color":"","background-image":"","background-repeat":"repeat","background-position":"center center","background-size":"auto","background-attachment":"scroll","background-type":"","background-media":"","overlay-type":"","overlay-color":"","overlay-opacity":"","overlay-gradient":""}},"ast-content-background-meta":{"desktop":{"background-color":"var(--ast-global-color-5)","background-image":"","background-repeat":"repeat","background-position":"center center","background-size":"auto","background-attachment":"scroll","background-type":"","background-media":"","overlay-type":"","overlay-color":"","overlay-opacity":"","overlay-gradient":""},"tablet":{"background-color":"var(--ast-global-color-5)","background-image":"","background-repeat":"repeat","background-position":"center center","background-size":"auto","background-attachment":"scroll","background-type":"","background-media":"","overlay-type":"","overlay-color":"","overlay-opacity":"","overlay-gradient":""},"mobile":{"background-color":"var(--ast-global-color-5)","background-image":"","background-repeat":"repeat","background-position":"center center","background-size":"auto","background-attachment":"scroll","background-type":"","background-media":"","overlay-type":"","overlay-color":"","overlay-opacity":"","overlay-gradient":""}},"footnotes":""},"class_list":["post-6826","page","type-page","status-publish","hentry"],"_links":{"self":[{"href":"https:\/\/www.aeabadebacal.pt\/index.php\/wp-json\/wp\/v2\/pages\/6826","targetHints":{"allow":["GET"]}}],"collection":[{"href":"https:\/\/www.aeabadebacal.pt\/index.php\/wp-json\/wp\/v2\/pages"}],"about":[{"href":"https:\/\/www.aeabadebacal.pt\/index.php\/wp-json\/wp\/v2\/types\/page"}],"author":[{"embeddable":true,"href":"https:\/\/www.aeabadebacal.pt\/index.php\/wp-json\/wp\/v2\/users\/3"}],"replies":[{"embeddable":true,"href":"https:\/\/www.aeabadebacal.pt\/index.php\/wp-json\/wp\/v2\/comments?post=6826"}],"version-history":[{"count":0,"href":"https:\/\/www.aeabadebacal.pt\/index.php\/wp-json\/wp\/v2\/pages\/6826\/revisions"}],"wp:attachment":[{"href":"https:\/\/www.aeabadebacal.pt\/index.php\/wp-json\/wp\/v2\/media?parent=6826"}],"curies":[{"name":"wp","href":"https:\/\/api.w.org\/{rel}","templated":true}]}}