{"id":861,"date":"2022-03-28T18:08:45","date_gmt":"2022-03-28T18:08:45","guid":{"rendered":"http:\/\/novo.aeabadebacal.pt:8083\/?page_id=861"},"modified":"2024-09-26T15:55:22","modified_gmt":"2024-09-26T15:55:22","slug":"departamentos","status":"publish","type":"page","link":"https:\/\/www.aeabadebacal.pt\/index.php\/departamentos\/","title":{"rendered":"Departamentos"},"content":{"rendered":"\t\t<div data-elementor-type=\"wp-page\" data-elementor-id=\"861\" class=\"elementor elementor-861\" data-elementor-settings=\"{&quot;ha_cmc_init_switcher&quot;:&quot;no&quot;}\">\n\t\t\t\t\t\t<section class=\"elementor-section elementor-top-section elementor-element elementor-element-37e65b5 elementor-section-boxed elementor-section-height-default elementor-section-height-default\" data-id=\"37e65b5\" data-element_type=\"section\" data-settings=\"{&quot;_ha_eqh_enable&quot;:false}\">\n\t\t\t\t\t\t<div class=\"elementor-container elementor-column-gap-default\">\n\t\t\t\t\t<div class=\"elementor-column elementor-col-100 elementor-top-column elementor-element elementor-element-721a49c\" data-id=\"721a49c\" data-element_type=\"column\">\n\t\t\t<div class=\"elementor-widget-wrap elementor-element-populated\">\n\t\t\t\t\t\t<div class=\"elementor-element elementor-element-fb184a8 elementor-widget elementor-widget-image\" data-id=\"fb184a8\" data-element_type=\"widget\" data-widget_type=\"image.default\">\n\t\t\t\t<div class=\"elementor-widget-container\">\n\t\t\t\t\t\t\t\t\t\t\t\t\t\t\t<img decoding=\"async\" src=\"https:\/\/www.aeabadebacal.pt\/wp-content\/uploads\/2022\/04\/Departamentos.png\" title=\"Departamentos\" alt=\"Departamentos\" loading=\"lazy\" \/>\t\t\t\t\t\t\t\t\t\t\t\t\t\t\t<\/div>\n\t\t\t\t<\/div>\n\t\t\t\t\t<\/div>\n\t\t<\/div>\n\t\t\t\t\t<\/div>\n\t\t<\/section>\n\t\t\t\t<section class=\"elementor-section elementor-top-section elementor-element elementor-element-5483714 elementor-section-boxed elementor-section-height-default elementor-section-height-default\" data-id=\"5483714\" data-element_type=\"section\" data-settings=\"{&quot;background_background&quot;:&quot;classic&quot;,&quot;_ha_eqh_enable&quot;:false}\">\n\t\t\t\t\t\t<div class=\"elementor-container elementor-column-gap-default\">\n\t\t\t\t\t<div class=\"elementor-column elementor-col-100 elementor-top-column elementor-element elementor-element-c10bfb3\" data-id=\"c10bfb3\" data-element_type=\"column\">\n\t\t\t<div class=\"elementor-widget-wrap elementor-element-populated\">\n\t\t\t\t\t\t<div class=\"elementor-element elementor-element-18b729f elementor-widget elementor-widget-text-editor\" data-id=\"18b729f\" data-element_type=\"widget\" data-widget_type=\"text-editor.default\">\n\t\t\t\t<div class=\"elementor-widget-container\">\n\t\t\t\t\t\t\t\t\t<p><b><span style=\"font-size: 16.0pt; mso-bidi-font-size: 10.5pt; line-height: 115%; font-family: 'Segoe UI','sans-serif'; mso-fareast-font-family: 'Times New Roman'; color: #4b5981; mso-ansi-language: PT; mso-fareast-language: PT; mso-bidi-language: AR-SA;\">Departamento de Educa\u00e7\u00e3o Pr\u00e9-Escolar<\/span><\/b><\/p><p><b><span style=\"font-size: 14.0pt; mso-bidi-font-size: 10.5pt; line-height: 115%; font-family: 'Segoe UI','sans-serif'; mso-fareast-font-family: 'Times New Roman'; color: #4b5981; mso-ansi-language: PT; mso-fareast-language: PT; mso-bidi-language: AR-SA;\">Coordenadora: Leonor Brilhante<\/span><\/b><\/p>\t\t\t\t\t\t\t\t<\/div>\n\t\t\t\t<\/div>\n\t\t\t\t<div class=\"elementor-element elementor-element-6f3377a elementor-widget-divider--view-line elementor-widget elementor-widget-divider\" data-id=\"6f3377a\" data-element_type=\"widget\" data-widget_type=\"divider.default\">\n\t\t\t\t<div class=\"elementor-widget-container\">\n\t\t\t\t\t\t\t<div class=\"elementor-divider\">\n\t\t\t<span class=\"elementor-divider-separator\">\n\t\t\t\t\t\t<\/span>\n\t\t<\/div>\n\t\t\t\t\t\t<\/div>\n\t\t\t\t<\/div>\n\t\t\t\t<div class=\"elementor-element elementor-element-9ec9685 elementor-widget elementor-widget-text-editor\" data-id=\"9ec9685\" data-element_type=\"widget\" data-widget_type=\"text-editor.default\">\n\t\t\t\t<div class=\"elementor-widget-container\">\n\t\t\t\t\t\t\t\t\t<p><b><span style=\"font-size: 16.0pt; mso-bidi-font-size: 10.5pt; line-height: 115%; font-family: 'Segoe UI','sans-serif'; mso-fareast-font-family: 'Times New Roman'; color: #4b5981; mso-ansi-language: PT; mso-fareast-language: PT; mso-bidi-language: AR-SA;\">Departamento do 1.\u00ba Ciclo<\/span><\/b><\/p><p><b><span style=\"font-size: 14.0pt; mso-bidi-font-size: 10.5pt; line-height: 115%; font-family: 'Segoe UI','sans-serif'; mso-fareast-font-family: 'Times New Roman'; color: #4b5981; mso-ansi-language: PT; mso-fareast-language: PT; mso-bidi-language: AR-SA;\">Coordenadora: Adelaide Rodrigues<\/span><\/b><\/p>\t\t\t\t\t\t\t\t<\/div>\n\t\t\t\t<\/div>\n\t\t\t\t<div class=\"elementor-element elementor-element-4882d88 elementor-widget-divider--view-line elementor-widget elementor-widget-divider\" data-id=\"4882d88\" data-element_type=\"widget\" data-widget_type=\"divider.default\">\n\t\t\t\t<div class=\"elementor-widget-container\">\n\t\t\t\t\t\t\t<div class=\"elementor-divider\">\n\t\t\t<span class=\"elementor-divider-separator\">\n\t\t\t\t\t\t<\/span>\n\t\t<\/div>\n\t\t\t\t\t\t<\/div>\n\t\t\t\t<\/div>\n\t\t\t\t<div class=\"elementor-element elementor-element-b303310 elementor-widget elementor-widget-text-editor\" data-id=\"b303310\" data-element_type=\"widget\" data-widget_type=\"text-editor.default\">\n\t\t\t\t<div class=\"elementor-widget-container\">\n\t\t\t\t\t\t\t\t\t<p><b><span style=\"font-size: 16.0pt; mso-bidi-font-size: 10.5pt; line-height: 115%; font-family: 'Segoe UI','sans-serif'; mso-fareast-font-family: 'Times New Roman'; color: #4b5981; mso-ansi-language: PT; mso-fareast-language: PT; mso-bidi-language: AR-SA;\">Departamento de L\u00ednguas Estrangeiras<\/span><\/b><\/p><p><b><span style=\"font-size: 14.0pt; mso-bidi-font-size: 10.5pt; line-height: 115%; font-family: 'Segoe UI','sans-serif'; mso-fareast-font-family: 'Times New Roman'; color: #4b5981; mso-ansi-language: PT; mso-fareast-language: PT; mso-bidi-language: AR-SA;\">Coordenadora:\u00a0 Cesarina Teixeira<\/span><\/b><\/p>\t\t\t\t\t\t\t\t<\/div>\n\t\t\t\t<\/div>\n\t\t\t\t<div class=\"elementor-element elementor-element-e4d8c1c elementor-widget-divider--view-line elementor-widget elementor-widget-divider\" data-id=\"e4d8c1c\" data-element_type=\"widget\" data-widget_type=\"divider.default\">\n\t\t\t\t<div class=\"elementor-widget-container\">\n\t\t\t\t\t\t\t<div class=\"elementor-divider\">\n\t\t\t<span class=\"elementor-divider-separator\">\n\t\t\t\t\t\t<\/span>\n\t\t<\/div>\n\t\t\t\t\t\t<\/div>\n\t\t\t\t<\/div>\n\t\t\t\t<div class=\"elementor-element elementor-element-1e5ec47 elementor-widget elementor-widget-text-editor\" data-id=\"1e5ec47\" data-element_type=\"widget\" data-widget_type=\"text-editor.default\">\n\t\t\t\t<div class=\"elementor-widget-container\">\n\t\t\t\t\t\t\t\t\t<p><b><span style=\"font-size: 16.0pt; mso-bidi-font-size: 10.5pt; line-height: 115%; font-family: 'Segoe UI','sans-serif'; mso-fareast-font-family: 'Times New Roman'; color: #4b5981; mso-ansi-language: PT; mso-fareast-language: PT; mso-bidi-language: AR-SA;\">Departamento de Portugu\u00eas<\/span><\/b><\/p><p><b><span style=\"font-size: 14.0pt; mso-bidi-font-size: 10.5pt; line-height: 115%; font-family: 'Segoe UI','sans-serif'; mso-fareast-font-family: 'Times New Roman'; color: #4b5981; mso-ansi-language: PT; mso-fareast-language: PT; mso-bidi-language: AR-SA;\">Coordenadora: Lu\u00edsa Diz Lopes<\/span><\/b><\/p>\t\t\t\t\t\t\t\t<\/div>\n\t\t\t\t<\/div>\n\t\t\t\t<div class=\"elementor-element elementor-element-beff3f3 elementor-widget-divider--view-line elementor-widget elementor-widget-divider\" data-id=\"beff3f3\" data-element_type=\"widget\" data-widget_type=\"divider.default\">\n\t\t\t\t<div class=\"elementor-widget-container\">\n\t\t\t\t\t\t\t<div class=\"elementor-divider\">\n\t\t\t<span class=\"elementor-divider-separator\">\n\t\t\t\t\t\t<\/span>\n\t\t<\/div>\n\t\t\t\t\t\t<\/div>\n\t\t\t\t<\/div>\n\t\t\t\t<div class=\"elementor-element elementor-element-8e20230 elementor-widget elementor-widget-text-editor\" data-id=\"8e20230\" data-element_type=\"widget\" data-widget_type=\"text-editor.default\">\n\t\t\t\t<div class=\"elementor-widget-container\">\n\t\t\t\t\t\t\t\t\t<p><b><span style=\"font-size: 16.0pt; mso-bidi-font-size: 10.5pt; line-height: 115%; font-family: 'Segoe UI','sans-serif'; mso-fareast-font-family: 'Times New Roman'; color: #4b5981; mso-ansi-language: PT; mso-fareast-language: PT; mso-bidi-language: AR-SA;\">Departamento de Ci\u00eancias Sociais <\/span><\/b><b><span style=\"font-size: 16.0pt; mso-bidi-font-size: 10.5pt; line-height: 115%; font-family: 'Segoe UI','sans-serif'; mso-fareast-font-family: 'Times New Roman'; color: #4b5981; mso-ansi-language: PT; mso-fareast-language: PT; mso-bidi-language: AR-SA;\">e <\/span><\/b><b style=\"font-style: inherit;\"><span style=\"font-size: 16.0pt; mso-bidi-font-size: 10.5pt; line-height: 115%; font-family: 'Segoe UI','sans-serif'; mso-fareast-font-family: 'Times New Roman'; color: #4b5981; mso-ansi-language: PT; mso-fareast-language: PT; mso-bidi-language: AR-SA;\">Humanas\u00a0\u00a0<\/span><\/b><\/p><p><span style=\"font-size: 14.0pt; mso-bidi-font-size: 10.5pt; line-height: 115%; font-family: 'Segoe UI','sans-serif'; mso-fareast-font-family: 'Times New Roman'; color: #4b5981; mso-ansi-language: PT; mso-fareast-language: PT; mso-bidi-language: AR-SA;\"><span style=\"color: #4b5981; font-family: Segoe UI, sans-serif;\"><span style=\"font-size: 14pt;\"><b>Coordenadora: Maria <\/b><\/span><span style=\"font-size: 18.6667px;\"><b>Fernanda<\/b><\/span><span style=\"font-size: 14pt;\"><b>\u00a0Silva<\/b><\/span><\/span><\/span><\/p>\t\t\t\t\t\t\t\t<\/div>\n\t\t\t\t<\/div>\n\t\t\t\t<div class=\"elementor-element elementor-element-23f8755 elementor-widget-divider--view-line elementor-widget elementor-widget-divider\" data-id=\"23f8755\" data-element_type=\"widget\" data-widget_type=\"divider.default\">\n\t\t\t\t<div class=\"elementor-widget-container\">\n\t\t\t\t\t\t\t<div class=\"elementor-divider\">\n\t\t\t<span class=\"elementor-divider-separator\">\n\t\t\t\t\t\t<\/span>\n\t\t<\/div>\n\t\t\t\t\t\t<\/div>\n\t\t\t\t<\/div>\n\t\t\t\t<div class=\"elementor-element elementor-element-1a34f24 elementor-widget elementor-widget-text-editor\" data-id=\"1a34f24\" data-element_type=\"widget\" data-widget_type=\"text-editor.default\">\n\t\t\t\t<div class=\"elementor-widget-container\">\n\t\t\t\t\t\t\t\t\t<p><b><span style=\"font-size: 16.0pt; mso-bidi-font-size: 10.5pt; line-height: 115%; font-family: 'Segoe UI','sans-serif'; mso-fareast-font-family: 'Times New Roman'; color: #4b5981; mso-ansi-language: PT; mso-fareast-language: PT; mso-bidi-language: AR-SA;\">Departamento de Express\u00f5es e Tecnologia<\/span><\/b><\/p><p><b><span style=\"font-size: 14.0pt; mso-bidi-font-size: 10.5pt; line-height: 115%; font-family: 'Segoe UI','sans-serif'; mso-fareast-font-family: 'Times New Roman'; color: #4b5981; mso-ansi-language: PT; mso-fareast-language: PT; mso-bidi-language: AR-SA;\">Coordenador: Carlos Dinis Fernandes<\/span><\/b><\/p>\t\t\t\t\t\t\t\t<\/div>\n\t\t\t\t<\/div>\n\t\t\t\t<div class=\"elementor-element elementor-element-b174e11 elementor-widget-divider--view-line elementor-widget elementor-widget-divider\" data-id=\"b174e11\" data-element_type=\"widget\" data-widget_type=\"divider.default\">\n\t\t\t\t<div class=\"elementor-widget-container\">\n\t\t\t\t\t\t\t<div class=\"elementor-divider\">\n\t\t\t<span class=\"elementor-divider-separator\">\n\t\t\t\t\t\t<\/span>\n\t\t<\/div>\n\t\t\t\t\t\t<\/div>\n\t\t\t\t<\/div>\n\t\t\t\t<div class=\"elementor-element elementor-element-d90baac elementor-widget elementor-widget-text-editor\" data-id=\"d90baac\" data-element_type=\"widget\" data-widget_type=\"text-editor.default\">\n\t\t\t\t<div class=\"elementor-widget-container\">\n\t\t\t\t\t\t\t\t\t<p><b><span style=\"font-size: 16.0pt; mso-bidi-font-size: 10.5pt; line-height: 115%; font-family: 'Segoe UI','sans-serif'; mso-fareast-font-family: 'Times New Roman'; color: #4b5981; mso-ansi-language: PT; mso-fareast-language: PT; mso-bidi-language: AR-SA;\">Departamento de Matem\u00e1tica e Inform\u00e1tica<\/span><\/b><\/p><p><b><span style=\"font-size: 14.0pt; mso-bidi-font-size: 10.5pt; line-height: 115%; font-family: 'Segoe UI','sans-serif'; mso-fareast-font-family: 'Times New Roman'; color: #4b5981; mso-ansi-language: PT; mso-fareast-language: PT; mso-bidi-language: AR-SA;\">Coordenador: Manuel Cordeiro<\/span><\/b><\/p>\t\t\t\t\t\t\t\t<\/div>\n\t\t\t\t<\/div>\n\t\t\t\t<div class=\"elementor-element elementor-element-d9ac4ab elementor-widget-divider--view-line elementor-widget elementor-widget-divider\" data-id=\"d9ac4ab\" data-element_type=\"widget\" data-widget_type=\"divider.default\">\n\t\t\t\t<div class=\"elementor-widget-container\">\n\t\t\t\t\t\t\t<div class=\"elementor-divider\">\n\t\t\t<span class=\"elementor-divider-separator\">\n\t\t\t\t\t\t<\/span>\n\t\t<\/div>\n\t\t\t\t\t\t<\/div>\n\t\t\t\t<\/div>\n\t\t\t\t<div class=\"elementor-element elementor-element-eac83c0 elementor-widget elementor-widget-text-editor\" data-id=\"eac83c0\" data-element_type=\"widget\" data-widget_type=\"text-editor.default\">\n\t\t\t\t<div class=\"elementor-widget-container\">\n\t\t\t\t\t\t\t\t\t<p><b><span style=\"font-size: 16.0pt; mso-bidi-font-size: 10.5pt; line-height: 115%; font-family: 'Segoe UI','sans-serif'; mso-fareast-font-family: 'Times New Roman'; color: #4b5981; mso-ansi-language: PT; mso-fareast-language: PT; mso-bidi-language: AR-SA;\">Departamento de Ci\u00eancias Experimentais<\/span><\/b><\/p><p><b><span style=\"font-size: 14.0pt; mso-bidi-font-size: 10.5pt; line-height: 115%; font-family: 'Segoe UI','sans-serif'; mso-fareast-font-family: 'Times New Roman'; color: #4b5981; mso-ansi-language: PT; mso-fareast-language: PT; mso-bidi-language: AR-SA;\">Coordenador: Mariana Carvalho<\/span><\/b><\/p>\t\t\t\t\t\t\t\t<\/div>\n\t\t\t\t<\/div>\n\t\t\t\t<div class=\"elementor-element elementor-element-fe0acd3 elementor-widget-divider--view-line elementor-widget elementor-widget-divider\" data-id=\"fe0acd3\" data-element_type=\"widget\" data-widget_type=\"divider.default\">\n\t\t\t\t<div class=\"elementor-widget-container\">\n\t\t\t\t\t\t\t<div class=\"elementor-divider\">\n\t\t\t<span class=\"elementor-divider-separator\">\n\t\t\t\t\t\t<\/span>\n\t\t<\/div>\n\t\t\t\t\t\t<\/div>\n\t\t\t\t<\/div>\n\t\t\t\t<div class=\"elementor-element elementor-element-405ef26 elementor-widget elementor-widget-text-editor\" data-id=\"405ef26\" data-element_type=\"widget\" data-widget_type=\"text-editor.default\">\n\t\t\t\t<div class=\"elementor-widget-container\">\n\t\t\t\t\t\t\t\t\t<p><b><span style=\"font-size: 16.0pt; mso-bidi-font-size: 10.5pt; line-height: 115%; font-family: 'Segoe UI','sans-serif'; mso-fareast-font-family: 'Times New Roman'; color: #4b5981; mso-ansi-language: PT; mso-fareast-language: PT; mso-bidi-language: AR-SA;\">Departamento de Educa\u00e7\u00e3o Inclusiva<\/span><\/b><\/p><p><b><span style=\"font-size: 14.0pt; mso-bidi-font-size: 10.5pt; line-height: 115%; font-family: 'Segoe UI','sans-serif'; mso-fareast-font-family: 'Times New Roman'; color: #4b5981; mso-ansi-language: PT; mso-fareast-language: PT; mso-bidi-language: AR-SA;\">Coordenadora: Alice Afonso<\/span><\/b><\/p>\t\t\t\t\t\t\t\t<\/div>\n\t\t\t\t<\/div>\n\t\t\t\t\t<\/div>\n\t\t<\/div>\n\t\t\t\t\t<\/div>\n\t\t<\/section>\n\t\t\t\t<section class=\"elementor-section elementor-top-section elementor-element elementor-element-e4ce8ae elementor-section-boxed elementor-section-height-default elementor-section-height-default\" data-id=\"e4ce8ae\" data-element_type=\"section\" data-settings=\"{&quot;_ha_eqh_enable&quot;:false}\">\n\t\t\t\t\t\t<div class=\"elementor-container elementor-column-gap-default\">\n\t\t\t\t\t<div class=\"elementor-column elementor-col-100 elementor-top-column elementor-element elementor-element-1bfbf4e\" data-id=\"1bfbf4e\" data-element_type=\"column\">\n\t\t\t<div class=\"elementor-widget-wrap\">\n\t\t\t\t\t\t\t<\/div>\n\t\t<\/div>\n\t\t\t\t\t<\/div>\n\t\t<\/section>\n\t\t\t\t<\/div>\n\t\t","protected":false},"excerpt":{"rendered":"<p>Departamento de Educa\u00e7\u00e3o Pr\u00e9-Escolar Coordenadora: Leonor Brilhante Departamento do 1.\u00ba Ciclo Coordenadora: Adelaide Rodrigues Departamento de L\u00ednguas Estrangeiras Coordenadora:\u00a0 Cesarina Teixeira Departamento de Portugu\u00eas Coordenadora: Lu\u00edsa Diz Lopes Departamento de Ci\u00eancias Sociais e Humanas\u00a0\u00a0 Coordenadora: Maria Fernanda\u00a0Silva Departamento de Express\u00f5es e Tecnologia Coordenador: Carlos Dinis Fernandes Departamento de Matem\u00e1tica e Inform\u00e1tica Coordenador: Manuel Cordeiro Departamento [&hellip;]<\/p>\n","protected":false},"author":3,"featured_media":0,"parent":0,"menu_order":0,"comment_status":"closed","ping_status":"closed","template":"elementor_header_footer","meta":{"_eb_attr":"","site-sidebar-layout":"no-sidebar","site-content-layout":"page-builder","ast-site-content-layout":"default","site-content-style":"default","site-sidebar-style":"default","ast-global-header-display":"","ast-banner-title-visibility":"","ast-main-header-display":"","ast-hfb-above-header-display":"","ast-hfb-below-header-display":"","ast-hfb-mobile-header-display":"","site-post-title":"disabled","ast-breadcrumbs-content":"","ast-featured-img":"disabled","footer-sml-layout":"","theme-transparent-header-meta":"","adv-header-id-meta":"","stick-header-meta":"","header-above-stick-meta":"","header-main-stick-meta":"","header-below-stick-meta":"","astra-migrate-meta-layouts":"default","ast-page-background-enabled":"default","ast-page-background-meta":{"desktop":{"background-color":"","background-image":"","background-repeat":"repeat","background-position":"center center","background-size":"auto","background-attachment":"scroll","background-type":"","background-media":"","overlay-type":"","overlay-color":"","overlay-opacity":"","overlay-gradient":""},"tablet":{"background-color":"","background-image":"","background-repeat":"repeat","background-position":"center center","background-size":"auto","background-attachment":"scroll","background-type":"","background-media":"","overlay-type":"","overlay-color":"","overlay-opacity":"","overlay-gradient":""},"mobile":{"background-color":"","background-image":"","background-repeat":"repeat","background-position":"center center","background-size":"auto","background-attachment":"scroll","background-type":"","background-media":"","overlay-type":"","overlay-color":"","overlay-opacity":"","overlay-gradient":""}},"ast-content-background-meta":{"desktop":{"background-color":"var(--ast-global-color-5)","background-image":"","background-repeat":"repeat","background-position":"center center","background-size":"auto","background-attachment":"scroll","background-type":"","background-media":"","overlay-type":"","overlay-color":"","overlay-opacity":"","overlay-gradient":""},"tablet":{"background-color":"var(--ast-global-color-5)","background-image":"","background-repeat":"repeat","background-position":"center center","background-size":"auto","background-attachment":"scroll","background-type":"","background-media":"","overlay-type":"","overlay-color":"","overlay-opacity":"","overlay-gradient":""},"mobile":{"background-color":"var(--ast-global-color-5)","background-image":"","background-repeat":"repeat","background-position":"center center","background-size":"auto","background-attachment":"scroll","background-type":"","background-media":"","overlay-type":"","overlay-color":"","overlay-opacity":"","overlay-gradient":""}},"footnotes":""},"class_list":["post-861","page","type-page","status-publish","hentry"],"_links":{"self":[{"href":"https:\/\/www.aeabadebacal.pt\/index.php\/wp-json\/wp\/v2\/pages\/861","targetHints":{"allow":["GET"]}}],"collection":[{"href":"https:\/\/www.aeabadebacal.pt\/index.php\/wp-json\/wp\/v2\/pages"}],"about":[{"href":"https:\/\/www.aeabadebacal.pt\/index.php\/wp-json\/wp\/v2\/types\/page"}],"author":[{"embeddable":true,"href":"https:\/\/www.aeabadebacal.pt\/index.php\/wp-json\/wp\/v2\/users\/3"}],"replies":[{"embeddable":true,"href":"https:\/\/www.aeabadebacal.pt\/index.php\/wp-json\/wp\/v2\/comments?post=861"}],"version-history":[{"count":0,"href":"https:\/\/www.aeabadebacal.pt\/index.php\/wp-json\/wp\/v2\/pages\/861\/revisions"}],"wp:attachment":[{"href":"https:\/\/www.aeabadebacal.pt\/index.php\/wp-json\/wp\/v2\/media?parent=861"}],"curies":[{"name":"wp","href":"https:\/\/api.w.org\/{rel}","templated":true}]}}